{"id":12988,"date":"2020-09-15T15:43:49","date_gmt":"2020-09-15T14:43:49","guid":{"rendered":"https:\/\/dijkkamp.questo.nl\/ba36\/"},"modified":"2022-07-04T08:58:58","modified_gmt":"2022-07-04T07:58:58","slug":"ba36","status":"publish","type":"page","link":"https:\/\/www.dijkkamp.nl\/en\/branches\/construction-industry\/balusters\/ba36\/","title":{"rendered":"BA36"},"content":{"rendered":"<section class=\"l-section wpb_row us_custom_a5c26bf8 height_auto\"><div class=\"l-section-overlay\" style=\"background:#efefef\"><\/div><div class=\"l-section-h i-cf\"><div class=\"g-cols vc_row via_flex valign_top type_default stacking_default\"><div class=\"vc_col-sm-12 wpb_column vc_column_container has_bg_color\"><div class=\"vc_column-inner us_custom_99b5c86f\"><div class=\"wpb_wrapper\"><div class=\"g-cols wpb_row via_flex valign_top type_boxes stacking_default\"><div class=\"vc_col-sm-2\/5 wpb_column vc_column_container has_bg_color\"><div class=\"vc_column-inner us_custom_20615fe5\"><div class=\"wpb_wrapper\"><div class=\"w-separator size_custom\" style=\"height:14px\"><\/div><div class=\"w-slider style_none fit_scaledown nav_dots count_2\"><div class=\"w-slider-h\"><div class=\"royalSlider\"><div class=\"rsContent\"><a class=\"rsImg\" data-rsw=\"1134\" data-rsh=\"1134\" href=\"https:\/\/www.dijkkamp.nl\/wp-content\/uploads\/2020\/01\/Baluster_BA36_Maatvoering.jpg\"><span data-alt=\"\"><\/span><\/a><\/div><div class=\"rsContent\"><a class=\"rsImg\" data-rsw=\"650\" data-rsh=\"650\" href=\"https:\/\/www.dijkkamp.nl\/wp-content\/uploads\/2019\/12\/Baluster_BA36-2.jpg\"><span data-alt=\"\"><\/span><\/a><\/div><\/div><img decoding=\"async\" src=\"https:\/\/www.dijkkamp.nl\/wp-content\/uploads\/2020\/01\/Baluster_BA36_Maatvoering.jpg\" width=\"1134\" height=\"1134\" alt loading=\"lazy\"><\/div><div class=\"w-slider-json\" onclick='return {&quot;autoScaleSlider&quot;:true,&quot;addActiveClass&quot;:true,&quot;loop&quot;:true,&quot;fadeInLoadedSlide&quot;:false,&quot;slidesSpacing&quot;:0,&quot;imageScalePadding&quot;:0,&quot;numImagesToPreload&quot;:2,&quot;arrowsNav&quot;:true,&quot;arrowsNavAutoHide&quot;:true,&quot;transitionType&quot;:&quot;move&quot;,&quot;transitionSpeed&quot;:375,&quot;block&quot;:{&quot;moveEffect&quot;:&quot;none&quot;,&quot;speed&quot;:300},&quot;thumbs&quot;:{&quot;fitInViewport&quot;:false,&quot;firstMargin&quot;:false,&quot;spacing&quot;:4},&quot;controlNavigation&quot;:&quot;bullets&quot;,&quot;autoScaleSliderWidth&quot;:1134,&quot;autoScaleSliderHeight&quot;:1134}'><\/div><\/div><\/div><\/div><\/div><div class=\"vc_col-sm-3\/5 wpb_column vc_column_container BalusterInfo has_bg_color\"><div class=\"vc_column-inner us_custom_6cc35540\"><div class=\"wpb_wrapper\"><div class=\"wpb_text_column\"><div class=\"wpb_wrapper\"><table class=\"BalusterTitle\" style=\"width: 100%;\">\n<tbody>\n<tr>\n<th style=\"text-align: left;\">\n<h2>Baluster &#8211; BA36<\/h2>\n<\/th>\n<td style=\"text-align: right; line-height: 2.5rem; font-size: 22px;\"><a href=\"\/en\/branches\/construction-industry\/balusters\/ba35\/\"><i class=\"fas fa-chevron-left\"><\/i>\u00a0<\/a>\u00a0<span style=\"font-size: 28px;\">|<\/span>\u00a0<a href=\"\/en\/branches\/construction-industry\/balusters\/ba37\/\">\u00a0<i class=\"fas fa-chevron-right\"><\/i><\/a><\/td>\n<\/tr>\n<\/tbody>\n<\/table>\n<\/div><\/div><div class=\"wpb_text_column\"><div class=\"wpb_wrapper\"><div>\n<table class=\"BalusterTable\" width=\"100%\">\n<tbody>\n<tr>\n<th style=\"text-align: left;\">Material<\/th>\n<td>Cast iron<\/td>\n<\/tr>\n<tr>\n<td colspan=\"4\">\n<div style=\"width: 100%; float: left;\">\n<hr \/>\n<\/div>\n<\/td>\n<\/tr>\n<tr>\n<th style=\"text-align: left;\">Total length<\/th>\n<td>985 mm.<\/td>\n<\/tr>\n<tr>\n<td colspan=\"4\">\n<div style=\"width: 100%; float: left;\">\n<hr \/>\n<\/div>\n<\/td>\n<\/tr>\n<tr>\n<th style=\"text-align: left;\">Base dimension<\/th>\n<td>\u00d8 73 mm.<\/td>\n<\/tr>\n<tr>\n<td colspan=\"4\">\n<div style=\"width: 100%; float: left;\">\n<hr \/>\n<\/div>\n<\/td>\n<\/tr>\n<tr>\n<th style=\"text-align: left;\">Top hole<\/th>\n<td>\u00d8 31 mm.<\/td>\n<\/tr>\n<tr>\n<td colspan=\"4\">\n<div style=\"width: 100%; float: left;\">\n<hr \/>\n<\/div>\n<\/td>\n<\/tr>\n<tr>\n<th style=\"text-align: left;\">Bottom hole<\/th>\n<td>\u00d8 31 mm.<\/td>\n<\/tr>\n<tr>\n<td colspan=\"4\">\n<div style=\"width: 100%; float: left;\">\n<hr \/>\n<\/div>\n<\/td>\n<\/tr>\n<tr>\n<th style=\"text-align: left;\">Height top hole<\/th>\n<td>845 mm.<\/td>\n<\/tr>\n<tr>\n<td colspan=\"4\">\n<div style=\"width: 100%; float: left;\">\n<hr \/>\n<\/div>\n<\/td>\n<\/tr>\n<tr>\n<th style=\"text-align: left;\">Height bottom hole<\/th>\n<td>446 mm.<\/td>\n<\/tr>\n<tr>\n<td colspan=\"4\">\n<div style=\"width: 100%; float: left;\">\n<hr \/>\n<\/div>\n<\/td>\n<\/tr>\n<tr>\n<th style=\"text-align: left;\">Threaded rod (steel)<\/th>\n<td>M24 x 145 mm.<\/td>\n<\/tr>\n<tr>\n<td colspan=\"4\">\n<div style=\"width: 100%; float: left;\">\n<hr \/>\n<\/div>\n<\/td>\n<\/tr>\n<\/tbody>\n<\/table>\n<\/div>\n<\/div><\/div><div class=\"wpb_text_column\"><div class=\"wpb_wrapper\"><h6 style=\"margin-bottom: 0px;\"><strong>Alternative<\/strong><\/h6>\n<div>\n<div>\n<table class=\"BalusterTable\" style=\"margin-top: 17px;\" width=\"100%\">\n<tbody>\n<tr>\n<th style=\"text-align: left;\">Anchor rod<\/th>\n<td>50\/60 x 70 mm.<\/td>\n<\/tr>\n<tr>\n<td colspan=\"4\">\n<div style=\"width: 100%; float: left;\">\n<hr \/>\n<\/div>\n<\/td>\n<\/tr>\n<\/tbody>\n<\/table>\n<\/div>\n<\/div>\n<\/div><\/div><div class=\"w-btn-wrapper align_none\"><a class=\"w-btn us-btn-style_1 us_custom_f73f4019\" title=\"Download PDF\" target=\" _blank\" rel=\"nofollow\" href=\"\/wp-content\/uploads\/2020\/07\/Baluster_BA36_EN.pdf\"><span class=\"w-btn-label\">Download PDF<\/span><\/a><\/div><\/div><\/div><\/div><\/div><\/div><\/div><\/div><\/div><\/div><\/section><section class=\"l-section wpb_row height_medium\"><div class=\"l-section-overlay\" style=\"background:#efefef\"><\/div><div class=\"l-section-h i-cf\"><div class=\"g-cols vc_row via_flex valign_top type_default stacking_default\"><div class=\"vc_col-sm-12 wpb_column vc_column_container\"><div class=\"vc_column-inner\"><div class=\"wpb_wrapper\"><div class=\"wpb_text_column us_custom_33c3a0a5\"><div class=\"wpb_wrapper\"><h2 style=\"text-align: center;\"><span style=\"color: #303030;\">WE ARE HAPPY TO HELP YOU<\/span><\/h2>\n<p style=\"text-align: center;\"><span style=\"color: #303030;\">This website presents you a first impression of our family business and our products.<\/span><br \/>\n<span style=\"color: #303030;\">But of course there is much more to tell. We are happy to help you!<\/span><\/p>\n<\/div><\/div><\/div><\/div><\/div><\/div><\/div><\/section><section class=\"l-section wpb_row height_medium with_img\"><div class=\"l-section-img\" role=\"img\" aria-label=\"Image\" data-img-width=\"1700\" data-img-height=\"471\" style=\"background-image: url(https:\/\/www.dijkkamp.nl\/wp-content\/uploads\/2015\/06\/Gieterij-Dijkkamp_Slide-1.jpeg);background-repeat: no-repeat;\"><\/div><div class=\"l-section-overlay\" style=\"background:rgba(48,48,48,0.55)\"><\/div><div class=\"l-section-h i-cf\"><div class=\"g-cols vc_row via_flex valign_top type_default stacking_default\"><div class=\"vc_col-sm-12 wpb_column vc_column_container\"><div class=\"vc_column-inner\"><div class=\"wpb_wrapper\"><div class=\"g-cols wpb_row via_flex valign_top type_boxes stacking_default\"><div class=\"vc_col-sm-6 wpb_column vc_column_container has_bg_color\"><div class=\"vc_column-inner us_custom_6f17d6a3\"><div class=\"wpb_wrapper\"><div class=\"wpb_text_column\"><div class=\"wpb_wrapper\"><h3>ANY QUESTIONS?<\/h3>\n<p>Of course we cannot tell all \u2018secrets\u2019 on our website. For more information or specific information, please do not hesitate to contact us.<\/p>\n<\/div><\/div><div class=\"w-btn-wrapper align_none\"><a class=\"w-btn us-btn-style_7\" title=\"Contact us\" href=\"\/en\/contact\/\"><span class=\"w-btn-label\">Contact us<\/span><\/a><\/div><\/div><\/div><\/div><div class=\"vc_col-sm-6 wpb_column vc_column_container has_bg_color\"><div class=\"vc_column-inner us_custom_ae00dbaa\"><div class=\"wpb_wrapper\"><div class=\"wpb_text_column\"><div class=\"wpb_wrapper\"><h3>APPLY FOR AN OFFER?<\/h3>\n<p>You know exactly what you need? Then go directly to our quotation page and fill in the complete form. You will receive a suitable offer from us in the short term.<\/p>\n<\/div><\/div><div class=\"w-btn-wrapper align_none\"><a class=\"w-btn us-btn-style_7\" title=\"Apply for an offer\" href=\"\/en\/offer\/\"><span class=\"w-btn-label\">Apply for an offer<\/span><\/a><\/div><\/div><\/div><\/div><\/div><\/div><\/div><\/div><\/div><\/div><\/section>\n","protected":false},"excerpt":{"rendered":"Baluster &#8211; BA36 \u00a0\u00a0|\u00a0\u00a0 Material Cast iron Total length 985 mm. Base dimension \u00d8 73 mm. Top hole \u00d8 31 mm. Bottom hole \u00d8 31 mm. Height top hole 845 mm. Height bottom hole 446 mm. Threaded rod (steel) M24 x 145 mm. Alternative Anchor rod 50\/60 x 70 mm. Download PDFWE ARE HAPPY TO...","protected":false},"author":11,"featured_media":0,"parent":4435,"menu_order":0,"comment_status":"closed","ping_status":"closed","template":"","meta":{"_seopress_robots_primary_cat":"","_seopress_titles_title":"","_seopress_titles_desc":"","_seopress_robots_index":"","footnotes":""},"class_list":["post-12988","page","type-page","status-publish","hentry"],"_links":{"self":[{"href":"https:\/\/www.dijkkamp.nl\/en\/wp-json\/wp\/v2\/pages\/12988","targetHints":{"allow":["GET"]}}],"collection":[{"href":"https:\/\/www.dijkkamp.nl\/en\/wp-json\/wp\/v2\/pages"}],"about":[{"href":"https:\/\/www.dijkkamp.nl\/en\/wp-json\/wp\/v2\/types\/page"}],"author":[{"embeddable":true,"href":"https:\/\/www.dijkkamp.nl\/en\/wp-json\/wp\/v2\/users\/11"}],"replies":[{"embeddable":true,"href":"https:\/\/www.dijkkamp.nl\/en\/wp-json\/wp\/v2\/comments?post=12988"}],"version-history":[{"count":0,"href":"https:\/\/www.dijkkamp.nl\/en\/wp-json\/wp\/v2\/pages\/12988\/revisions"}],"up":[{"embeddable":true,"href":"https:\/\/www.dijkkamp.nl\/en\/wp-json\/wp\/v2\/pages\/4435"}],"wp:attachment":[{"href":"https:\/\/www.dijkkamp.nl\/en\/wp-json\/wp\/v2\/media?parent=12988"}],"curies":[{"name":"wp","href":"https:\/\/api.w.org\/{rel}","templated":true}]}}