{"id":7238,"date":"2017-02-16T13:33:01","date_gmt":"2017-02-16T12:33:01","guid":{"rendered":"https:\/\/dijkkamp.questo.nl\/?page_id=7238"},"modified":"2022-06-21T14:32:01","modified_gmt":"2022-06-21T13:32:01","slug":"gg20-fur-bruckenpfosten","status":"publish","type":"page","link":"https:\/\/www.dijkkamp.nl\/de\/gg20-fur-bruckenpfosten\/","title":{"rendered":"GG20 f\u00fcr Br\u00fcckenpfosten"},"content":{"rendered":"<section class=\"l-section wpb_row us_custom_d30c5f4c height_auto\"><div class=\"l-section-overlay\" style=\"background:#efefef\"><\/div><div class=\"l-section-h i-cf\"><div class=\"g-cols vc_row via_flex valign_top type_default stacking_default\"><div class=\"vc_col-sm-12 wpb_column vc_column_container has_bg_color\"><div class=\"vc_column-inner us_custom_1962d515\"><div class=\"wpb_wrapper\"><div class=\"wpb_text_column\"><div class=\"wpb_wrapper\"><h2>GG20 f\u00fcr Br\u00fcckenpfosten<\/h2>\n<\/div><\/div><div class=\"g-cols wpb_row via_flex valign_top type_default stacking_default\"><div class=\"vc_col-sm-8 wpb_column vc_column_container\"><div class=\"vc_column-inner\"><div class=\"wpb_wrapper\"><div class=\"wpb_text_column us_custom_5e04f046\"><div class=\"wpb_wrapper\"><p>Wenn Sie in Amsterdam eine Br\u00fccke sehen, die in den letzten 30 Jahren erneuert wurde, sehen Sie von uns <strong>gegossene Br\u00fcckenpfosten<\/strong>. Wir besitzen s\u00e4mtliche Gussformen der von der Stadt Amsterdam verwendeten Stra\u00dfenpoller und liefern regelm\u00e4\u00dfig aus <strong>GG20 gegossene Pfosten<\/strong>. <a href=\"\/de\/material\/gg20-en-gjl-200\/\">GG20<\/a> wird auch f\u00fcr kleine Gel\u00e4nder eingesetzt<\/p>\n<p>Au\u00dfer an Amsterdam liefern wir <strong>Baluster<\/strong> an Utrecht, Purmerend, Alkmaar, Dordrecht und Bergen op Zoom. Jede Stadt hat ihre eigene Identit\u00e4t in der Gestaltung ihrer Br\u00fcckenpfosten.<\/p>\n<\/div><\/div><div class=\"w-separator size_custom\" style=\"height:8px\"><\/div><\/div><\/div><\/div><div class=\"vc_col-sm-4 wpb_column vc_column_container\"><div class=\"vc_column-inner\"><div class=\"wpb_wrapper\"><div class=\"w-image align_center\"><div class=\"w-image-h\"><img decoding=\"async\" width=\"800\" height=\"600\" src=\"https:\/\/www.dijkkamp.nl\/wp-content\/uploads\/2019\/11\/GG20_voor_grachtenpalen.jpg\" class=\"attachment-full size-full\" alt=\"\" loading=\"lazy\" srcset=\"https:\/\/www.dijkkamp.nl\/wp-content\/uploads\/2019\/11\/GG20_voor_grachtenpalen.jpg 800w, https:\/\/www.dijkkamp.nl\/wp-content\/uploads\/2019\/11\/GG20_voor_grachtenpalen-300x225.jpg 300w, https:\/\/www.dijkkamp.nl\/wp-content\/uploads\/2019\/11\/GG20_voor_grachtenpalen-768x576.jpg 768w\" sizes=\"auto, (max-width: 800px) 100vw, 800px\" \/><\/div><\/div><\/div><\/div><\/div><\/div><\/div><\/div><\/div><\/div><\/div><\/section><section class=\"l-section wpb_row height_medium\"><div class=\"l-section-overlay\" style=\"background:#efefef\"><\/div><div class=\"l-section-h i-cf\"><div class=\"g-cols vc_row via_flex valign_top type_default stacking_default\"><div class=\"vc_col-sm-12 wpb_column vc_column_container\"><div class=\"vc_column-inner\"><div class=\"wpb_wrapper\"><div class=\"wpb_text_column us_custom_33c3a0a5\"><div class=\"wpb_wrapper\"><h2 style=\"text-align: center;\"><span style=\"color: #303030;\">WIR WERDEN IHNEN GERNE HELFEN<\/span><\/h2>\n<p style=\"text-align: center;\"><span style=\"color: #303030;\">Diese Website verschafft Ihnen einen ersten Eindruck von unserem Familienbetrieb und unseren Produkten.<\/span><br \/>\n<span style=\"color: #303030;\">Aber nat\u00fcrlich gibt es noch viel mehr zu erz\u00e4hlen. Wir helfen Ihnen gerne weiter!<\/span><\/p>\n<\/div><\/div><\/div><\/div><\/div><\/div><\/div><\/section><section class=\"l-section wpb_row height_medium with_img\"><div class=\"l-section-img\" role=\"img\" aria-label=\"Bild\" data-img-width=\"1700\" data-img-height=\"471\" style=\"background-image: url(https:\/\/www.dijkkamp.nl\/wp-content\/uploads\/2015\/06\/Gieterij-Dijkkamp_Slide-1.jpeg);background-repeat: no-repeat;\"><\/div><div class=\"l-section-overlay\" style=\"background:rgba(48,48,48,0.55)\"><\/div><div class=\"l-section-h i-cf\"><div class=\"g-cols vc_row via_flex valign_top type_default stacking_default\"><div class=\"vc_col-sm-12 wpb_column vc_column_container\"><div class=\"vc_column-inner\"><div class=\"wpb_wrapper\"><div class=\"g-cols wpb_row via_flex valign_top type_boxes stacking_default\"><div class=\"vc_col-sm-6 wpb_column vc_column_container has_bg_color\"><div class=\"vc_column-inner us_custom_6f17d6a3\"><div class=\"wpb_wrapper\"><div class=\"wpb_text_column\"><div class=\"wpb_wrapper\"><h3>HABEN SIE FRAGEN?<\/h3>\n<p>Auf unserer Website k\u00f6nnen wir nat\u00fcrlich nicht alle \u2018Geheimrezepte\u2019 verraten, Sie k\u00f6nnen uns jedoch unten stehend (oder pers\u00f6nlich) alle Fragen stellen, die Sie m\u00f6chten.<\/p>\n<\/div><\/div><div class=\"w-btn-wrapper align_none\"><a class=\"w-btn us-btn-style_7\" title=\"Kontaktieren Sie uns\" href=\"\/de\/kontakt\/\"><span class=\"w-btn-label\">Kontakt<\/span><\/a><\/div><\/div><\/div><\/div><div class=\"vc_col-sm-6 wpb_column vc_column_container has_bg_color\"><div class=\"vc_column-inner us_custom_ae00dbaa\"><div class=\"wpb_wrapper\"><div class=\"wpb_text_column\"><div class=\"wpb_wrapper\"><h3>ANGEBOT ANFORDERN?<\/h3>\n<p>Wissen Sie genau, was Sie brauchen? Dann gehen Sie direkt zu unserer Angebotsseite und f\u00fcllen Sie das vollst\u00e4ndige Formular aus. Sie erhalten dann kurzfristig ein passendes Angebot von uns.<\/p>\n<\/div><\/div><div class=\"w-btn-wrapper align_none\"><a class=\"w-btn us-btn-style_7\" title=\"Fordern Sie sofort ein Angebot an\" href=\"\/de\/angebot\/\"><span class=\"w-btn-label\">Angebot anfordern<\/span><\/a><\/div><\/div><\/div><\/div><\/div><\/div><\/div><\/div><\/div><\/div><\/section>\n","protected":false},"excerpt":{"rendered":"GG20 f\u00fcr Br\u00fcckenpfosten Wenn Sie in Amsterdam eine Br\u00fccke sehen, die in den letzten 30 Jahren erneuert wurde, sehen Sie von uns gegossene Br\u00fcckenpfosten. Wir besitzen s\u00e4mtliche Gussformen der von der Stadt Amsterdam verwendeten Stra\u00dfenpoller und liefern regelm\u00e4\u00dfig aus GG20 gegossene Pfosten. GG20 wird auch f\u00fcr kleine Gel\u00e4nder eingesetzt Au\u00dfer an Amsterdam liefern wir Baluster...","protected":false},"author":11,"featured_media":0,"parent":0,"menu_order":0,"comment_status":"closed","ping_status":"closed","template":"","meta":{"_seopress_robots_primary_cat":"","_seopress_titles_title":"","_seopress_titles_desc":"","_seopress_robots_index":"","footnotes":""},"class_list":["post-7238","page","type-page","status-publish","hentry"],"_links":{"self":[{"href":"https:\/\/www.dijkkamp.nl\/de\/wp-json\/wp\/v2\/pages\/7238","targetHints":{"allow":["GET"]}}],"collection":[{"href":"https:\/\/www.dijkkamp.nl\/de\/wp-json\/wp\/v2\/pages"}],"about":[{"href":"https:\/\/www.dijkkamp.nl\/de\/wp-json\/wp\/v2\/types\/page"}],"author":[{"embeddable":true,"href":"https:\/\/www.dijkkamp.nl\/de\/wp-json\/wp\/v2\/users\/11"}],"replies":[{"embeddable":true,"href":"https:\/\/www.dijkkamp.nl\/de\/wp-json\/wp\/v2\/comments?post=7238"}],"version-history":[{"count":0,"href":"https:\/\/www.dijkkamp.nl\/de\/wp-json\/wp\/v2\/pages\/7238\/revisions"}],"wp:attachment":[{"href":"https:\/\/www.dijkkamp.nl\/de\/wp-json\/wp\/v2\/media?parent=7238"}],"curies":[{"name":"wp","href":"https:\/\/api.w.org\/{rel}","templated":true}]}}