{"id":7226,"date":"2017-02-16T13:27:03","date_gmt":"2017-02-16T12:27:03","guid":{"rendered":"https:\/\/dijkkamp.questo.nl\/?page_id=7226"},"modified":"2022-06-21T15:29:12","modified_gmt":"2022-06-21T14:29:12","slug":"g18nimocr36","status":"publish","type":"page","link":"https:\/\/www.dijkkamp.nl\/de\/material\/g18nimocr36\/","title":{"rendered":"G18NiMoCr36"},"content":{"rendered":"<section class=\"l-section wpb_row us_custom_21f802fb height_auto\"><div class=\"l-section-overlay\" style=\"background:#efefef\"><\/div><div class=\"l-section-h i-cf\"><div class=\"g-cols vc_row via_flex valign_top type_default stacking_default\"><div class=\"vc_col-sm-12 wpb_column vc_column_container has_bg_color\"><div class=\"vc_column-inner us_custom_f6d12e23\"><div class=\"wpb_wrapper\"><div class=\"wpb_text_column\"><div class=\"wpb_wrapper\"><h2>Merkmale von G18NiMoCr36<\/h2>\n<\/div><\/div><div class=\"wpb_text_column us_custom_fa9125e4\"><div class=\"wpb_wrapper\"><p>G18NiMoCr36 verf\u00fcgt \u00fcber ungekannte Festigkeit und ist best\u00e4ndig gegen Bruch und Risse. Das Material kann bei Temperaturen -40 \u00b0C tot +40 \u00b0C eingesetzt werden. Es kommt zur Anwendung in Fahrzeugen wie LKWs, Bussen und Baufahrzeugen, f\u00fcr hochbelastete Bauteile in Getriebe- und Kraft\u00fcbertragungseinheiten. Dar\u00fcber hinaus ist es geeignet f\u00fcr Hersteller von Anlagen und Ger\u00e4ten, f\u00fcr die Schwei\u00dff\u00e4higkeit und gute mechanische Eigenschaften von Bedeutung sind.<\/p>\n<p>Dieses Material geh\u00f6rt zu den Hochfestigkeitsst\u00e4hlen und wird mit Zertifikat geliefert. Dank der speziellen W\u00e4rmebehandlung ist dieses Material geeignet f\u00fcr Bauteile von Hebekr\u00e4nen, schweren Milit\u00e4rfahrzeugen und f\u00fcr die Schifffahrt.<\/p>\n<\/div><\/div><div class=\"g-cols wpb_row via_flex valign_top type_default stacking_default\"><div class=\"vc_col-sm-8 wpb_column vc_column_container\"><div class=\"vc_column-inner\"><div class=\"wpb_wrapper\"><div class=\"wpb_text_column us_custom_5e04f046\"><div class=\"wpb_wrapper\"><h6><strong>Normen \/ Bezeichnungen<\/strong><\/h6>\n<div>\n<div>\n<table class=\"Table2\" width=\"100%\">\n<tbody>\n<tr>\n<th style=\"text-align: left;\">EN 10293 (EU)<\/th>\n<td>G 18 NiMoCr 3-6<\/td>\n<\/tr>\n<tr>\n<td colspan=\"4\">\n<div style=\"width: 100%; float: left;\">\n<hr \/>\n<\/div>\n<\/td>\n<\/tr>\n<tr>\n<th style=\"text-align: left;\">SEW 520 (DE)<\/th>\n<td>G18NiMoCr36<\/td>\n<\/tr>\n<tr>\n<td colspan=\"4\">\n<div style=\"width: 100%; float: left;\">\n<hr \/>\n<\/div>\n<\/td>\n<\/tr>\n<tr>\n<th style=\"text-align: left;\">WERKSTOFFNUMMER (DE)<\/th>\n<td>1.6759<\/td>\n<\/tr>\n<tr>\n<td colspan=\"4\">\n<div style=\"width: 100%; float: left;\">\n<hr \/>\n<\/div>\n<\/td>\n<\/tr>\n<tr>\n<th style=\"text-align: left;\">ASTM A217 (US)<\/th>\n<td>WC4<\/td>\n<\/tr>\n<tr>\n<td colspan=\"4\">\n<div style=\"width: 100%; float: left;\">\n<hr \/>\n<\/div>\n<\/td>\n<\/tr>\n<\/tbody>\n<\/table>\n<\/div>\n<\/div>\n<\/div><\/div><\/div><\/div><\/div><div class=\"vc_col-sm-4 wpb_column vc_column_container\"><div class=\"vc_column-inner us_custom_5f0be54a\"><div class=\"wpb_wrapper\"><\/div><\/div><\/div><\/div><\/div><\/div><\/div><\/div><\/div><\/section><section class=\"l-section wpb_row us_custom_21f802fb height_auto\"><div class=\"l-section-overlay\" style=\"background:#efefef\"><\/div><div class=\"l-section-h i-cf\"><div class=\"g-cols vc_row via_flex valign_top type_default stacking_default\"><div class=\"vc_col-sm-12 wpb_column vc_column_container has_bg_color\"><div class=\"vc_column-inner us_custom_e4534688\"><div class=\"wpb_wrapper\"><div class=\"w-separator size_custom\" style=\"height:20px\"><\/div><div class=\"wpb_text_column\"><div class=\"wpb_wrapper\"><h6><strong>Mechanische Eigenschaften<\/strong><\/h6>\n<div>\n<div>\n<table class=\"Table3\" width=\"100%\">\n<tbody>\n<tr>\n<th style=\"text-align: left;\">Zugfestigkeit<\/th>\n<td>R<sub>m<\/sub><\/td>\n<td>780-930<\/td>\n<td>[N\/mm<sup>2<\/sup>]<\/td>\n<\/tr>\n<tr>\n<td colspan=\"4\">\n<div style=\"width: 100%; float: left;\">\n<hr \/>\n<\/div>\n<\/td>\n<\/tr>\n<tr>\n<th style=\"text-align: left;\">Dehnungsgrenze<\/th>\n<td>\u03c3 0.2B<\/td>\n<td>630<\/td>\n<td>[N\/mm<sup>2<\/sup>]<\/td>\n<\/tr>\n<tr>\n<td colspan=\"4\">\n<div style=\"width: 100%; float: left;\">\n<hr \/>\n<\/div>\n<\/td>\n<\/tr>\n<tr>\n<th style=\"text-align: left;\">Dehnungsfestigkeit<\/th>\n<td>A<\/td>\n<td>12<\/td>\n<td>[%]<\/td>\n<\/tr>\n<tr>\n<td colspan=\"4\">\n<div style=\"width: 100%; float: left;\">\n<hr \/>\n<\/div>\n<\/td>\n<\/tr>\n<tr>\n<th style=\"text-align: left;\">Brinellh\u00e4rte<\/th>\n<td>HB<sub>30<\/sub><\/td>\n<td>270-300<\/td>\n<td>[Kg\/mm<sup>2<\/sup>]<\/td>\n<\/tr>\n<tr>\n<td colspan=\"4\">\n<div style=\"width: 100%; float: left;\">\n<hr \/>\n<\/div>\n<\/td>\n<\/tr>\n<\/tbody>\n<\/table>\n<\/div>\n<\/div>\n<\/div><\/div><div class=\"w-separator size_small\"><\/div><div class=\"wpb_text_column\"><div class=\"wpb_wrapper\"><h6><strong>Chemische Zusammensetzung<\/strong><\/h6>\n<div>\n<table class=\"Table3\" width=\"100%\">\n<tbody>\n<tr>\n<th style=\"text-align: left;\">Kohlenstoff<\/th>\n<td>C<\/td>\n<td>0.17-0.22<\/td>\n<td>[%]<\/td>\n<\/tr>\n<tr>\n<td colspan=\"4\">\n<div style=\"width: 100%; float: left;\">\n<hr \/>\n<\/div>\n<\/td>\n<\/tr>\n<tr>\n<th style=\"text-align: left;\">Silizium<\/th>\n<td>Si<\/td>\n<td>0.60<\/td>\n<td>[%]<\/td>\n<\/tr>\n<tr>\n<td colspan=\"4\">\n<div style=\"width: 100%; float: left;\">\n<hr \/>\n<\/div>\n<\/td>\n<\/tr>\n<tr>\n<th style=\"text-align: left;\">Mangan<\/th>\n<td>Mn<\/td>\n<td>0.80-1.20<\/td>\n<td>[%]<\/td>\n<\/tr>\n<tr>\n<td colspan=\"4\">\n<div style=\"width: 100%; float: left;\">\n<hr \/>\n<\/div>\n<\/td>\n<\/tr>\n<tr>\n<th style=\"text-align: left;\">Chrom<\/th>\n<td>Cr<\/td>\n<td>0.40-0.90<\/td>\n<td>[%]<\/td>\n<\/tr>\n<tr>\n<td colspan=\"4\">\n<div style=\"width: 100%; float: left;\">\n<hr \/>\n<\/div>\n<\/td>\n<\/tr>\n<tr>\n<th style=\"text-align: left;\">Nickel<\/th>\n<td>Ni<\/td>\n<td>0.60-1.00<\/td>\n<td>[%]<\/td>\n<\/tr>\n<tr>\n<td colspan=\"4\">\n<div style=\"width: 100%; float: left;\">\n<hr \/>\n<\/div>\n<\/td>\n<\/tr>\n<tr>\n<th style=\"text-align: left;\">Molybd\u00e4n<\/th>\n<td>Mo<\/td>\n<td>0.40-0.70<\/td>\n<td>[%]<\/td>\n<\/tr>\n<tr>\n<td colspan=\"4\">\n<div style=\"width: 100%; float: Eisen;\">\n<hr \/>\n<\/div>\n<\/td>\n<\/tr>\n<tr>\n<th style=\"text-align: left;\">IJzer<\/th>\n<td>Fe<\/td>\n<td>Rest<\/td>\n<td><\/td>\n<\/tr>\n<tr>\n<td colspan=\"4\">\n<div style=\"width: 100%; float: left;\">\n<hr \/>\n<\/div>\n<\/td>\n<\/tr>\n<\/tbody>\n<\/table>\n<\/div>\n<\/div><\/div><\/div><\/div><\/div><\/div><\/div><\/section><section class=\"l-section wpb_row height_medium\"><div class=\"l-section-overlay\" style=\"background:#efefef\"><\/div><div class=\"l-section-h i-cf\"><div class=\"g-cols vc_row via_flex valign_top type_default stacking_default\"><div class=\"vc_col-sm-12 wpb_column vc_column_container\"><div class=\"vc_column-inner\"><div class=\"wpb_wrapper\"><div class=\"wpb_text_column us_custom_8e09cc6b\"><div class=\"wpb_wrapper\"><h2 style=\"text-align: center;\"><span style=\"color: #303030;\">WIR WERDEN IHNEN GERNE HELFEN<\/span><\/h2>\n<p style=\"text-align: center;\"><span style=\"color: #303030;\">Diese Website verschafft Ihnen einen ersten Eindruck von unserem Familienbetrieb und unseren Produkten.<\/span><br \/>\n<span style=\"color: #303030;\">Aber nat\u00fcrlich gibt es noch viel mehr zu erz\u00e4hlen. Wir helfen Ihnen gerne weiter!<\/span><\/p>\n<\/div><\/div><\/div><\/div><\/div><\/div><\/div><\/section><section class=\"l-section wpb_row height_medium with_img\"><div class=\"l-section-img\" role=\"img\" aria-label=\"Bild\" data-img-width=\"1700\" data-img-height=\"471\" style=\"background-image: url(https:\/\/www.dijkkamp.nl\/wp-content\/uploads\/2015\/06\/Gieterij-Dijkkamp_Slide-1.jpeg);background-repeat: no-repeat;\"><\/div><div class=\"l-section-overlay\" style=\"background:rgba(48,48,48,0.55)\"><\/div><div class=\"l-section-h i-cf\"><div class=\"g-cols vc_row via_flex valign_top type_default stacking_default\"><div class=\"vc_col-sm-12 wpb_column vc_column_container\"><div class=\"vc_column-inner\"><div class=\"wpb_wrapper\"><div class=\"g-cols wpb_row via_flex valign_top type_boxes stacking_default\"><div class=\"vc_col-sm-6 wpb_column vc_column_container has_bg_color\"><div class=\"vc_column-inner us_custom_6f17d6a3\"><div class=\"wpb_wrapper\"><div class=\"wpb_text_column\"><div class=\"wpb_wrapper\"><h3>HABEN SIE FRAGEN?<\/h3>\n<p>Auf unserer Website k\u00f6nnen wir nat\u00fcrlich nicht alle \u2018Geheimrezepte\u2019 verraten, Sie k\u00f6nnen uns jedoch unten stehend (oder pers\u00f6nlich) alle Fragen stellen, die Sie m\u00f6chten.<\/p>\n<\/div><\/div><div class=\"w-btn-wrapper align_none\"><a class=\"w-btn us-btn-style_7\" title=\"Kontaktieren Sie uns\" href=\"\/de\/kontakt\/\"><span class=\"w-btn-label\">Kontakt<\/span><\/a><\/div><\/div><\/div><\/div><div class=\"vc_col-sm-6 wpb_column vc_column_container has_bg_color\"><div class=\"vc_column-inner us_custom_ae00dbaa\"><div class=\"wpb_wrapper\"><div class=\"wpb_text_column\"><div class=\"wpb_wrapper\"><h3>ANGEBOT ANFORDERN?<\/h3>\n<p>Wissen Sie genau, was Sie brauchen? Dann gehen Sie direkt zu unserer Angebotsseite und f\u00fcllen Sie das vollst\u00e4ndige Formular aus. Sie erhalten dann kurzfristig ein passendes Angebot von uns.<\/p>\n<\/div><\/div><div class=\"w-btn-wrapper align_none\"><a class=\"w-btn us-btn-style_7\" title=\"Fordern Sie sofort ein Angebot an\" href=\"\/de\/angebot\/\"><span class=\"w-btn-label\">Angebot anfordern<\/span><\/a><\/div><\/div><\/div><\/div><\/div><\/div><\/div><\/div><\/div><\/div><\/section>\n","protected":false},"excerpt":{"rendered":"Merkmale von G18NiMoCr36 G18NiMoCr36 verf\u00fcgt \u00fcber ungekannte Festigkeit und ist best\u00e4ndig gegen Bruch und Risse. Das Material kann bei Temperaturen -40 \u00b0C tot +40 \u00b0C eingesetzt werden. Es kommt zur Anwendung in Fahrzeugen wie LKWs, Bussen und Baufahrzeugen, f\u00fcr hochbelastete Bauteile in Getriebe- und Kraft\u00fcbertragungseinheiten. Dar\u00fcber hinaus ist es geeignet f\u00fcr Hersteller von Anlagen und...","protected":false},"author":11,"featured_media":0,"parent":4448,"menu_order":0,"comment_status":"closed","ping_status":"closed","template":"","meta":{"_seopress_robots_primary_cat":"","_seopress_titles_title":"G18NiMoCr36 Gietstaal | Gieterij Dijkkamp Zaandam","_seopress_titles_desc":"G18NiMoCr36 verf\u00fcgt \u00fcber ungekannte Festigkeit und ist best\u00e4ndig gegen Bruch und Risse. Es kommt zur Anwendung in Fahrzeugen wie LKWs, Bussen und Baufahrzeugen, f\u00fcr hochbelastete Bauteile.","_seopress_robots_index":"","footnotes":""},"class_list":["post-7226","page","type-page","status-publish","hentry"],"_links":{"self":[{"href":"https:\/\/www.dijkkamp.nl\/de\/wp-json\/wp\/v2\/pages\/7226","targetHints":{"allow":["GET"]}}],"collection":[{"href":"https:\/\/www.dijkkamp.nl\/de\/wp-json\/wp\/v2\/pages"}],"about":[{"href":"https:\/\/www.dijkkamp.nl\/de\/wp-json\/wp\/v2\/types\/page"}],"author":[{"embeddable":true,"href":"https:\/\/www.dijkkamp.nl\/de\/wp-json\/wp\/v2\/users\/11"}],"replies":[{"embeddable":true,"href":"https:\/\/www.dijkkamp.nl\/de\/wp-json\/wp\/v2\/comments?post=7226"}],"version-history":[{"count":0,"href":"https:\/\/www.dijkkamp.nl\/de\/wp-json\/wp\/v2\/pages\/7226\/revisions"}],"up":[{"embeddable":true,"href":"https:\/\/www.dijkkamp.nl\/de\/wp-json\/wp\/v2\/pages\/4448"}],"wp:attachment":[{"href":"https:\/\/www.dijkkamp.nl\/de\/wp-json\/wp\/v2\/media?parent=7226"}],"curies":[{"name":"wp","href":"https:\/\/api.w.org\/{rel}","templated":true}]}}