{"id":7208,"date":"2017-02-16T11:53:31","date_gmt":"2017-02-16T10:53:31","guid":{"rendered":"https:\/\/dijkkamp.questo.nl\/?page_id=7208"},"modified":"2022-06-21T15:15:41","modified_gmt":"2022-06-21T14:15:41","slug":"gg20-en-gjl-200","status":"publish","type":"page","link":"https:\/\/www.dijkkamp.nl\/de\/material\/gg20-en-gjl-200\/","title":{"rendered":"GG20 \/ EN-GJL-200"},"content":{"rendered":"<section class=\"l-section wpb_row us_custom_21f802fb height_auto\"><div class=\"l-section-overlay\" style=\"background:#efefef\"><\/div><div class=\"l-section-h i-cf\"><div class=\"g-cols vc_row via_flex valign_top type_default stacking_default\"><div class=\"vc_col-sm-12 wpb_column vc_column_container has_bg_color\"><div class=\"vc_column-inner us_custom_f6d12e23\"><div class=\"wpb_wrapper\"><div class=\"wpb_text_column\"><div class=\"wpb_wrapper\"><h2>Merkmale von GG20<\/h2>\n<\/div><\/div><div class=\"wpb_text_column us_custom_fa9125e4\"><div class=\"wpb_wrapper\"><p>GG20 bietet ausgezeichnete Bearbeitungsf\u00e4higkeit und ist sehr hitze- sowie korrosionsbest\u00e4ndig. Zudem bietet dieses Material hervorragende Endbearbeitungsm\u00f6glichkeiten und verf\u00fcgt \u00fcber ausgezeichnete Eigenschaften im Hinblick auf Schall- und Schwingungsd\u00e4mpfung. Die Festigkeit und Verschlei\u00dfbest\u00e4ndigkeit dieses Materials sind begrenzt.<\/p>\n<p>GG20 wird f\u00fcr alle Arten von Maschinenbauteilen verwendet, an die keine hohen mechanischen Anforderungen gestellt werden. Es ist zum Beispiel sehr geeignet f\u00fcr Rostst\u00e4be in alten Dampflokomotiven und f\u00fcr Rostbahnen in Dampfschiffen. GG20 wird auch f\u00fcr Stra\u00dfenmobiliar wie Zaun- und Br\u00fcckenpfosten eingesetzt, aber auch in der Gold- und Silberindustrie (Kokillen).<\/p>\n<\/div><\/div><div class=\"g-cols wpb_row via_flex valign_top type_default stacking_default\"><div class=\"vc_col-sm-8 wpb_column vc_column_container\"><div class=\"vc_column-inner\"><div class=\"wpb_wrapper\"><div class=\"wpb_text_column us_custom_5e04f046\"><div class=\"wpb_wrapper\"><h6><strong>Normen \/ Bezeichnungen<\/strong><\/h6>\n<div>\n<div>\n<table class=\"Table2\" width=\"100%\">\n<tbody>\n<tr>\n<th style=\"text-align: left;\">EN 1561 SYM (EU)<\/th>\n<td>EN-GJL-200<\/td>\n<\/tr>\n<tr>\n<td colspan=\"4\">\n<div style=\"width: 100%; float: left;\">\n<hr \/>\n<\/div>\n<\/td>\n<\/tr>\n<tr>\n<th style=\"text-align: left;\">EN 1561 NR (EU)<\/th>\n<td>EN-JL1030<\/td>\n<\/tr>\n<tr>\n<td colspan=\"4\">\n<div style=\"width: 100%; float: left;\">\n<hr \/>\n<\/div>\n<\/td>\n<\/tr>\n<tr>\n<th style=\"text-align: left;\">DIN 1691 (DE)<\/th>\n<td>GG20<\/td>\n<\/tr>\n<tr>\n<td colspan=\"4\">\n<div style=\"width: 100%; float: left;\">\n<hr \/>\n<\/div>\n<\/td>\n<\/tr>\n<tr>\n<th style=\"text-align: left;\">WERKSTOFFNUMMER (DE)<\/th>\n<td>0.6020<\/td>\n<\/tr>\n<tr>\n<td colspan=\"4\">\n<div style=\"width: 100%; float: left;\">\n<hr \/>\n<\/div>\n<\/td>\n<\/tr>\n<tr>\n<th style=\"text-align: left;\">ASTM A48 (US)<\/th>\n<td>30 B<\/td>\n<\/tr>\n<tr>\n<td colspan=\"4\">\n<div style=\"width: 100%; float: left;\">\n<hr \/>\n<\/div>\n<\/td>\n<\/tr>\n<tr>\n<th style=\"text-align: left;\">ALT<\/th>\n<td>GG 20, GG-20<\/td>\n<\/tr>\n<tr>\n<td colspan=\"4\">\n<div style=\"width: 100%; float: left;\">\n<hr \/>\n<\/div>\n<\/td>\n<\/tr>\n<\/tbody>\n<\/table>\n<\/div>\n<\/div>\n<\/div><\/div><\/div><\/div><\/div><div class=\"vc_col-sm-4 wpb_column vc_column_container\"><div class=\"vc_column-inner us_custom_5f0be54a\"><div class=\"wpb_wrapper\"><div class=\"w-image align_center\"><div class=\"w-image-h\"><img decoding=\"async\" width=\"800\" height=\"600\" src=\"https:\/\/www.dijkkamp.nl\/wp-content\/uploads\/2019\/10\/gg20.jpg\" class=\"attachment-full size-full\" alt=\"\" loading=\"lazy\" srcset=\"https:\/\/www.dijkkamp.nl\/wp-content\/uploads\/2019\/10\/gg20.jpg 800w, https:\/\/www.dijkkamp.nl\/wp-content\/uploads\/2019\/10\/gg20-300x225.jpg 300w, https:\/\/www.dijkkamp.nl\/wp-content\/uploads\/2019\/10\/gg20-768x576.jpg 768w\" sizes=\"auto, (max-width: 800px) 100vw, 800px\" \/><\/div><\/div><\/div><\/div><\/div><\/div><\/div><\/div><\/div><\/div><\/div><\/section><section class=\"l-section wpb_row us_custom_21f802fb height_auto\"><div class=\"l-section-overlay\" style=\"background:#efefef\"><\/div><div class=\"l-section-h i-cf\"><div class=\"g-cols vc_row via_flex valign_top type_default stacking_default\"><div class=\"vc_col-sm-12 wpb_column vc_column_container has_bg_color\"><div class=\"vc_column-inner us_custom_e4534688\"><div class=\"wpb_wrapper\"><div class=\"w-separator size_custom\" style=\"height:20px\"><\/div><div class=\"wpb_text_column\"><div class=\"wpb_wrapper\"><h6><strong>Mechanische Eigenschaften<\/strong><\/h6>\n<div>\n<div>\n<table class=\"Table3\" width=\"100%\">\n<tbody>\n<tr>\n<th style=\"text-align: left;\">Zugfestigkeit<\/th>\n<td>\u03c3 B<\/td>\n<td>200<\/td>\n<td>[N\/mm<sup>2<\/sup>]<\/td>\n<\/tr>\n<tr>\n<td colspan=\"4\">\n<div style=\"width: 100%; float: left;\">\n<hr \/>\n<\/div>\n<\/td>\n<\/tr>\n<tr>\n<th style=\"text-align: left;\">Dehnungsfestigkeit<\/th>\n<td>A<\/td>\n<td>0.3-0.8<\/td>\n<td>[%]<\/td>\n<\/tr>\n<tr>\n<td colspan=\"4\">\n<div style=\"width: 100%; float: left;\">\n<hr \/>\n<\/div>\n<\/td>\n<\/tr>\n<tr>\n<th style=\"text-align: left;\">Dehnungsgrenze<\/th>\n<td>\u03c3 bB<\/td>\n<td>400<\/td>\n<td>[N\/mm<sup>2<\/sup>]<\/td>\n<\/tr>\n<tr>\n<td colspan=\"4\">\n<div style=\"width: 100%; float: left;\">\n<hr \/>\n<\/div>\n<\/td>\n<\/tr>\n<tr>\n<th style=\"text-align: left;\">Druckbest\u00e4ndigkeit<\/th>\n<td>\u03c3 dB<\/td>\n<td>800<\/td>\n<td>[N\/mm<sup>2<\/sup>]<\/td>\n<\/tr>\n<tr>\n<td colspan=\"4\">\n<div style=\"width: 100%; float: left;\">\n<hr \/>\n<\/div>\n<\/td>\n<\/tr>\n<tr>\n<th style=\"text-align: left;\">Brinellh\u00e4rte<\/th>\n<td>HB<sub>30<\/sub><\/td>\n<td>170-210<\/td>\n<td>[Kg\/mm<sup>2<\/sup>]<\/td>\n<\/tr>\n<tr>\n<td colspan=\"4\">\n<div style=\"width: 100%; float: left;\">\n<hr \/>\n<\/div>\n<\/td>\n<\/tr>\n<tr>\n<th style=\"text-align: left;\">Elastizit\u00e4tsmodule<\/th>\n<td>E<sub>o<\/sub><\/td>\n<td>100<\/td>\n<td>[kN\/mm<sup>2<\/sup>]<\/td>\n<\/tr>\n<tr>\n<td colspan=\"4\">\n<div style=\"width: 100%; float: left;\">\n<hr \/>\n<\/div>\n<\/td>\n<\/tr>\n<tr>\n<th style=\"text-align: left;\">Scherspannung<\/th>\n<td>\u03c3<sub>aB<\/sub><\/td>\n<td>230<\/td>\n<td>[N\/mm<sup>2<\/sup>]<\/td>\n<\/tr>\n<tr>\n<td colspan=\"4\">\n<div style=\"width: 100%; float: left;\">\n<hr \/>\n<\/div>\n<\/td>\n<\/tr>\n<\/tbody>\n<\/table>\n<\/div>\n<\/div>\n<\/div><\/div><div class=\"w-separator size_small\"><\/div><div class=\"wpb_text_column\"><div class=\"wpb_wrapper\"><h6><strong>Chemische Zusammensetzung<\/strong><\/h6>\n<div>\n<div>\n<table class=\"Table3\" width=\"100%\">\n<tbody>\n<tr>\n<th style=\"text-align: left;\">Kohlenstoff<\/th>\n<td>C<\/td>\n<td>2.9-3.65<\/td>\n<td>[%]<\/td>\n<\/tr>\n<tr>\n<td colspan=\"4\">\n<div style=\"width: 100%; float: left;\">\n<hr \/>\n<\/div>\n<\/td>\n<\/tr>\n<tr>\n<th style=\"text-align: left;\">Silizium<\/th>\n<td>Si<\/td>\n<td>1.8-2.9<\/td>\n<td>[%]<\/td>\n<\/tr>\n<tr>\n<td colspan=\"4\">\n<div style=\"width: 100%; float: left;\">\n<hr \/>\n<\/div>\n<\/td>\n<\/tr>\n<tr>\n<th style=\"text-align: left;\">Mangan<\/th>\n<td>Mn<\/td>\n<td>0.5-0.7<\/td>\n<td>[%]<\/td>\n<\/tr>\n<tr>\n<td colspan=\"4\">\n<div style=\"width: 100%; float: left;\">\n<hr \/>\n<\/div>\n<\/td>\n<\/tr>\n<tr>\n<th style=\"text-align: left;\">Schwefel<\/th>\n<td>S<\/td>\n<td>0.10 max.<\/td>\n<td>[%]<\/td>\n<\/tr>\n<tr>\n<td colspan=\"4\">\n<div style=\"width: 100%; float: left;\">\n<hr \/>\n<\/div>\n<\/td>\n<\/tr>\n<tr>\n<th style=\"text-align: left;\">Phosphor<\/th>\n<td>P<\/td>\n<td>0.30 max.<\/td>\n<td>[%]<\/td>\n<\/tr>\n<tr>\n<td colspan=\"4\">\n<div style=\"width: 100%; float: left;\">\n<hr \/>\n<\/div>\n<\/td>\n<\/tr>\n<tr>\n<th style=\"text-align: left;\">Eisen<\/th>\n<td>Fe<\/td>\n<td>Rest<\/td>\n<td><\/td>\n<\/tr>\n<tr>\n<td colspan=\"4\">\n<div style=\"width: 100%; float: left;\">\n<hr \/>\n<\/div>\n<\/td>\n<\/tr>\n<\/tbody>\n<\/table>\n<\/div>\n<\/div>\n<\/div><\/div><\/div><\/div><\/div><\/div><\/div><\/section><section class=\"l-section wpb_row height_medium\"><div class=\"l-section-overlay\" style=\"background:#efefef\"><\/div><div class=\"l-section-h i-cf\"><div class=\"g-cols vc_row via_flex valign_top type_default stacking_default\"><div class=\"vc_col-sm-12 wpb_column vc_column_container\"><div class=\"vc_column-inner\"><div class=\"wpb_wrapper\"><div class=\"wpb_text_column us_custom_33c3a0a5\"><div class=\"wpb_wrapper\"><h2 style=\"text-align: center;\"><span style=\"color: #303030;\">WIR WERDEN IHNEN GERNE HELFEN<\/span><\/h2>\n<p style=\"text-align: center;\"><span style=\"color: #303030;\">Diese Website verschafft Ihnen einen ersten Eindruck von unserem Familienbetrieb und unseren Produkten.<\/span><br \/>\n<span style=\"color: #303030;\">Aber nat\u00fcrlich gibt es noch viel mehr zu erz\u00e4hlen. Wir helfen Ihnen gerne weiter!<\/span><\/p>\n<\/div><\/div><\/div><\/div><\/div><\/div><\/div><\/section><section class=\"l-section wpb_row height_medium with_img\"><div class=\"l-section-img\" role=\"img\" aria-label=\"Bild\" data-img-width=\"1700\" data-img-height=\"471\" style=\"background-image: url(https:\/\/www.dijkkamp.nl\/wp-content\/uploads\/2015\/06\/Gieterij-Dijkkamp_Slide-1.jpeg);background-repeat: no-repeat;\"><\/div><div class=\"l-section-overlay\" style=\"background:rgba(48,48,48,0.55)\"><\/div><div class=\"l-section-h i-cf\"><div class=\"g-cols vc_row via_flex valign_top type_default stacking_default\"><div class=\"vc_col-sm-12 wpb_column vc_column_container\"><div class=\"vc_column-inner\"><div class=\"wpb_wrapper\"><div class=\"g-cols wpb_row via_flex valign_top type_boxes stacking_default\"><div class=\"vc_col-sm-6 wpb_column vc_column_container has_bg_color\"><div class=\"vc_column-inner us_custom_6f17d6a3\"><div class=\"wpb_wrapper\"><div class=\"wpb_text_column\"><div class=\"wpb_wrapper\"><h3>HABEN SIE FRAGEN?<\/h3>\n<p>Auf unserer Website k\u00f6nnen wir nat\u00fcrlich nicht alle \u2018Geheimrezepte\u2019 verraten, Sie k\u00f6nnen uns jedoch unten stehend (oder pers\u00f6nlich) alle Fragen stellen, die Sie m\u00f6chten.<\/p>\n<\/div><\/div><div class=\"w-btn-wrapper align_none\"><a class=\"w-btn us-btn-style_7\" title=\"Kontaktieren Sie uns\" href=\"\/de\/kontakt\/\"><span class=\"w-btn-label\">Kontakt<\/span><\/a><\/div><\/div><\/div><\/div><div class=\"vc_col-sm-6 wpb_column vc_column_container has_bg_color\"><div class=\"vc_column-inner us_custom_ae00dbaa\"><div class=\"wpb_wrapper\"><div class=\"wpb_text_column\"><div class=\"wpb_wrapper\"><h3>ANGEBOT ANFORDERN?<\/h3>\n<p>Wissen Sie genau, was Sie brauchen? Dann gehen Sie direkt zu unserer Angebotsseite und f\u00fcllen Sie das vollst\u00e4ndige Formular aus. Sie erhalten dann kurzfristig ein passendes Angebot von uns.<\/p>\n<\/div><\/div><div class=\"w-btn-wrapper align_none\"><a class=\"w-btn us-btn-style_7\" title=\"Fordern Sie sofort ein Angebot an\" href=\"\/de\/angebot\/\"><span class=\"w-btn-label\">Angebot anfordern<\/span><\/a><\/div><\/div><\/div><\/div><\/div><\/div><\/div><\/div><\/div><\/div><\/section>\n","protected":false},"excerpt":{"rendered":"Merkmale von GG20 GG20 bietet ausgezeichnete Bearbeitungsf\u00e4higkeit und ist sehr hitze- sowie korrosionsbest\u00e4ndig. Zudem bietet dieses Material hervorragende Endbearbeitungsm\u00f6glichkeiten und verf\u00fcgt \u00fcber ausgezeichnete Eigenschaften im Hinblick auf Schall- und Schwingungsd\u00e4mpfung. Die Festigkeit und Verschlei\u00dfbest\u00e4ndigkeit dieses Materials sind begrenzt. GG20 wird f\u00fcr alle Arten von Maschinenbauteilen verwendet, an die keine hohen mechanischen Anforderungen gestellt werden. Es...","protected":false},"author":11,"featured_media":0,"parent":4448,"menu_order":0,"comment_status":"closed","ping_status":"closed","template":"","meta":{"_seopress_robots_primary_cat":"","_seopress_titles_title":"GG20 \/ EN-GJL-200 | Gieterij Dijkkamp","_seopress_titles_desc":"GG20 bietet ausgezeichnete Bearbeitungsf\u00e4higkeit und ist sehr hitze- sowie korrosionsbest\u00e4ndig. Zudem bietet dieses Material hervorragende Endbearbeitungsm\u00f6glichkeiten und verf\u00fcgt \u00fcber ausgezeichnete Eigenschaften im Hinblick auf Schall- und Schwingungsd\u00e4mpfung.","_seopress_robots_index":"","footnotes":""},"class_list":["post-7208","page","type-page","status-publish","hentry"],"_links":{"self":[{"href":"https:\/\/www.dijkkamp.nl\/de\/wp-json\/wp\/v2\/pages\/7208","targetHints":{"allow":["GET"]}}],"collection":[{"href":"https:\/\/www.dijkkamp.nl\/de\/wp-json\/wp\/v2\/pages"}],"about":[{"href":"https:\/\/www.dijkkamp.nl\/de\/wp-json\/wp\/v2\/types\/page"}],"author":[{"embeddable":true,"href":"https:\/\/www.dijkkamp.nl\/de\/wp-json\/wp\/v2\/users\/11"}],"replies":[{"embeddable":true,"href":"https:\/\/www.dijkkamp.nl\/de\/wp-json\/wp\/v2\/comments?post=7208"}],"version-history":[{"count":0,"href":"https:\/\/www.dijkkamp.nl\/de\/wp-json\/wp\/v2\/pages\/7208\/revisions"}],"up":[{"embeddable":true,"href":"https:\/\/www.dijkkamp.nl\/de\/wp-json\/wp\/v2\/pages\/4448"}],"wp:attachment":[{"href":"https:\/\/www.dijkkamp.nl\/de\/wp-json\/wp\/v2\/media?parent=7208"}],"curies":[{"name":"wp","href":"https:\/\/api.w.org\/{rel}","templated":true}]}}