{"id":4548,"date":"2015-06-01T07:52:31","date_gmt":"2015-06-01T06:52:31","guid":{"rendered":"https:\/\/dijkkamp.questo.nl\/?page_id=4548"},"modified":"2020-10-15T08:46:23","modified_gmt":"2020-10-15T07:46:23","slug":"baubranche","status":"publish","type":"page","link":"https:\/\/www.dijkkamp.nl\/de\/branchen\/baubranche\/","title":{"rendered":"Baubranche"},"content":{"rendered":"<section class=\"l-section wpb_row height_medium\"><div class=\"l-section-h i-cf\"><div class=\"g-cols vc_row via_flex valign_top type_default stacking_default\"><div class=\"vc_col-sm-6 wpb_column vc_column_container\"><div class=\"vc_column-inner\"><div class=\"wpb_wrapper\">[vc_gallery ids=&#8220;4116,4117,4118,4119,4120,4121&#8243; columns=&#8220;2&#8243; masonry=&#8220;&#8220; indents=&#8220;yes&#8220;]<\/div><\/div><\/div><div class=\"vc_col-sm-6 wpb_column vc_column_container\"><div class=\"vc_column-inner\"><div class=\"wpb_wrapper\"><div class=\"wpb_text_column\"><div class=\"wpb_wrapper\"><h2>Bei der Sanierung alter Geb\u00e4ude werden Bauunternehmen regelm\u00e4\u00dfig damit konfrontiert, dass Gussornamente erneuert werden m\u00fcssen.<\/h2>\n<p>Die Ornamente m\u00fcssen dann mit dem urspr\u00fcnglichen Entwurf identisch sein, sind jedoch im Handel meistens nicht mehr erh\u00e4ltlich. Wenn Sie ein Vorbild oder eine Zeichnung haben, gie\u00dfen wir f\u00fcr Sie eine perfekte Nachbildung!<br \/>\nWir haben auch ein umfangreiches Sortiment nostalgischer T\u00fcrgitter zur Verzierung oder zum Schutz von Haust\u00fcren. Diese Gitter werden nicht nur in historischen Geb\u00e4uden verwendet, sondern erfreuen sich auch bei modernen H\u00e4usern immer gr\u00f6\u00dferer Beliebtheit.<\/p>\n<\/div><\/div><div class=\"w-separator size_custom\" style=\"height:32px\"><\/div>[vc_wp_custommenu nav_menu=&#8220;34&#8243;]<\/div><\/div><\/div><\/div><\/div><\/section><section class=\"l-section wpb_row height_medium\"><div class=\"l-section-h i-cf\"><div class=\"g-cols vc_row via_flex valign_top type_boxes stacking_default\"><div class=\"vc_col-sm-12 wpb_column vc_column_container\"><div class=\"vc_column-inner\"><div class=\"wpb_wrapper\"><div class=\"w-separator size_custom\" style=\"height:32px\"><\/div><div class=\"wpb_text_column\"><div class=\"wpb_wrapper\"><h2 style=\"text-align: center;\">SETZEN SIE SICH EINFACH MIT UNS IN VERBINDUNG<\/h2>\n<\/div><\/div><div class=\"wpb_text_column\"><div class=\"wpb_wrapper\"><p style=\"text-align: center;\">Diese Website verschafft Ihnen einen ersten \u2013 hoffentlich guten \u2013 Eindruck von unserem Familienbetrieb und unseren Produkten.<br \/>\nEine detaillierte Einf\u00fchrung oder spezifische Informationen wenden Sie sich an uns.<\/p>\n<\/div><\/div>[vc_button text=&#8220;Kontact&#8220; type=&#8220;white&#8220; align=&#8220;center&#8220; target=&#8220;&#8220; icon=&#8220;chevron-right&#8220; outlined=&#8220;yes&#8220; url=&#8220;https:\/\/www.dijkkamp.nl\/de\/kontakt\/&#8220;]<div class=\"w-separator size_custom\" style=\"height:32px\"><\/div><\/div><\/div><\/div><\/div><\/div><\/section>\n","protected":false},"excerpt":{"rendered":"[vc_gallery ids=\"4116,4117,4118,4119,4120,4121\" columns=\"2\" masonry=\"\" indents=\"yes\"]Bei der Sanierung alter Geb\u00e4ude werden Bauunternehmen regelm\u00e4\u00dfig damit konfrontiert, dass Gussornamente erneuert werden m\u00fcssen. Die Ornamente m\u00fcssen dann mit dem urspr\u00fcnglichen Entwurf identisch sein, sind jedoch im Handel meistens nicht mehr erh\u00e4ltlich. Wenn Sie ein Vorbild oder eine Zeichnung haben, gie\u00dfen wir f\u00fcr Sie eine perfekte Nachbildung! Wir haben auch...","protected":false},"author":11,"featured_media":0,"parent":4426,"menu_order":24,"comment_status":"closed","ping_status":"closed","template":"","meta":{"_seopress_robots_primary_cat":"","_seopress_titles_title":"","_seopress_titles_desc":"","_seopress_robots_index":"","footnotes":""},"class_list":["post-4548","page","type-page","status-publish","hentry"],"_links":{"self":[{"href":"https:\/\/www.dijkkamp.nl\/de\/wp-json\/wp\/v2\/pages\/4548","targetHints":{"allow":["GET"]}}],"collection":[{"href":"https:\/\/www.dijkkamp.nl\/de\/wp-json\/wp\/v2\/pages"}],"about":[{"href":"https:\/\/www.dijkkamp.nl\/de\/wp-json\/wp\/v2\/types\/page"}],"author":[{"embeddable":true,"href":"https:\/\/www.dijkkamp.nl\/de\/wp-json\/wp\/v2\/users\/11"}],"replies":[{"embeddable":true,"href":"https:\/\/www.dijkkamp.nl\/de\/wp-json\/wp\/v2\/comments?post=4548"}],"version-history":[{"count":0,"href":"https:\/\/www.dijkkamp.nl\/de\/wp-json\/wp\/v2\/pages\/4548\/revisions"}],"up":[{"embeddable":true,"href":"https:\/\/www.dijkkamp.nl\/de\/wp-json\/wp\/v2\/pages\/4426"}],"wp:attachment":[{"href":"https:\/\/www.dijkkamp.nl\/de\/wp-json\/wp\/v2\/media?parent=4548"}],"curies":[{"name":"wp","href":"https:\/\/api.w.org\/{rel}","templated":true}]}}