{"id":4500,"date":"2014-10-08T10:01:19","date_gmt":"2014-10-08T09:01:19","guid":{"rendered":"https:\/\/dijkkamp.questo.nl\/?page_id=4500"},"modified":"2022-06-21T15:12:46","modified_gmt":"2022-06-21T14:12:46","slug":"im-eigenen-hause-entwickelte-legierungen","status":"publish","type":"page","link":"https:\/\/www.dijkkamp.nl\/de\/material\/im-eigenen-hause-entwickelte-legierungen\/","title":{"rendered":"Im eigenen Hause entwickelte Legierungen"},"content":{"rendered":"<section class=\"l-section wpb_row us_custom_21f802fb height_auto\"><div class=\"l-section-overlay\" style=\"background:#efefef\"><\/div><div class=\"l-section-h i-cf\"><div class=\"g-cols vc_row via_flex valign_top type_default stacking_default\"><div class=\"vc_col-sm-12 wpb_column vc_column_container has_bg_color\"><div class=\"vc_column-inner us_custom_1962d515\"><div class=\"wpb_wrapper\"><div class=\"wpb_text_column\"><div class=\"wpb_wrapper\"><p>Um der Nachfrage nach spezifischen Eigenschaften auf dem Gebiet der Verschlei\u00dffestigkeit, Festigkeit und Hitzebest\u00e4ndigkeit entsprechen zu k\u00f6nnen, haben wir in eigener Regie eine Reihe besonderer Legierungen entwickelt.<\/p>\n<\/div><\/div><div class=\"wpb_text_column us_custom_194b2479 has_text_color\"><div class=\"wpb_wrapper\"><div style=\"padding: 20px; border: 3px solid #e31a17;\">Lieferbar in Gussprodukte nach Zeichnung und Kundenspezifikation. Bitte beachten Sie: Wir liefern kein Strangguss!<\/div>\n<\/div><\/div><div class=\"wpb_text_column\"><div class=\"wpb_wrapper\"><hr \/>\n<p><strong>DYHARD<\/strong>: hochlegiertes Gusseisen mit sehr hoher Verschlei\u00dffestigkeit. Anwendungsabh\u00e4ngig ist diese Gusslegierung in drei Varianten erh\u00e4ltlich.<\/p>\n<hr \/>\n<p><strong>DYFAST:<\/strong> Gusseisen mit Kugelgraphit mit hoher Belastungsf\u00e4higkeit und hoher Verschlei\u00dffestigkeit. Anwendungsabh\u00e4ngig ist diese Gusslegierung in vier Varianten erh\u00e4ltlich.<\/p>\n<hr \/>\n<p><strong>DYHOT<\/strong>: hochlegiertes Gusseisen. das sehr hohe Temperaturen vertr\u00e4gt. Anwendungsabh\u00e4ngig ist diese Gusslegierung in drei Varianten erh\u00e4ltlich.<\/p>\n<\/div><\/div><\/div><\/div><\/div><\/div><\/div><\/section><section class=\"l-section wpb_row height_medium\"><div class=\"l-section-overlay\" style=\"background:#efefef\"><\/div><div class=\"l-section-h i-cf\"><div class=\"g-cols vc_row via_flex valign_top type_default stacking_default\"><div class=\"vc_col-sm-12 wpb_column vc_column_container\"><div class=\"vc_column-inner\"><div class=\"wpb_wrapper\"><div class=\"wpb_text_column us_custom_33c3a0a5\"><div class=\"wpb_wrapper\"><h2 style=\"text-align: center;\"><span style=\"color: #303030;\">WIR WERDEN IHNEN GERNE WEITER HELFEN<\/span><\/h2>\n<p style=\"text-align: center;\"><span style=\"color: #303030;\">Diese Website verschafft Ihnen einen ersten Eindruck von unserem Familienbetrieb und unseren Produkten.<\/span><br \/>\n<span style=\"color: #303030;\">Eine detaillierte Einf\u00fchrung oder spezifische Informationen wenden Sie sich an uns.<\/span><\/p>\n<\/div><\/div><\/div><\/div><\/div><\/div><\/div><\/section><section class=\"l-section wpb_row height_medium with_img\"><div class=\"l-section-img\" role=\"img\" aria-label=\"Bild\" data-img-width=\"1700\" data-img-height=\"471\" style=\"background-image: url(https:\/\/www.dijkkamp.nl\/wp-content\/uploads\/2015\/06\/Gieterij-Dijkkamp_Slide-1.jpeg);background-repeat: no-repeat;\"><\/div><div class=\"l-section-overlay\" style=\"background:rgba(48,48,48,0.55)\"><\/div><div class=\"l-section-h i-cf\"><div class=\"g-cols vc_row via_flex valign_top type_default stacking_default\"><div class=\"vc_col-sm-12 wpb_column vc_column_container\"><div class=\"vc_column-inner\"><div class=\"wpb_wrapper\"><div class=\"g-cols wpb_row via_flex valign_top type_boxes stacking_default\"><div class=\"vc_col-sm-6 wpb_column vc_column_container has_bg_color\"><div class=\"vc_column-inner us_custom_6f17d6a3\"><div class=\"wpb_wrapper\"><div class=\"wpb_text_column\"><div class=\"wpb_wrapper\"><h3>HABEN SIE EINE FRAGEN?<\/h3>\n<p>Auf unserer Website k\u00f6nnen wir nat\u00fcrlich nicht alle \u201eGeheimrezepte\u201c verraten, Sie k\u00f6nnen uns jedoch unten stehend (oder pers\u00f6nlich) alle Fragen stellen, die Sie m\u00f6chten.<\/p>\n<\/div><\/div><div class=\"w-btn-wrapper align_none\"><a class=\"w-btn us-btn-style_7\" title=\"Bitte kontaktieren Sie uns\" href=\"https:\/\/www.dijkkamp.nl\/de\/kontakt\/\"><span class=\"w-btn-label\">Kontakt<\/span><\/a><\/div><\/div><\/div><\/div><div class=\"vc_col-sm-6 wpb_column vc_column_container has_bg_color\"><div class=\"vc_column-inner us_custom_ae00dbaa\"><div class=\"wpb_wrapper\"><div class=\"wpb_text_column\"><div class=\"wpb_wrapper\"><h3>ANGEBOT ANFORDERN?<\/h3>\n<p>Wissen Sie genau, was Sie brauchen? Dann gehen Sie direkt zu unserer Angebotsseite und f\u00fcllen Sie das vollst\u00e4ndige Angebot aus. Sie erhalten dann kurzfristig ein passendes Angebot von uns.<\/p>\n<\/div><\/div><div class=\"w-btn-wrapper align_none\"><a class=\"w-btn us-btn-style_7\" title=\"Fordern Sie sofort ein Angebot an\" href=\"https:\/\/www.dijkkamp.nl\/de\/angebot\/\"><span class=\"w-btn-label\">Angebot<\/span><\/a><\/div><\/div><\/div><\/div><\/div><\/div><\/div><\/div><\/div><\/div><\/section>\n","protected":false},"excerpt":{"rendered":"Um der Nachfrage nach spezifischen Eigenschaften auf dem Gebiet der Verschlei\u00dffestigkeit, Festigkeit und Hitzebest\u00e4ndigkeit entsprechen zu k\u00f6nnen, haben wir in eigener Regie eine Reihe besonderer Legierungen entwickelt. Lieferbar in Gussprodukte nach Zeichnung und Kundenspezifikation. Bitte beachten Sie: Wir liefern kein Strangguss! DYHARD: hochlegiertes Gusseisen mit sehr hoher Verschlei\u00dffestigkeit. Anwendungsabh\u00e4ngig ist diese Gusslegierung in drei Varianten...","protected":false},"author":11,"featured_media":0,"parent":4448,"menu_order":65,"comment_status":"closed","ping_status":"closed","template":"","meta":{"_seopress_robots_primary_cat":"","_seopress_titles_title":"Gusseisenlegierungen | Gie\u00dferei Dijkkamp","_seopress_titles_desc":"F\u00fcr Produkte mit speziellen Eigenschaften wie Verschlei\u00dffestigkeit, Festigkeit und Hitzebest\u00e4ndigkeit liefert Dijkkamp im eigenen Hause entwickelte Gusseisenlegierungen!","_seopress_robots_index":"","footnotes":""},"class_list":["post-4500","page","type-page","status-publish","hentry"],"_links":{"self":[{"href":"https:\/\/www.dijkkamp.nl\/de\/wp-json\/wp\/v2\/pages\/4500","targetHints":{"allow":["GET"]}}],"collection":[{"href":"https:\/\/www.dijkkamp.nl\/de\/wp-json\/wp\/v2\/pages"}],"about":[{"href":"https:\/\/www.dijkkamp.nl\/de\/wp-json\/wp\/v2\/types\/page"}],"author":[{"embeddable":true,"href":"https:\/\/www.dijkkamp.nl\/de\/wp-json\/wp\/v2\/users\/11"}],"replies":[{"embeddable":true,"href":"https:\/\/www.dijkkamp.nl\/de\/wp-json\/wp\/v2\/comments?post=4500"}],"version-history":[{"count":0,"href":"https:\/\/www.dijkkamp.nl\/de\/wp-json\/wp\/v2\/pages\/4500\/revisions"}],"up":[{"embeddable":true,"href":"https:\/\/www.dijkkamp.nl\/de\/wp-json\/wp\/v2\/pages\/4448"}],"wp:attachment":[{"href":"https:\/\/www.dijkkamp.nl\/de\/wp-json\/wp\/v2\/media?parent=4500"}],"curies":[{"name":"wp","href":"https:\/\/api.w.org\/{rel}","templated":true}]}}