{"id":4498,"date":"2014-10-08T09:57:32","date_gmt":"2014-10-08T08:57:32","guid":{"rendered":"https:\/\/dijkkamp.questo.nl\/?page_id=4498"},"modified":"2022-06-21T15:11:54","modified_gmt":"2022-06-21T14:11:54","slug":"gussstahl","status":"publish","type":"page","link":"https:\/\/www.dijkkamp.nl\/de\/material\/gussstahl\/","title":{"rendered":"Gussstahl"},"content":{"rendered":"<section class=\"l-section wpb_row us_custom_21f802fb height_auto\"><div class=\"l-section-overlay\" style=\"background:#efefef\"><\/div><div class=\"l-section-h i-cf\"><div class=\"g-cols vc_row via_flex valign_top type_default stacking_default\"><div class=\"vc_col-sm-12 wpb_column vc_column_container has_bg_color\"><div class=\"vc_column-inner us_custom_1962d515\"><div class=\"wpb_wrapper\"><div class=\"wpb_text_column\"><div class=\"wpb_wrapper\"><p style=\"text-align: left;\">Gussstahl kommt in sehr vielen verschiedenen Legierungen vor und l\u00e4sst sich grob \u00fcber drei Qualit\u00e4ten verteilen: unlegierter Gussstahl f\u00fcr allgemeine Anwendungen (wird aufgrund der hohen mechanischen Eigenschaften oft im Maschinenbau und in der Industrie verwendet), niedrig legierter Gussstahl, der beispielsweise zur Erh\u00f6hung der Festigkeit oder der Verschlei\u00dffestigkeit veredelt wird, und legierter bzw. hochlegierter Gussstahl f\u00fcr spezielle Anforderungen, beispielsweise bez\u00fcglich Hitze-, Korrosions- und Verschlei\u00dffestigkeit.<\/p>\n<\/div><\/div><div class=\"wpb_text_column us_custom_ab587282 has_text_color\"><div class=\"wpb_wrapper\"><div style=\"padding: 20px; border: 3px solid #e31a17;\">Lieferbar in Gussprodukte nach Zeichnung und Kundenspezifikation. Bitte beachten Sie: Wir liefern kein Strangguss!<\/div>\n<\/div><\/div><div class=\"w-separator size_custom\" style=\"height:10px\"><\/div><div class=\"wpb_text_column\"><div class=\"wpb_wrapper\"><h2>Unlegierter Gussstahl<\/h2>\n<h6><strong>Stahlgusslegierungen f\u00fcr allgemeine Anwendungen. (Gem\u00e4\u00df: EN 10293 \/ DIN 1681 \/ ASTM 216-WCA)<\/strong><\/h6>\n<div>\n<div>\n<table class=\"Table1\" width=\"100%\">\n<tbody>\n<tr>\n<td>GS-38<\/td>\n<td>1.0420<\/td>\n<td>GE 200<\/td>\n<td class=\"TableRow_Invisible\"><\/td>\n<td class=\"TableRow_Invisible\"><\/td>\n<td class=\"TableRow_Invisible\"><\/td>\n<td class=\"td_Table_AlignRight\"><a href=\"https:\/\/www.dijkkamp.nl\/de\/material\/gs-38-ge-200\/\">Weitere Info<\/a><\/td>\n<\/tr>\n<tr>\n<td colspan=\"7\">\n<div style=\"width: 100%; float: left;\">\n<hr \/>\n<\/div>\n<\/td>\n<\/tr>\n<tr>\n<td>GS-45<\/td>\n<td>1.0446<\/td>\n<td>GE 240<\/td>\n<td class=\"TableRow_Invisible\"><\/td>\n<td class=\"TableRow_Invisible\"><\/td>\n<td class=\"TableRow_Invisible\"><\/td>\n<td class=\"td_Table_AlignRight\"><a href=\"https:\/\/www.dijkkamp.nl\/de\/material\/gs-45-ge-240\/\">Weitere Info<\/a><\/td>\n<\/tr>\n<tr>\n<td colspan=\"7\">\n<div style=\"width: 100%; float: left;\">\n<hr \/>\n<\/div>\n<\/td>\n<\/tr>\n<tr>\n<td>GS-52<\/td>\n<td>1.0552<\/td>\n<td>GE 260<\/td>\n<td class=\"TableRow_Invisible\"><\/td>\n<td class=\"TableRow_Invisible\"><\/td>\n<td class=\"TableRow_Invisible\"><\/td>\n<td class=\"td_Table_AlignRight\"><a href=\"https:\/\/www.dijkkamp.nl\/de\/material\/gs-52-ge-260\/\">Weitere Info<\/a><\/td>\n<\/tr>\n<tr>\n<td colspan=\"7\">\n<div style=\"width: 100%; float: left;\">\n<hr \/>\n<\/div>\n<\/td>\n<\/tr>\n<tr>\n<td>GS-60<\/td>\n<td>1.0558<\/td>\n<td>GE 300<\/td>\n<td class=\"TableRow_Invisible\"><\/td>\n<td class=\"TableRow_Invisible\"><\/td>\n<td class=\"TableRow_Invisible\"><\/td>\n<td class=\"td_Table_AlignRight\"><a href=\"https:\/\/www.dijkkamp.nl\/de\/material\/gs-60-ge-300\/\">Weitere Info<\/a><\/td>\n<\/tr>\n<tr>\n<td colspan=\"7\">\n<div style=\"width: 100%; float: left;\">\n<hr \/>\n<\/div>\n<\/td>\n<\/tr>\n<\/tbody>\n<\/table>\n<p><i>* Dies ist nur eine Auswahl der h\u00e4ufigsten Materialsorten aus dieser Gruppe!<\/i><\/p>\n<\/div>\n<\/div>\n<\/div><\/div><div class=\"w-separator size_custom\" style=\"height:10px\"><\/div><div class=\"wpb_text_column\"><div class=\"wpb_wrapper\"><h2>Niedrig legierter Gussstahl (zum Veredeln)<\/h2>\n<h6><strong> Stahlgusslegierungen mit hohen mechanischen Eigenschaften und guter Schwei\u00dff\u00e4higkeit. (Gem\u00e4\u00df: SEW 520)<\/strong><\/h6>\n<p>&nbsp;<\/p>\n<div>\n<div>\n<table class=\"Table1\" width=\"100%\">\n<tbody>\n<tr>\n<td>G 18 NiMoCr 3-6<\/td>\n<td>1.6759<\/td>\n<td>G18NiMoCr36<\/td>\n<td>+QT<\/td>\n<td class=\"TableRow_Invisible\"><\/td>\n<td class=\"TableRow_Invisible\"><\/td>\n<td class=\"td_Table_AlignRight\"><a href=\"https:\/\/www.dijkkamp.nl\/de\/material\/g18nimocr36\/\">Weitere Info<\/a><\/td>\n<\/tr>\n<tr>\n<td colspan=\"7\">\n<div style=\"width: 100%; float: left;\">\n<hr \/>\n<\/div>\n<\/td>\n<\/tr>\n<tr>\n<td>G 22 NiMoCr 5-6<\/td>\n<td>1.6760<\/td>\n<td>G22NiMoCr56<\/td>\n<td>+QT<\/td>\n<td class=\"TableRow_Invisible\"><\/td>\n<td class=\"TableRow_Invisible\"><\/td>\n<td class=\"td_Table_AlignRight\"><a href=\"https:\/\/www.dijkkamp.nl\/de\/material\/g22nimocr56\/\">Weitere Info<\/a><\/td>\n<\/tr>\n<tr>\n<td colspan=\"7\">\n<div style=\"width: 100%; float: left;\">\n<hr \/>\n<\/div>\n<\/td>\n<\/tr>\n<\/tbody>\n<\/table>\n<p><i>* Dies ist nur eine Auswahl der h\u00e4ufigsten Materialsorten aus dieser Gruppe!<\/i><\/p>\n<\/div>\n<\/div>\n<\/div><\/div><div class=\"w-separator size_custom\" style=\"height:10px\"><\/div><div class=\"wpb_text_column\"><div class=\"wpb_wrapper\"><h2>Niedrig legierter Gussstahl (verschlei\u00dffest geh\u00e4rtet)<\/h2>\n<h6><strong>Verschlei\u00dffeste Stahlgusslegierungen mit hohen mechanischen Eigenschaften f\u00fcr Anwendungen bei Verschlei\u00df. (Gem\u00e4\u00df: EN 10083 \/ DIN 17205 \/ ASTM A597)<\/strong><\/h6>\n<div>\n<div>\n<table class=\"Table1\" width=\"100%\">\n<tbody>\n<tr>\n<td>GS-34 CrNiMo 6<\/td>\n<td>1.6582<\/td>\n<td>GS34CrNiMo6<\/td>\n<td>+QT<\/td>\n<td class=\"TableRow_Invisible\"><\/td>\n<td class=\"TableRow_Invisible\"><\/td>\n<td class=\"TableRow_Invisible\"><\/td>\n<\/tr>\n<tr>\n<td colspan=\"7\">\n<div style=\"width: 100%; float: left;\">\n<hr \/>\n<\/div>\n<\/td>\n<\/tr>\n<tr>\n<td>GS-25 CrMo 4<\/td>\n<td>1.7218<\/td>\n<td>GS25CrMo4<\/td>\n<td>+QT<\/td>\n<td class=\"TableRow_Invisible\"><\/td>\n<td class=\"TableRow_Invisible\"><\/td>\n<td class=\"TableRow_Invisible\"><\/td>\n<\/tr>\n<tr>\n<td colspan=\"7\">\n<div style=\"width: 100%; float: left;\">\n<hr \/>\n<\/div>\n<\/td>\n<\/tr>\n<tr>\n<td>GS-34 CrMo 4<\/td>\n<td>1.7220<\/td>\n<td>GS34CrMo4<\/td>\n<td>+QT<\/td>\n<td class=\"TableRow_Invisible\"><\/td>\n<td class=\"TableRow_Invisible\"><\/td>\n<td class=\"TableRow_Invisible\"><\/td>\n<\/tr>\n<tr>\n<td colspan=\"7\">\n<div style=\"width: 100%; float: left;\">\n<hr \/>\n<\/div>\n<\/td>\n<\/tr>\n<tr>\n<td>GS-42 CrMo 4<\/td>\n<td>1.7225<\/td>\n<td>GS42CrMo4<\/td>\n<td>+QT<\/td>\n<td class=\"TableRow_Invisible\"><\/td>\n<td class=\"TableRow_Invisible\"><\/td>\n<td class=\"TableRow_Invisible\"><\/td>\n<\/tr>\n<tr>\n<td colspan=\"7\">\n<div style=\"width: 100%; float: left;\">\n<hr \/>\n<\/div>\n<\/td>\n<\/tr>\n<\/tbody>\n<\/table>\n<p><i>* Dies ist nur eine Auswahl der h\u00e4ufigsten Materialsorten aus dieser Gruppe!<\/i><\/p>\n<\/div>\n<\/div>\n<\/div><\/div><div class=\"w-separator size_custom\" style=\"height:10px\"><\/div><div class=\"wpb_text_column\"><div class=\"wpb_wrapper\"><h2>Hochlegierter Gussstahl (hitzebest\u00e4ndig)<\/h2>\n<h6><strong>Hitzebest\u00e4ndige Stahlgusslegierungen f\u00fcr Anwendungen bei h\u00f6heren Temperaturen. (Gem\u00e4\u00df: EN 10295 \/ DIN 17465 \/ ASTM A297)<\/strong><\/h6>\n<div>\n<div>\n<table class=\"Table1\" width=\"100%\">\n<tbody>\n<tr>\n<td>G-X 30 CrSi 6<\/td>\n<td>1.4710<\/td>\n<td>GX30CrSi6<\/td>\n<td class=\"TableRow_Invisible\"><\/td>\n<td class=\"TableRow_Invisible\"><\/td>\n<td class=\"TableRow_Invisible\"><\/td>\n<td><\/td>\n<\/tr>\n<tr>\n<td colspan=\"7\">\n<div style=\"width: 100%; float: left;\">\n<hr \/>\n<\/div>\n<\/td>\n<\/tr>\n<tr>\n<td>G-X 40 CrSi 13<\/td>\n<td>1.4729<\/td>\n<td>GX40CrSi13<\/td>\n<td class=\"TableRow_Invisible\"><\/td>\n<td class=\"TableRow_Invisible\"><\/td>\n<td class=\"TableRow_Invisible\"><\/td>\n<td><\/td>\n<\/tr>\n<tr>\n<td colspan=\"7\">\n<div style=\"width: 100%; float: left;\">\n<hr \/>\n<\/div>\n<\/td>\n<\/tr>\n<tr>\n<td>G-X 40 CrSi 17<\/td>\n<td>1.4740<\/td>\n<td>GX40CrSi17<\/td>\n<td class=\"TableRow_Invisible\"><\/td>\n<td class=\"TableRow_Invisible\"><\/td>\n<td class=\"TableRow_Invisible\"><\/td>\n<td class=\"td_Table_AlignRight\"><a href=\"https:\/\/www.dijkkamp.nl\/de\/material\/gx40crsi17\/\">Weitere Info<\/a><\/td>\n<\/tr>\n<tr>\n<td colspan=\"7\">\n<div style=\"width: 100%; float: left;\">\n<hr \/>\n<\/div>\n<\/td>\n<\/tr>\n<tr>\n<td>G-X 160 CrSi 18<\/td>\n<td>1.4743<\/td>\n<td>GX160CrSi18<\/td>\n<td class=\"TableRow_Invisible\"><\/td>\n<td class=\"TableRow_Invisible\"><\/td>\n<td class=\"TableRow_Invisible\"><\/td>\n<td><\/td>\n<\/tr>\n<tr>\n<td colspan=\"7\">\n<div style=\"width: 100%; float: left;\">\n<hr \/>\n<\/div>\n<\/td>\n<\/tr>\n<tr>\n<td>G-X 40 CrSi 24<\/td>\n<td>1.4745<\/td>\n<td>GX40CrSi24<\/td>\n<td class=\"TableRow_Invisible\"><\/td>\n<td class=\"TableRow_Invisible\"><\/td>\n<td class=\"TableRow_Invisible\"><\/td>\n<td><\/td>\n<\/tr>\n<tr>\n<td colspan=\"7\">\n<div style=\"width: 100%; float: left;\">\n<hr \/>\n<\/div>\n<\/td>\n<\/tr>\n<tr>\n<td>G-X 40 CrSi 29<\/td>\n<td>1.4776<\/td>\n<td>GX40CrSi29<\/td>\n<td class=\"TableRow_Invisible\"><\/td>\n<td class=\"TableRow_Invisible\"><\/td>\n<td class=\"TableRow_Invisible\"><\/td>\n<td><\/td>\n<\/tr>\n<tr>\n<td colspan=\"7\">\n<div style=\"width: 100%; float: left;\">\n<hr \/>\n<\/div>\n<\/td>\n<\/tr>\n<tr>\n<td>G-X 130 CrSi 2<\/td>\n<td>1.4777<\/td>\n<td>GX130CrSi29<\/td>\n<td class=\"TableRow_Invisible\"><\/td>\n<td class=\"TableRow_Invisible\"><\/td>\n<td class=\"TableRow_Invisible\"><\/td>\n<td><\/td>\n<\/tr>\n<tr>\n<td colspan=\"7\">\n<div style=\"width: 100%; float: left;\">\n<hr \/>\n<\/div>\n<\/td>\n<\/tr>\n<tr>\n<td>G-X 40 CrNiSi 27 4<\/td>\n<td>1.4823<\/td>\n<td>GX40CrNiSi274<\/td>\n<td class=\"TableRow_Invisible\"><\/td>\n<td class=\"TableRow_Invisible\"><\/td>\n<td class=\"TableRow_Invisible\"><\/td>\n<td class=\"td_Table_AlignRight\"><a href=\"https:\/\/www.dijkkamp.nl\/de\/material\/gx40crnisi274\/\">Weitere Info<\/a><\/td>\n<\/tr>\n<tr>\n<td colspan=\"7\">\n<div style=\"width: 100%; float: left;\">\n<hr \/>\n<\/div>\n<\/td>\n<\/tr>\n<tr>\n<td>G-X 25 CrNiSi 18 9<\/td>\n<td>1.4825<\/td>\n<td>GX25CrNiSi189<\/td>\n<td class=\"TableRow_Invisible\"><\/td>\n<td class=\"TableRow_Invisible\"><\/td>\n<td class=\"TableRow_Invisible\"><\/td>\n<td><\/td>\n<\/tr>\n<tr>\n<td colspan=\"7\">\n<div style=\"width: 100%; float: left;\">\n<hr \/>\n<\/div>\n<\/td>\n<\/tr>\n<tr>\n<td>G-X 40 CrNiSi 22 9<\/td>\n<td>1.4826<\/td>\n<td>GX40CrNiSi229<\/td>\n<td class=\"TableRow_Invisible\"><\/td>\n<td class=\"TableRow_Invisible\"><\/td>\n<td class=\"TableRow_Invisible\"><\/td>\n<td><\/td>\n<\/tr>\n<tr>\n<td colspan=\"7\">\n<div style=\"width: 100%; float: left;\">\n<hr \/>\n<\/div>\n<\/td>\n<\/tr>\n<tr>\n<td>G-X 25 CrNiSi 20 14<\/td>\n<td>1.4832<\/td>\n<td>GX25CrNiSi2014<\/td>\n<td class=\"TableRow_Invisible\"><\/td>\n<td class=\"TableRow_Invisible\"><\/td>\n<td class=\"TableRow_Invisible\"><\/td>\n<td><\/td>\n<\/tr>\n<tr>\n<td colspan=\"7\">\n<div style=\"width: 100%; float: left;\">\n<hr \/>\n<\/div>\n<\/td>\n<\/tr>\n<tr>\n<td>G-X 40 CrNiSi 25 12<\/td>\n<td>1.4837<\/td>\n<td>GX40CrNiSi2512<\/td>\n<td class=\"TableRow_Invisible\"><\/td>\n<td class=\"TableRow_Invisible\"><\/td>\n<td class=\"TableRow_Invisible\"><\/td>\n<td class=\"td_Table_AlignRight\"><a href=\"https:\/\/www.dijkkamp.nl\/de\/material\/gx40crnisi2512\/\">Weitere Info<\/a><\/td>\n<\/tr>\n<tr>\n<td colspan=\"7\">\n<div style=\"width: 100%; float: left;\">\n<hr \/>\n<\/div>\n<\/td>\n<\/tr>\n<tr>\n<td>G-X 15 CrNiSi 25 20<\/td>\n<td>1.4840<\/td>\n<td>GX15CrNiSi2520<\/td>\n<td class=\"TableRow_Invisible\"><\/td>\n<td class=\"TableRow_Invisible\"><\/td>\n<td class=\"TableRow_Invisible\"><\/td>\n<td><\/td>\n<\/tr>\n<tr>\n<td colspan=\"7\">\n<div style=\"width: 100%; float: left;\">\n<hr \/>\n<\/div>\n<\/td>\n<\/tr>\n<tr>\n<td>G-X 40 CrNiSi 25 20<\/td>\n<td>1.4848<\/td>\n<td>GX40CrNiSi2520<\/td>\n<td class=\"TableRow_Invisible\"><\/td>\n<td class=\"TableRow_Invisible\"><\/td>\n<td class=\"TableRow_Invisible\"><\/td>\n<td class=\"td_Table_AlignRight\"><a href=\"https:\/\/www.dijkkamp.nl\/de\/material\/gx40crnisi2520\/\">Weitere Info<\/a><\/td>\n<\/tr>\n<tr>\n<td colspan=\"7\">\n<div style=\"width: 100%; float: left;\">\n<hr \/>\n<\/div>\n<\/td>\n<\/tr>\n<tr>\n<td>G-X 40 NiCrNb 38 18<\/td>\n<td>1.4849<\/td>\n<td>GX40NiCrNb3818<\/td>\n<td class=\"TableRow_Invisible\"><\/td>\n<td class=\"TableRow_Invisible\"><\/td>\n<td class=\"TableRow_Invisible\"><\/td>\n<td><\/td>\n<\/tr>\n<tr>\n<td colspan=\"7\">\n<div style=\"width: 100%; float: left;\">\n<hr \/>\n<\/div>\n<\/td>\n<\/tr>\n<tr>\n<td>G-X 40 NiCrSiNb 35 25<\/td>\n<td>1.4852<\/td>\n<td>GX40NiCrSiNb3525<\/td>\n<td class=\"TableRow_Invisible\"><\/td>\n<td class=\"TableRow_Invisible\"><\/td>\n<td class=\"TableRow_Invisible\"><\/td>\n<td><\/td>\n<\/tr>\n<tr>\n<td colspan=\"7\">\n<div style=\"width: 100%; float: left;\">\n<hr \/>\n<\/div>\n<\/td>\n<\/tr>\n<tr>\n<td>G-X 30 CrNiSiNb 24 24<\/td>\n<td>1.4855<\/td>\n<td>GX30CrNiSiNb2424<\/td>\n<td class=\"TableRow_Invisible\"><\/td>\n<td class=\"TableRow_Invisible\"><\/td>\n<td class=\"TableRow_Invisible\"><\/td>\n<td><\/td>\n<\/tr>\n<tr>\n<td colspan=\"7\">\n<div style=\"width: 100%; float: left;\">\n<hr \/>\n<\/div>\n<\/td>\n<\/tr>\n<tr>\n<td>G-X 40 NiCrSi 35 25<\/td>\n<td>1.4857<\/td>\n<td>GX40NiCrSi3525<\/td>\n<td class=\"TableRow_Invisible\"><\/td>\n<td class=\"TableRow_Invisible\"><\/td>\n<td class=\"TableRow_Invisible\"><\/td>\n<td><\/td>\n<\/tr>\n<tr>\n<td colspan=\"7\">\n<div style=\"width: 100%; float: left;\">\n<hr \/>\n<\/div>\n<\/td>\n<\/tr>\n<tr>\n<td>G-X 40 NiCrSi 38 18<\/td>\n<td>1.4865<\/td>\n<td>GX40NiCrSi3818<\/td>\n<td class=\"TableRow_Invisible\"><\/td>\n<td class=\"TableRow_Invisible\"><\/td>\n<td class=\"TableRow_Invisible\"><\/td>\n<td><\/td>\n<\/tr>\n<tr>\n<td colspan=\"7\">\n<div style=\"width: 100%; float: left;\">\n<hr \/>\n<\/div>\n<\/td>\n<\/tr>\n<\/tbody>\n<\/table>\n<p><i>* Dies ist nur eine Auswahl der h\u00e4ufigsten Materialsorten aus dieser Gruppe!<\/i><\/p>\n<\/div>\n<\/div>\n<\/div><\/div><div class=\"w-separator size_custom\" style=\"height:10px\"><\/div><div class=\"wpb_text_column\"><div class=\"wpb_wrapper\"><h2>Hochlegierter Gussstahl (rostfrei)<\/h2>\n<h6><strong>Korrosionsbest\u00e4ndige rostfreie Stahlgusslegierungen. (Gem\u00e4\u00df: EN 10283 \/ DIN 17445 \/ ASTM A296)<\/strong><\/h6>\n<div>\n<table class=\"Table1\" width=\"100%\">\n<tbody>\n<tr>\n<td>AISI 304<\/td>\n<td>RVS 304<\/td>\n<td>G-X 6 CrNi 18 9<\/td>\n<td>1.4308<\/td>\n<td>GX6CrNi189<\/td>\n<td>G-X 5 CrNi 19 10<\/td>\n<td>GX5CrNi1910<\/td>\n<\/tr>\n<tr>\n<td colspan=\"7\">\n<div style=\"width: 100%; float: left;\">\n<hr \/>\n<\/div>\n<\/td>\n<\/tr>\n<tr>\n<td>&#8211;<\/td>\n<td>RVS 304 L<\/td>\n<td>G-X 2 CrNi 19 11<\/td>\n<td>1.4309<\/td>\n<td>GX2CrNi1911<\/td>\n<td>&#8211;<\/td>\n<td>&#8211;<\/td>\n<\/tr>\n<tr>\n<td colspan=\"7\">\n<div style=\"width: 100%; float: left;\">\n<hr \/>\n<\/div>\n<\/td>\n<\/tr>\n<tr>\n<td>AISI 316<\/td>\n<td>RVS 316<\/td>\n<td>G-X 6 CrNiMo 18 10<\/td>\n<td>1.4408<\/td>\n<td>GX6CrNiMo1810<\/td>\n<td>G-X 5 CrNiMo 19 11 2<\/td>\n<td>GX5CrNiMo19112<\/td>\n<\/tr>\n<tr>\n<td colspan=\"7\">\n<div style=\"width: 100%; float: left;\">\n<hr \/>\n<\/div>\n<\/td>\n<\/tr>\n<tr>\n<td>AISI 316L<\/td>\n<td>RVS 316 L<\/td>\n<td>G-X 2 CrNiMo 19 11 2<\/td>\n<td>1.4409<\/td>\n<td>GX2CrNiMo19112<\/td>\n<td>&#8211;<\/td>\n<td>&#8211;<\/td>\n<\/tr>\n<tr>\n<td colspan=\"7\">\n<div style=\"width: 100%; float: left;\">\n<hr \/>\n<\/div>\n<\/td>\n<\/tr>\n<\/tbody>\n<\/table>\n<p><i>* Dies ist nur eine Auswahl der h\u00e4ufigsten Materialsorten aus dieser Gruppe!<\/i><\/p>\n<\/div>\n<\/div><\/div><\/div><\/div><\/div><\/div><\/div><\/section><section class=\"l-section wpb_row height_medium\"><div class=\"l-section-overlay\" style=\"background:#efefef\"><\/div><div class=\"l-section-h i-cf\"><div class=\"g-cols vc_row via_flex valign_top type_default stacking_default\"><div class=\"vc_col-sm-12 wpb_column vc_column_container\"><div class=\"vc_column-inner\"><div class=\"wpb_wrapper\"><div class=\"wpb_text_column us_custom_33c3a0a5\"><div class=\"wpb_wrapper\"><h2 style=\"text-align: center;\"><span style=\"color: #303030;\">WIR WERDEN IHNEN GERNE WEITER HELFEN<\/span><\/h2>\n<p style=\"text-align: center;\"><span style=\"color: #303030;\">Diese Website verschafft Ihnen einen ersten Eindruck von unserem Familienbetrieb und unseren Produkten.<\/span><br \/>\n<span style=\"color: #303030;\">Eine detaillierte Einf\u00fchrung oder spezifische Informationen wenden Sie sich an uns.<\/span><\/p>\n<\/div><\/div><\/div><\/div><\/div><\/div><\/div><\/section><section class=\"l-section wpb_row height_medium with_img\"><div class=\"l-section-img\" role=\"img\" aria-label=\"Bild\" data-img-width=\"1700\" data-img-height=\"471\" style=\"background-image: url(https:\/\/www.dijkkamp.nl\/wp-content\/uploads\/2015\/06\/Gieterij-Dijkkamp_Slide-1.jpeg);background-repeat: no-repeat;\"><\/div><div class=\"l-section-overlay\" style=\"background:rgba(48,48,48,0.55)\"><\/div><div class=\"l-section-h i-cf\"><div class=\"g-cols vc_row via_flex valign_top type_default stacking_default\"><div class=\"vc_col-sm-12 wpb_column vc_column_container\"><div class=\"vc_column-inner\"><div class=\"wpb_wrapper\"><div class=\"g-cols wpb_row via_flex valign_top type_boxes stacking_default\"><div class=\"vc_col-sm-6 wpb_column vc_column_container has_bg_color\"><div class=\"vc_column-inner us_custom_6f17d6a3\"><div class=\"wpb_wrapper\"><div class=\"wpb_text_column\"><div class=\"wpb_wrapper\"><h3>HABEN SIE EINE FRAGEN?<\/h3>\n<p>Auf unserer Website k\u00f6nnen wir nat\u00fcrlich nicht alle \u201eGeheimrezepte\u201c verraten, Sie k\u00f6nnen uns jedoch unten stehend (oder pers\u00f6nlich) alle Fragen stellen, die Sie m\u00f6chten.<\/p>\n<\/div><\/div><div class=\"w-btn-wrapper align_none\"><a class=\"w-btn us-btn-style_7\" title=\"Bitte kontaktieren Sie uns\" href=\"https:\/\/www.dijkkamp.nl\/de\/kontakt\/\"><span class=\"w-btn-label\">Kontakt<\/span><\/a><\/div><\/div><\/div><\/div><div class=\"vc_col-sm-6 wpb_column vc_column_container has_bg_color\"><div class=\"vc_column-inner us_custom_ae00dbaa\"><div class=\"wpb_wrapper\"><div class=\"wpb_text_column\"><div class=\"wpb_wrapper\"><h3>ANGEBOT ANFORDERN?<\/h3>\n<p>Wissen Sie genau, was Sie brauchen? Dann gehen Sie direkt zu unserer Angebotsseite und f\u00fcllen Sie das vollst\u00e4ndige Angebot aus. Sie erhalten dann kurzfristig ein passendes Angebot von uns.<\/p>\n<\/div><\/div><div class=\"w-btn-wrapper align_none\"><a class=\"w-btn us-btn-style_7\" title=\"Fordern Sie sofort ein Angebot an\" href=\"https:\/\/www.dijkkamp.nl\/de\/angebot\/\"><span class=\"w-btn-label\">Angebot<\/span><\/a><\/div><\/div><\/div><\/div><\/div><\/div><\/div><\/div><\/div><\/div><\/section>\n","protected":false},"excerpt":{"rendered":"Gussstahl kommt in sehr vielen verschiedenen Legierungen vor und l\u00e4sst sich grob \u00fcber drei Qualit\u00e4ten verteilen: unlegierter Gussstahl f\u00fcr allgemeine Anwendungen (wird aufgrund der hohen mechanischen Eigenschaften oft im Maschinenbau und in der Industrie verwendet), niedrig legierter Gussstahl, der beispielsweise zur Erh\u00f6hung der Festigkeit oder der Verschlei\u00dffestigkeit veredelt wird, und legierter bzw. hochlegierter Gussstahl f\u00fcr...","protected":false},"author":11,"featured_media":0,"parent":4448,"menu_order":56,"comment_status":"closed","ping_status":"closed","template":"","meta":{"_seopress_robots_primary_cat":"","_seopress_titles_title":"Sie ben\u00f6tigen Gussstahl | Gie\u00dferei Dijkkamp","_seopress_titles_desc":"F\u00fcr alle Qualit\u00e4ten verschlei\u00dffesten, hitzebest\u00e4ndigen und rostfreien Gussstahls: unlegierter, niedrig legierter und hochlegierter Gussstahl. Besuchen Sie unsere Website!","_seopress_robots_index":"","footnotes":""},"class_list":["post-4498","page","type-page","status-publish","hentry"],"_links":{"self":[{"href":"https:\/\/www.dijkkamp.nl\/de\/wp-json\/wp\/v2\/pages\/4498","targetHints":{"allow":["GET"]}}],"collection":[{"href":"https:\/\/www.dijkkamp.nl\/de\/wp-json\/wp\/v2\/pages"}],"about":[{"href":"https:\/\/www.dijkkamp.nl\/de\/wp-json\/wp\/v2\/types\/page"}],"author":[{"embeddable":true,"href":"https:\/\/www.dijkkamp.nl\/de\/wp-json\/wp\/v2\/users\/11"}],"replies":[{"embeddable":true,"href":"https:\/\/www.dijkkamp.nl\/de\/wp-json\/wp\/v2\/comments?post=4498"}],"version-history":[{"count":0,"href":"https:\/\/www.dijkkamp.nl\/de\/wp-json\/wp\/v2\/pages\/4498\/revisions"}],"up":[{"embeddable":true,"href":"https:\/\/www.dijkkamp.nl\/de\/wp-json\/wp\/v2\/pages\/4448"}],"wp:attachment":[{"href":"https:\/\/www.dijkkamp.nl\/de\/wp-json\/wp\/v2\/media?parent=4498"}],"curies":[{"name":"wp","href":"https:\/\/api.w.org\/{rel}","templated":true}]}}