{"id":4487,"date":"2014-10-08T09:53:46","date_gmt":"2014-10-08T08:53:46","guid":{"rendered":"https:\/\/dijkkamp.questo.nl\/?page_id=4487"},"modified":"2022-06-21T15:08:48","modified_gmt":"2022-06-21T14:08:48","slug":"gusseisen-mit-kugelgraphit","status":"publish","type":"page","link":"https:\/\/www.dijkkamp.nl\/de\/material\/gusseisen-mit-kugelgraphit\/","title":{"rendered":"Gusseisen mit Kugelgraphit"},"content":{"rendered":"<section class=\"l-section wpb_row us_custom_21f802fb height_auto\"><div class=\"l-section-overlay\" style=\"background:#efefef\"><\/div><div class=\"l-section-h i-cf\"><div class=\"g-cols vc_row via_flex valign_top type_default stacking_default\"><div class=\"vc_col-sm-12 wpb_column vc_column_container has_bg_color\"><div class=\"vc_column-inner us_custom_1962d515\"><div class=\"wpb_wrapper\"><div class=\"wpb_text_column\"><div class=\"wpb_wrapper\"><p style=\"text-align: left;\">Gusseisen mit Kugelgraphit (standardisierte Bezeichnung GJS, fr\u00fcher GGG, \u201eglobularer Grauguss\u201c) verf\u00fcgt \u00fcber sehr hohe mechanische Eigenschaften, wodurch es eine ausgezeichnete Alternative zu Stahl ist. Diese Gusslegierung ist in mehreren Varianten erh\u00e4ltlich, von spr\u00f6de (ferritisch) bis zu zug- und verschlei\u00dffest (perlitisch). Diese Variante wird im Maschinenbau und in der Industrie sehr gern verwendet.<\/p>\n<\/div><\/div><div class=\"wpb_text_column us_custom_ab587282 has_text_color\"><div class=\"wpb_wrapper\"><div style=\"padding: 20px; border: 3px solid #e31a17;\">Lieferbar in Gussprodukte nach Zeichnung und Kundenspezifikation. Bitte beachten Sie: Wir liefern kein Strangguss!<\/div>\n<\/div><\/div><div class=\"w-separator size_custom\" style=\"height:10px\"><\/div><div class=\"wpb_text_column\"><div class=\"wpb_wrapper\"><h2>Gusseisen mit Kugelgraphit<\/h2>\n<h6><strong>Gusseisenlegierungen mit hohen mechanischen Eigenschaften. (Volgens: EN 1563 \/ DIN 1693 \/ ASTM A536-584)<\/strong><\/h6>\n<div>\n<div>\n<table class=\"Table1\" width=\"100%\">\n<tbody>\n<tr>\n<td>EN-GJS-400-15<\/td>\n<td>EN-JS 1030<\/td>\n<td>GGG-40<\/td>\n<td>0.7040<\/td>\n<td>60\/40\/52<\/td>\n<td>GGG40<\/td>\n<td class=\"td_Table_AlignRight\"><a href=\"https:\/\/www.dijkkamp.nl\/de\/material\/ggg40-en-gjs-400-15\/\">Weitere Info<\/a><\/td>\n<\/tr>\n<tr>\n<td colspan=\"7\">\n<div style=\"width: 100%; float: left;\">\n<hr \/>\n<\/div>\n<\/td>\n<\/tr>\n<tr>\n<td>EN-GJS-500-7<\/td>\n<td>EN-JS 1050<\/td>\n<td>GGG-50<\/td>\n<td>0.7050<\/td>\n<td>80\/55\/06<\/td>\n<td>GGG50<\/td>\n<td class=\"td_Table_AlignRight\"><a href=\"https:\/\/www.dijkkamp.nl\/de\/material\/ggg50-en-gjs-500-7\/\">Weitere Info<\/a><\/td>\n<\/tr>\n<tr>\n<td colspan=\"7\">\n<div style=\"width: 100%; float: left;\">\n<hr \/>\n<\/div>\n<\/td>\n<\/tr>\n<tr>\n<td>EN-GJS-600-3<\/td>\n<td>EN-JS 1060<\/td>\n<td>GGG-60<\/td>\n<td>0.7060<\/td>\n<td>80\/60\/03<\/td>\n<td>GGG60<\/td>\n<td class=\"td_Table_AlignRight\"><a href=\"https:\/\/www.dijkkamp.nl\/de\/material\/ggg60-en-gjs-600-3\/\">Weitere Info<\/a><\/td>\n<\/tr>\n<tr>\n<td colspan=\"7\">\n<div style=\"width: 100%; float: left;\">\n<hr \/>\n<\/div>\n<\/td>\n<\/tr>\n<tr>\n<td>EN-GJS-700-2<\/td>\n<td>EN-JS 1070<\/td>\n<td>GGG-70<\/td>\n<td>0.7070<\/td>\n<td>100\/70\/03<\/td>\n<td>GGG70<\/td>\n<td class=\"td_Table_AlignRight\"><a href=\"https:\/\/www.dijkkamp.nl\/de\/material\/ggg70-en-gjs-700-2\/\">Weitere Info<\/a><\/td>\n<\/tr>\n<tr>\n<td colspan=\"7\">\n<div style=\"width: 100%; float: left;\">\n<hr \/>\n<\/div>\n<\/td>\n<\/tr>\n<tr>\n<td>EN-GJS-800-2<\/td>\n<td>EN-JS 1080<\/td>\n<td>GGG-80<\/td>\n<td>0.7080<\/td>\n<td>120\/90\/02<\/td>\n<td>GGG80<\/td>\n<td><\/td>\n<\/tr>\n<tr>\n<td colspan=\"7\">\n<div style=\"width: 100%; float: left;\">\n<hr \/>\n<\/div>\n<\/td>\n<\/tr>\n<\/tbody>\n<\/table>\n<p><i>* Dies ist nur eine Auswahl der h\u00e4ufigsten Materialsorten aus dieser Gruppe!<\/i><\/p>\n<\/div>\n<\/div>\n<\/div><\/div><div class=\"w-separator size_custom\" style=\"height:10px\"><\/div><div class=\"wpb_text_column\"><div class=\"wpb_wrapper\"><h2>Gusseisen mit Kugelgraphit (hitzebest\u00e4ndig)<\/h2>\n<h6><strong>Hitzebest\u00e4ndigen Gusslegierungen.<\/strong><\/h6>\n<div>\n<div>\n<table class=\"Table1\" width=\"100%\">\n<tbody>\n<tr>\n<td>EN-GJS-XSiMo 3.1<\/td>\n<td>GGG SiMo 3.1<\/td>\n<td>SiMo<\/td>\n<td class=\"TableRow_Invisible\"><\/td>\n<td class=\"TableRow_Invisible\"><\/td>\n<td class=\"TableRow_Invisible\"><\/td>\n<td class=\"TableRow_Invisible\"><\/td>\n<\/tr>\n<tr>\n<td colspan=\"7\">\n<div style=\"width: 100%; float: left;\">\n<hr \/>\n<\/div>\n<\/td>\n<\/tr>\n<tr>\n<td>EN-GJS-XSiMo 4.05<\/td>\n<td>GGG SiMo 4.05<\/td>\n<td>SiMo<\/td>\n<td class=\"TableRow_Invisible\"><\/td>\n<td class=\"TableRow_Invisible\"><\/td>\n<td class=\"TableRow_Invisible\"><\/td>\n<td class=\"TableRow_Invisible\"><\/td>\n<\/tr>\n<tr>\n<td colspan=\"7\">\n<div style=\"width: 100%; float: left;\">\n<hr \/>\n<\/div>\n<\/td>\n<\/tr>\n<tr>\n<td>EN-GJS-XSiMo 5.1<\/td>\n<td>GGG SiMo 5.1<\/td>\n<td>SiMo<\/td>\n<td class=\"TableRow_Invisible\"><\/td>\n<td class=\"TableRow_Invisible\"><\/td>\n<td class=\"TableRow_Invisible\"><\/td>\n<td class=\"TableRow_Invisible\"><\/td>\n<\/tr>\n<tr>\n<td colspan=\"7\">\n<div style=\"width: 100%; float: left;\">\n<hr \/>\n<\/div>\n<\/td>\n<\/tr>\n<\/tbody>\n<\/table>\n<p><i>* Dies ist nur eine Auswahl der h\u00e4ufigsten Materialsorten aus dieser Gruppe!<\/i><\/p>\n<\/div>\n<\/div>\n<\/div><\/div><\/div><\/div><\/div><\/div><\/div><\/section><section class=\"l-section wpb_row height_medium\"><div class=\"l-section-overlay\" style=\"background:#efefef\"><\/div><div class=\"l-section-h i-cf\"><div class=\"g-cols vc_row via_flex valign_top type_default stacking_default\"><div class=\"vc_col-sm-12 wpb_column vc_column_container\"><div class=\"vc_column-inner\"><div class=\"wpb_wrapper\"><div class=\"wpb_text_column us_custom_33c3a0a5\"><div class=\"wpb_wrapper\"><h2 style=\"text-align: center;\"><span style=\"color: #303030;\">WIR WERDEN IHNEN GERNE WEITER HELFEN<\/span><\/h2>\n<p style=\"text-align: center;\"><span style=\"color: #303030;\">Diese Website verschafft Ihnen einen ersten Eindruck von unserem Familienbetrieb und unseren Produkten.<\/span><br \/>\n<span style=\"color: #303030;\">Eine detaillierte Einf\u00fchrung oder spezifische Informationen wenden Sie sich an uns.<\/span><\/p>\n<\/div><\/div><\/div><\/div><\/div><\/div><\/div><\/section><section class=\"l-section wpb_row height_medium with_img\"><div class=\"l-section-img\" role=\"img\" aria-label=\"Bild\" data-img-width=\"1700\" data-img-height=\"471\" style=\"background-image: url(https:\/\/www.dijkkamp.nl\/wp-content\/uploads\/2015\/06\/Gieterij-Dijkkamp_Slide-1.jpeg);background-repeat: no-repeat;\"><\/div><div class=\"l-section-overlay\" style=\"background:rgba(48,48,48,0.55)\"><\/div><div class=\"l-section-h i-cf\"><div class=\"g-cols vc_row via_flex valign_top type_default stacking_default\"><div class=\"vc_col-sm-12 wpb_column vc_column_container\"><div class=\"vc_column-inner\"><div class=\"wpb_wrapper\"><div class=\"g-cols wpb_row via_flex valign_top type_boxes stacking_default\"><div class=\"vc_col-sm-6 wpb_column vc_column_container has_bg_color\"><div class=\"vc_column-inner us_custom_6f17d6a3\"><div class=\"wpb_wrapper\"><div class=\"wpb_text_column\"><div class=\"wpb_wrapper\"><h3>HABEN SIE EINE FRAGEN?<\/h3>\n<p>Auf unserer Website k\u00f6nnen wir nat\u00fcrlich nicht alle \u201eGeheimrezepte\u201c verraten, Sie k\u00f6nnen uns jedoch unten stehend (oder pers\u00f6nlich) alle Fragen stellen, die Sie m\u00f6chten.<\/p>\n<\/div><\/div><div class=\"w-btn-wrapper align_none\"><a class=\"w-btn us-btn-style_7\" title=\"Bitte kontaktieren Sie uns\" href=\"https:\/\/www.dijkkamp.nl\/de\/kontakt\/\"><span class=\"w-btn-label\">Kontakt<\/span><\/a><\/div><\/div><\/div><\/div><div class=\"vc_col-sm-6 wpb_column vc_column_container has_bg_color\"><div class=\"vc_column-inner us_custom_ae00dbaa\"><div class=\"wpb_wrapper\"><div class=\"wpb_text_column\"><div class=\"wpb_wrapper\"><h3>ANGEBOT ANFORDERN?<\/h3>\n<p>Wissen Sie genau, was Sie brauchen? Dann gehen Sie direkt zu unserer Angebotsseite und f\u00fcllen Sie das vollst\u00e4ndige Angebot aus. Sie erhalten dann kurzfristig ein passendes Angebot von uns.<\/p>\n<\/div><\/div><div class=\"w-btn-wrapper align_none\"><a class=\"w-btn us-btn-style_7\" title=\"Fordern Sie sofort ein Angebot an\" href=\"https:\/\/www.dijkkamp.nl\/de\/angebot\/\"><span class=\"w-btn-label\">Angebot<\/span><\/a><\/div><\/div><\/div><\/div><\/div><\/div><\/div><\/div><\/div><\/div><\/section>\n","protected":false},"excerpt":{"rendered":"Gusseisen mit Kugelgraphit (standardisierte Bezeichnung GJS, fr\u00fcher GGG, \u201eglobularer Grauguss\u201c) verf\u00fcgt \u00fcber sehr hohe mechanische Eigenschaften, wodurch es eine ausgezeichnete Alternative zu Stahl ist. Diese Gusslegierung ist in mehreren Varianten erh\u00e4ltlich, von spr\u00f6de (ferritisch) bis zu zug- und verschlei\u00dffest (perlitisch). Diese Variante wird im Maschinenbau und in der Industrie sehr gern verwendet. Lieferbar in Gussprodukte...","protected":false},"author":11,"featured_media":0,"parent":4448,"menu_order":46,"comment_status":"closed","ping_status":"closed","template":"","meta":{"_seopress_robots_primary_cat":"","_seopress_titles_title":"Sie ben\u00f6tigen Gusseisen mit Kugelgraphit | Gie\u00dferei Dijkkamp","_seopress_titles_desc":"Die Gie\u00dferei Dijkkamp ist Lieferant von Gusseisen mit Kugelgraphit und Produkten aus Legierungen aus Gusseisen mit Kugelgraphit mit hohen mechanischen Eigenschaften. Besuchen Sie unsere Website!","_seopress_robots_index":"","footnotes":""},"class_list":["post-4487","page","type-page","status-publish","hentry"],"_links":{"self":[{"href":"https:\/\/www.dijkkamp.nl\/de\/wp-json\/wp\/v2\/pages\/4487","targetHints":{"allow":["GET"]}}],"collection":[{"href":"https:\/\/www.dijkkamp.nl\/de\/wp-json\/wp\/v2\/pages"}],"about":[{"href":"https:\/\/www.dijkkamp.nl\/de\/wp-json\/wp\/v2\/types\/page"}],"author":[{"embeddable":true,"href":"https:\/\/www.dijkkamp.nl\/de\/wp-json\/wp\/v2\/users\/11"}],"replies":[{"embeddable":true,"href":"https:\/\/www.dijkkamp.nl\/de\/wp-json\/wp\/v2\/comments?post=4487"}],"version-history":[{"count":0,"href":"https:\/\/www.dijkkamp.nl\/de\/wp-json\/wp\/v2\/pages\/4487\/revisions"}],"up":[{"embeddable":true,"href":"https:\/\/www.dijkkamp.nl\/de\/wp-json\/wp\/v2\/pages\/4448"}],"wp:attachment":[{"href":"https:\/\/www.dijkkamp.nl\/de\/wp-json\/wp\/v2\/media?parent=4487"}],"curies":[{"name":"wp","href":"https:\/\/api.w.org\/{rel}","templated":true}]}}