{"id":4477,"date":"2014-10-07T13:55:21","date_gmt":"2014-10-07T12:55:21","guid":{"rendered":"https:\/\/dijkkamp.questo.nl\/?page_id=4477"},"modified":"2023-12-15T17:51:34","modified_gmt":"2023-12-15T16:51:34","slug":"dienstleistungen","status":"publish","type":"page","link":"https:\/\/www.dijkkamp.nl\/de\/dienstleistungen\/","title":{"rendered":"Dienstleistungen"},"content":{"rendered":"<section class=\"l-section wpb_row height_auto\"><div class=\"l-section-h i-cf\"><div class=\"g-cols vc_row via_flex valign_top type_default stacking_default\"><div class=\"vc_col-sm-12 wpb_column vc_column_container\"><div class=\"vc_column-inner\"><div class=\"wpb_wrapper\"><div class=\"w-separator size_medium\"><\/div><h1 class=\"w-text us_custom_eb849559\"><span class=\"w-text-h\"><span class=\"w-text-value\">Dienstleistungen<\/span><\/span><\/h1><div class=\"w-separator size_medium\"><\/div><div class=\"g-cols wpb_row us_custom_a05d9d44 via_flex valign_top type_boxes reversed stacking_default\"><div class=\"vc_col-sm-6 wpb_column vc_column_container has_bg_color\"><div class=\"vc_column-inner us_custom_5016a133\"><div class=\"wpb_wrapper\"><div class=\"wpb_text_column\"><div class=\"wpb_wrapper\"><h3>GUSSFERTIGUNG<\/h3>\n<p>Wenn Sie bei Formgebung und Materialwahl Freiheit ben\u00f6tigen, ist Gussfertigung die ideale Herstellungsmethode. Unsere Spezialisierung ist das Liefern von in Sand gegossenen Produkten, die \u00fcber besondere Eigenschaften verf\u00fcgen m\u00fcssen. Mit unserer umfangreichen Erfahrung in der Gussfertigung und unserem vielseitigen Angebot erg\u00e4nzender Dienstleistungen betreuen wir Sie gern vom Entwurf bis zum Endprodukt.<\/p>\n<\/div><\/div><\/div><\/div><\/div><div class=\"vc_col-sm-6 wpb_column vc_column_container has_bg_color\"><div class=\"vc_column-inner us_custom_97a2f605\"><div class=\"wpb_wrapper\"><div class=\"w-separator size_custom\" style=\"height:290px\"><\/div><\/div><\/div><\/div><\/div><div class=\"g-cols wpb_row us_custom_a05d9d44 via_flex valign_top type_boxes stacking_default\"><div class=\"vc_col-sm-6 wpb_column vc_column_container has_bg_color\"><div class=\"vc_column-inner us_custom_8c4181a7\"><div class=\"wpb_wrapper\"><div class=\"w-separator size_custom\" style=\"height:290px\"><\/div><\/div><\/div><\/div><div class=\"vc_col-sm-6 wpb_column vc_column_container has_bg_color\"><div class=\"vc_column-inner us_custom_5016a133\"><div class=\"wpb_wrapper\"><div class=\"wpb_text_column\"><div class=\"wpb_wrapper\"><h3>MASCHINELLE BEARBEITUNG<\/h3>\n<p>Wenn bei Gussteilen Ma\u00dfgenauigkeit eine gro\u00dfe Rolle spielt, ist h\u00e4ufig eine maschinelle Nachbearbeitung erforderlich. Ein Gussteil aus der Fabrik ist n\u00e4mlich noch der Schrumpfung ausgesetzt. Wenn Ihr Produkt pr\u00e4zise Ma\u00dftoleranzen erfordert, drehen, fr\u00e4sen und bohren wir diese Toleranzen genau Ihren Angaben entsprechend.<\/p>\n<\/div><\/div><\/div><\/div><\/div><\/div><div class=\"g-cols wpb_row us_custom_a05d9d44 via_flex valign_top type_boxes reversed stacking_default\"><div class=\"vc_col-sm-6 wpb_column vc_column_container has_bg_color\"><div class=\"vc_column-inner us_custom_5016a133\"><div class=\"wpb_wrapper\"><div class=\"wpb_text_column\"><div class=\"wpb_wrapper\"><h3>OBERFL\u00c4CHENBEHANDLUNG<\/h3>\n<p>Mithilfe von Sandstrahlen k\u00f6nnen wir zum Beispiel Sandreste, Rost oder alte Lackreste von Ihren Metallteilen entfernen. Auf Wunsch bringen wir nach dieser Behandlung eine Lackierung an, zum Beispiel mit Nasslack oder Pulverbeschichtung.<\/p>\n<\/div><\/div><\/div><\/div><\/div><div class=\"vc_col-sm-6 wpb_column vc_column_container has_bg_color\"><div class=\"vc_column-inner us_custom_5287e13f\"><div class=\"wpb_wrapper\"><div class=\"w-separator size_custom\" style=\"height:290px\"><\/div><\/div><\/div><\/div><\/div><div class=\"g-cols wpb_row us_custom_a05d9d44 via_flex valign_top type_boxes stacking_default\"><div class=\"vc_col-sm-6 wpb_column vc_column_container has_bg_color\"><div class=\"vc_column-inner us_custom_0a43f73e\"><div class=\"wpb_wrapper\"><div class=\"w-separator size_custom\" style=\"height:290px\"><\/div><\/div><\/div><\/div><div class=\"vc_col-sm-6 wpb_column vc_column_container has_bg_color\"><div class=\"vc_column-inner us_custom_5016a133\"><div class=\"wpb_wrapper\"><div class=\"wpb_text_column\"><div class=\"wpb_wrapper\"><h3>KONSTRUKTION<\/h3>\n<p>Manchmal m\u00fcssen Gussteile aus konstruktionstechnischen Gr\u00fcnden mit Schwei\u00df- und Schmiedearbeiten kombiniert werden. Dieser Prozess erfordert umfangreiches Materialwissen sowie erhebliche Kenntnisse und Erfahrung, denn Gusseisen weist je nach Sorte und Zusammensetzung eine unterschiedliche Schwei\u00dff\u00e4higkeit auf. Sichern Sie sich eine gute Verbindung und nehmen Sie die Dienstleistung unserer Konstruktionsabteilung in Anspruch!<\/p>\n<\/div><\/div><\/div><\/div><\/div><\/div><div class=\"g-cols wpb_row us_custom_a05d9d44 via_flex valign_top type_boxes reversed stacking_default\"><div class=\"vc_col-sm-6 wpb_column vc_column_container has_bg_color\"><div class=\"vc_column-inner us_custom_5016a133\"><div class=\"wpb_wrapper\"><div class=\"wpb_text_column\"><div class=\"wpb_wrapper\"><h3>ENGINEERING<\/h3>\n<p>Vielleicht haben Sie sehr spezifische Produktw\u00fcnsche, die es bisher noch nicht gab, oder aus einem vorhandenen geschwei\u00dften Produkt muss beispielsweise ein Gussteil werden. Aufgrund unserer Erfahrung und unseres Einf\u00fchlungsverm\u00f6gens werden wir in solchen F\u00e4llen regelm\u00e4\u00dfig gebeten mitzudenken und mit unserem 3D-CAD-Programm Ideen auszuarbeiten.<\/p>\n<\/div><\/div><\/div><\/div><\/div><div class=\"vc_col-sm-6 wpb_column vc_column_container has_bg_color\"><div class=\"vc_column-inner us_custom_0db2ee65\"><div class=\"wpb_wrapper\"><div class=\"w-separator size_custom\" style=\"height:290px\"><\/div><\/div><\/div><\/div><\/div><\/div><\/div><\/div><div class=\"vc_col-sm-12 wpb_column vc_column_container\"><div class=\"vc_column-inner\"><div class=\"wpb_wrapper\"><\/div><\/div><\/div><div class=\"vc_col-sm-12 wpb_column vc_column_container\"><div class=\"vc_column-inner\"><div class=\"wpb_wrapper\"><\/div><\/div><\/div><div class=\"vc_col-sm-12 wpb_column vc_column_container\"><div class=\"vc_column-inner\"><div class=\"wpb_wrapper\"><\/div><\/div><\/div><\/div><\/div><\/section><section class=\"l-section wpb_row height_auto\"><div class=\"l-section-overlay\" style=\"background:#303030\"><\/div><div class=\"l-section-h i-cf\"><div class=\"g-cols vc_row via_flex valign_top type_default stacking_default\"><div class=\"vc_col-sm-12 wpb_column vc_column_container\"><div class=\"vc_column-inner\"><div class=\"wpb_wrapper\"><div class=\"g-cols wpb_row us_custom_a05d9d44 via_flex valign_top type_boxes stacking_default\"><div class=\"vc_col-sm-6 wpb_column vc_column_container has_bg_color\"><div class=\"vc_column-inner us_custom_034a8c5c\"><div class=\"wpb_wrapper\"><div class=\"w-separator size_custom\" style=\"height:290px\"><\/div><\/div><\/div><\/div><div class=\"vc_col-sm-6 wpb_column vc_column_container has_bg_color\"><div class=\"vc_column-inner us_custom_5016a133\"><div class=\"wpb_wrapper\"><div class=\"wpb_text_column\"><div class=\"wpb_wrapper\"><h3>PROJEKTLEITUNG<\/h3>\n<p>Wenn sich Ihr Produkt noch in der Entwicklungsphase befindet, denken wir gern schon von Anfang an mit ihnen mit. Wir k\u00f6nnen Ihnen beispielsweise eine technische Durchf\u00fchrbarkeitsstudie bieten. Wir bieten auch Unterst\u00fctzung bei Sanierungsprojekten, bei denen Gusseisenteile wieder in vollem Glanz erstrahlen sollen. Mithilfe unseres 3D-CAD-Programms k\u00f6nnen wir sogar von einem alten Foto oder anhand sehr begrenzter Informationen das von Ihnen Gew\u00fcnschte nacharbeiten. Betreuung von der ersten Idee bis zum Endprodukt \u2013 das ist unsere St\u00e4rke.<\/p>\n<\/div><\/div><\/div><\/div><\/div><\/div><\/div><\/div><\/div><\/div><\/div><\/section><section class=\"l-section wpb_row height_medium\"><div class=\"l-section-overlay\" style=\"background:#303030\"><\/div><div class=\"l-section-h i-cf\"><div class=\"g-cols vc_row via_flex valign_top type_default stacking_default\"><div class=\"vc_col-sm-12 wpb_column vc_column_container\"><div class=\"vc_column-inner\"><div class=\"wpb_wrapper\"><div class=\"wpb_text_column us_custom_33c3a0a5\"><div class=\"wpb_wrapper\"><h2 style=\"text-align: center;\"><span style=\"color: #ffffff;\">WIR WERDEN IHNEN GERNE HELFEN<\/span><\/h2>\n<p style=\"text-align: center;\"><span style=\"color: #ffffff;\">Diese Website verschafft Ihnen einen ersten Eindruck von unserem Familienbetrieb und unseren Produkten.<\/span><br \/>\n<span style=\"color: #ffffff;\">Aber nat\u00fcrlich gibt es noch viel mehr zu erz\u00e4hlen. Wir helfen Ihnen gerne weiter!<\/span><\/p>\n<\/div><\/div><\/div><\/div><\/div><\/div><\/div><\/section><section class=\"l-section wpb_row height_medium with_img\"><div class=\"l-section-img\" role=\"img\" aria-label=\"Bild\" data-img-width=\"1700\" data-img-height=\"471\" style=\"background-image: url(https:\/\/www.dijkkamp.nl\/wp-content\/uploads\/2015\/06\/Gieterij-Dijkkamp_Slide-1.jpeg);background-repeat: no-repeat;\"><\/div><div class=\"l-section-overlay\" style=\"background:rgba(48,48,48,0.55)\"><\/div><div class=\"l-section-h i-cf\"><div class=\"g-cols vc_row via_flex valign_top type_default stacking_default\"><div class=\"vc_col-sm-12 wpb_column vc_column_container\"><div class=\"vc_column-inner\"><div class=\"wpb_wrapper\"><div class=\"g-cols wpb_row via_flex valign_top type_boxes stacking_default\"><div class=\"vc_col-sm-6 wpb_column vc_column_container has_bg_color\"><div class=\"vc_column-inner us_custom_6f17d6a3\"><div class=\"wpb_wrapper\"><div class=\"wpb_text_column\"><div class=\"wpb_wrapper\"><h3>HABEN SIE FRAGEN?<\/h3>\n<p>Auf unserer Website k\u00f6nnen wir nat\u00fcrlich nicht alle \u2018Geheimrezepte\u2019 verraten, Sie k\u00f6nnen uns jedoch unten stehend (oder pers\u00f6nlich) alle Fragen stellen, die Sie m\u00f6chten.<\/p>\n<\/div><\/div><div class=\"w-btn-wrapper align_none\"><a class=\"w-btn us-btn-style_7\" title=\"Kontaktieren Sie uns\" href=\"\/de\/kontakt\/\"><span class=\"w-btn-label\">Kontakt<\/span><\/a><\/div><\/div><\/div><\/div><div class=\"vc_col-sm-6 wpb_column vc_column_container has_bg_color\"><div class=\"vc_column-inner us_custom_6f17d6a3\"><div class=\"wpb_wrapper\"><div class=\"wpb_text_column\"><div class=\"wpb_wrapper\"><h3>ANGEBOT ANFORDERN?<\/h3>\n<p>Wissen Sie genau, was Sie brauchen? Dann gehen Sie direkt zu unserer Angebotsseite und f\u00fcllen Sie das vollst\u00e4ndige Formular aus. Sie erhalten dann kurzfristig ein passendes Angebot von uns.<\/p>\n<\/div><\/div><div class=\"w-btn-wrapper align_none\"><a class=\"w-btn us-btn-style_7\" title=\"Fordern Sie sofort ein Angebot an\" href=\"\/de\/angebot\/\"><span class=\"w-btn-label\">Angebot anfordern<\/span><\/a><\/div><\/div><\/div><\/div><\/div><\/div><\/div><\/div><\/div><\/div><\/section>\n","protected":false},"excerpt":{"rendered":"DienstleistungenGUSSFERTIGUNG Wenn Sie bei Formgebung und Materialwahl Freiheit ben\u00f6tigen, ist Gussfertigung die ideale Herstellungsmethode. Unsere Spezialisierung ist das Liefern von in Sand gegossenen Produkten, die \u00fcber besondere Eigenschaften verf\u00fcgen m\u00fcssen. Mit unserer umfangreichen Erfahrung in der Gussfertigung und unserem vielseitigen Angebot erg\u00e4nzender Dienstleistungen betreuen wir Sie gern vom Entwurf bis zum Endprodukt. MASCHINELLE BEARBEITUNG Wenn...","protected":false},"author":11,"featured_media":17199,"parent":0,"menu_order":0,"comment_status":"closed","ping_status":"closed","template":"","meta":{"_seopress_robots_primary_cat":"","_seopress_titles_title":"","_seopress_titles_desc":"","_seopress_robots_index":"","footnotes":""},"class_list":["post-4477","page","type-page","status-publish","has-post-thumbnail","hentry"],"_links":{"self":[{"href":"https:\/\/www.dijkkamp.nl\/de\/wp-json\/wp\/v2\/pages\/4477","targetHints":{"allow":["GET"]}}],"collection":[{"href":"https:\/\/www.dijkkamp.nl\/de\/wp-json\/wp\/v2\/pages"}],"about":[{"href":"https:\/\/www.dijkkamp.nl\/de\/wp-json\/wp\/v2\/types\/page"}],"author":[{"embeddable":true,"href":"https:\/\/www.dijkkamp.nl\/de\/wp-json\/wp\/v2\/users\/11"}],"replies":[{"embeddable":true,"href":"https:\/\/www.dijkkamp.nl\/de\/wp-json\/wp\/v2\/comments?post=4477"}],"version-history":[{"count":0,"href":"https:\/\/www.dijkkamp.nl\/de\/wp-json\/wp\/v2\/pages\/4477\/revisions"}],"wp:featuredmedia":[{"embeddable":true,"href":"https:\/\/www.dijkkamp.nl\/de\/wp-json\/wp\/v2\/media\/17199"}],"wp:attachment":[{"href":"https:\/\/www.dijkkamp.nl\/de\/wp-json\/wp\/v2\/media?parent=4477"}],"curies":[{"name":"wp","href":"https:\/\/api.w.org\/{rel}","templated":true}]}}