{"id":4451,"date":"2014-10-07T15:35:18","date_gmt":"2014-10-07T14:35:18","guid":{"rendered":"https:\/\/dijkkamp.questo.nl\/?page_id=4451"},"modified":"2022-06-21T15:06:33","modified_gmt":"2022-06-21T14:06:33","slug":"gusseisen-mit-lamellengraphit","status":"publish","type":"page","link":"https:\/\/www.dijkkamp.nl\/de\/material\/gusseisen-mit-lamellengraphit\/","title":{"rendered":"Gusseisen mit Lamellengraphit"},"content":{"rendered":"<section class=\"l-section wpb_row us_custom_21f802fb height_auto\"><div class=\"l-section-overlay\" style=\"background:#efefef\"><\/div><div class=\"l-section-h i-cf\"><div class=\"g-cols vc_row via_flex valign_top type_default stacking_default\"><div class=\"vc_col-sm-12 wpb_column vc_column_container has_bg_color\"><div class=\"vc_column-inner us_custom_1962d515\"><div class=\"wpb_wrapper\"><div class=\"wpb_text_column\"><div class=\"wpb_wrapper\"><p style=\"text-align: left;\">Gusseisen mit Lamellengraphit (Bezeichnung nach aktueller europ\u00e4ischer Norm EN 1561 \u201eGJL\u201c oder fr\u00fcher nach DIN 1691 \u201eGGL\u201c) ist sozusagen das \u201enormale\u201c Gusseisen und hat einen hohen Kohlenstoffanteil und hervorragende Eigenschaften. Es l\u00e4sst sich gut verarbeiten, ist schalld\u00e4mpfend und relativ preisg\u00fcnstig. Diese Gusslegierung wird \u00fcberwiegend im Maschinenbau und f\u00fcr Stra\u00dfenmobiliar verwendet, aber dar\u00fcber hinaus auch f\u00fcr zahlreiche andere Anwendungsbereiche.<\/p>\n<\/div><\/div><div class=\"wpb_text_column us_custom_ab587282 has_text_color\"><div class=\"wpb_wrapper\"><div style=\"padding: 20px; border: 3px solid #e31a17;\">Lieferbar in Gussprodukte nach Zeichnung und Kundenspezifikation. Bitte beachten Sie: Wir liefern kein Strangguss!<\/div>\n<\/div><\/div><div class=\"w-separator size_custom\" style=\"height:10px\"><\/div><div class=\"wpb_text_column\"><div class=\"wpb_wrapper\"><h2>Gusseisen mit Lamellengraphit<\/h2>\n<h6><strong>Gusseisenlegierungen f\u00fcr allgemeine Anwendungen. (Volgens: EN1561 \/ DIN 1691 \/ ASTM A48)<\/strong><\/h6>\n<div>\n<div>\n<table class=\"Table1\" width=\"100%\">\n<tbody>\n<tr>\n<td>EN-GJL-150<\/td>\n<td>EN-JL 1020<\/td>\n<td>GG-15<\/td>\n<td>0.6015<\/td>\n<td>25 B<\/td>\n<td>GG15<\/td>\n<td><\/td>\n<\/tr>\n<tr>\n<td colspan=\"7\">\n<div style=\"width: 100%; float: left;\">\n<hr \/>\n<\/div>\n<\/td>\n<\/tr>\n<tr>\n<td>EN-GJL-200<\/td>\n<td>EN-JL 1030<\/td>\n<td>GG-20<\/td>\n<td>0.6020<\/td>\n<td>30 B<\/td>\n<td>GG20<\/td>\n<td class=\"td_Table_AlignRight\"><a href=\"https:\/\/www.dijkkamp.nl\/de\/material\/gg20-en-gjl-200\/\">Mehr info<\/a><\/td>\n<\/tr>\n<tr>\n<td colspan=\"7\">\n<div style=\"width: 100%; float: left;\">\n<hr \/>\n<\/div>\n<\/td>\n<\/tr>\n<tr>\n<td>EN-GJL-250<\/td>\n<td>EN-JL 1040<\/td>\n<td>GG-25<\/td>\n<td>0.6025<\/td>\n<td>40 B<\/td>\n<td>GG25<\/td>\n<td class=\"td_Table_AlignRight\"><a href=\"https:\/\/www.dijkkamp.nl\/de\/material\/gg25-en-gjl-250\/\">Mehr info<\/a><\/td>\n<\/tr>\n<tr>\n<td colspan=\"7\">\n<div style=\"width: 100%; float: left;\">\n<hr \/>\n<\/div>\n<\/td>\n<\/tr>\n<tr>\n<td>EN-GJL-300<\/td>\n<td>EN-JL 1050<\/td>\n<td>GG-30<\/td>\n<td>0.6030<\/td>\n<td>45 B<\/td>\n<td>GG30<\/td>\n<td><\/td>\n<\/tr>\n<tr>\n<td colspan=\"7\">\n<div style=\"width: 100%; float: left;\">\n<hr \/>\n<\/div>\n<\/td>\n<\/tr>\n<tr>\n<td>EN-GJL-350<\/td>\n<td>EN-JL 1060<\/td>\n<td>GG-35<\/td>\n<td>0.6030<\/td>\n<td>50 B<\/td>\n<td>GG35<\/td>\n<td><\/td>\n<\/tr>\n<tr>\n<td colspan=\"7\">\n<div style=\"width: 100%; float: left;\">\n<hr \/>\n<\/div>\n<\/td>\n<\/tr>\n<\/tbody>\n<\/table>\n<p><i>* Dies ist nur eine Auswahl der h\u00e4ufigsten Materialsorten aus dieser Gruppe!<\/i><\/p>\n<\/div>\n<\/div>\n<\/div><\/div><\/div><\/div><\/div><\/div><\/div><\/section><section class=\"l-section wpb_row height_medium\"><div class=\"l-section-overlay\" style=\"background:#efefef\"><\/div><div class=\"l-section-h i-cf\"><div class=\"g-cols vc_row via_flex valign_top type_default stacking_default\"><div class=\"vc_col-sm-12 wpb_column vc_column_container\"><div class=\"vc_column-inner\"><div class=\"wpb_wrapper\"><div class=\"wpb_text_column us_custom_33c3a0a5\"><div class=\"wpb_wrapper\"><h2 style=\"text-align: center;\"><span style=\"color: #303030;\">WIR WERDEN IHNEN GERNE WEITER HELFEN<\/span><\/h2>\n<p style=\"text-align: center;\"><span style=\"color: #303030;\">Diese Website verschafft Ihnen einen ersten Eindruck von unserem Familienbetrieb und unseren Produkten.<\/span><br \/>\n<span style=\"color: #303030;\">Eine detaillierte Einf\u00fchrung oder spezifische Informationen wenden Sie sich an uns.<\/span><\/p>\n<\/div><\/div><\/div><\/div><\/div><\/div><\/div><\/section><section class=\"l-section wpb_row height_medium with_img\"><div class=\"l-section-img\" role=\"img\" aria-label=\"Bild\" data-img-width=\"1700\" data-img-height=\"471\" style=\"background-image: url(https:\/\/www.dijkkamp.nl\/wp-content\/uploads\/2015\/06\/Gieterij-Dijkkamp_Slide-1.jpeg);background-repeat: no-repeat;\"><\/div><div class=\"l-section-overlay\" style=\"background:rgba(48,48,48,0.55)\"><\/div><div class=\"l-section-h i-cf\"><div class=\"g-cols vc_row via_flex valign_top type_default stacking_default\"><div class=\"vc_col-sm-12 wpb_column vc_column_container\"><div class=\"vc_column-inner\"><div class=\"wpb_wrapper\"><div class=\"g-cols wpb_row via_flex valign_top type_boxes stacking_default\"><div class=\"vc_col-sm-6 wpb_column vc_column_container has_bg_color\"><div class=\"vc_column-inner us_custom_6f17d6a3\"><div class=\"wpb_wrapper\"><div class=\"wpb_text_column\"><div class=\"wpb_wrapper\"><h3>HABEN SIE EINE FRAGEN?<\/h3>\n<p>Auf unserer Website k\u00f6nnen wir nat\u00fcrlich nicht alle \u201eGeheimrezepte\u201c verraten, Sie k\u00f6nnen uns jedoch unten stehend (oder pers\u00f6nlich) alle Fragen stellen, die Sie m\u00f6chten.<\/p>\n<\/div><\/div><div class=\"w-btn-wrapper align_none\"><a class=\"w-btn us-btn-style_7\" title=\"Bitte kontaktieren Sie uns\" href=\"https:\/\/www.dijkkamp.nl\/de\/kontakt\/\"><span class=\"w-btn-label\">Kontakt<\/span><\/a><\/div><\/div><\/div><\/div><div class=\"vc_col-sm-6 wpb_column vc_column_container has_bg_color\"><div class=\"vc_column-inner us_custom_ae00dbaa\"><div class=\"wpb_wrapper\"><div class=\"wpb_text_column\"><div class=\"wpb_wrapper\"><h3>ANGEBOT ANFORDERN?<\/h3>\n<p>Wissen Sie genau, was Sie brauchen? Dann gehen Sie direkt zu unserer Angebotsseite und f\u00fcllen Sie das vollst\u00e4ndige Angebot aus. Sie erhalten dann kurzfristig ein passendes Angebot von uns.<\/p>\n<\/div><\/div><div class=\"w-btn-wrapper align_none\"><a class=\"w-btn us-btn-style_7\" title=\"Fordern Sie sofort ein Angebot an\" href=\"https:\/\/www.dijkkamp.nl\/de\/angebot\/\"><span class=\"w-btn-label\">Angebot<\/span><\/a><\/div><\/div><\/div><\/div><\/div><\/div><\/div><\/div><\/div><\/div><\/section>\n","protected":false},"excerpt":{"rendered":"Gusseisen mit Lamellengraphit (Bezeichnung nach aktueller europ\u00e4ischer Norm EN 1561 \u201eGJL\u201c oder fr\u00fcher nach DIN 1691 \u201eGGL\u201c) ist sozusagen das \u201enormale\u201c Gusseisen und hat einen hohen Kohlenstoffanteil und hervorragende Eigenschaften. Es l\u00e4sst sich gut verarbeiten, ist schalld\u00e4mpfend und relativ preisg\u00fcnstig. Diese Gusslegierung wird \u00fcberwiegend im Maschinenbau und f\u00fcr Stra\u00dfenmobiliar verwendet, aber dar\u00fcber hinaus auch f\u00fcr...","protected":false},"author":11,"featured_media":0,"parent":4448,"menu_order":42,"comment_status":"closed","ping_status":"closed","template":"","meta":{"_seopress_robots_primary_cat":"","_seopress_titles_title":"Sie ben\u00f6tigen Gusseisen mit Lamellengraphit | Gie\u00dferei","_seopress_titles_desc":"Die Gie\u00dferei Dijkkamp ist Lieferant von Gusseisen mit Lamellengraphit und Produkten aus Gusseisen mit Lamellengraphit mit hochwertigen Legierungen. Besuchen Sie unsere Website!","_seopress_robots_index":"","footnotes":""},"class_list":["post-4451","page","type-page","status-publish","hentry"],"_links":{"self":[{"href":"https:\/\/www.dijkkamp.nl\/de\/wp-json\/wp\/v2\/pages\/4451","targetHints":{"allow":["GET"]}}],"collection":[{"href":"https:\/\/www.dijkkamp.nl\/de\/wp-json\/wp\/v2\/pages"}],"about":[{"href":"https:\/\/www.dijkkamp.nl\/de\/wp-json\/wp\/v2\/types\/page"}],"author":[{"embeddable":true,"href":"https:\/\/www.dijkkamp.nl\/de\/wp-json\/wp\/v2\/users\/11"}],"replies":[{"embeddable":true,"href":"https:\/\/www.dijkkamp.nl\/de\/wp-json\/wp\/v2\/comments?post=4451"}],"version-history":[{"count":0,"href":"https:\/\/www.dijkkamp.nl\/de\/wp-json\/wp\/v2\/pages\/4451\/revisions"}],"up":[{"embeddable":true,"href":"https:\/\/www.dijkkamp.nl\/de\/wp-json\/wp\/v2\/pages\/4448"}],"wp:attachment":[{"href":"https:\/\/www.dijkkamp.nl\/de\/wp-json\/wp\/v2\/media?parent=4451"}],"curies":[{"name":"wp","href":"https:\/\/api.w.org\/{rel}","templated":true}]}}