{"id":4448,"date":"2015-06-27T19:48:29","date_gmt":"2015-06-27T18:48:29","guid":{"rendered":"https:\/\/dijkkamp.questo.nl\/?page_id=4448"},"modified":"2022-06-21T15:05:16","modified_gmt":"2022-06-21T14:05:16","slug":"material","status":"publish","type":"page","link":"https:\/\/www.dijkkamp.nl\/de\/material\/","title":{"rendered":"MATERIAL"},"content":{"rendered":"<section class=\"l-section wpb_row height_auto\"><div class=\"l-section-overlay\" style=\"background:#efefef\"><\/div><div class=\"l-section-h i-cf\"><div class=\"g-cols vc_row via_flex valign_top type_default stacking_default\"><div class=\"vc_col-sm-12 wpb_column vc_column_container has_bg_color\"><div class=\"vc_column-inner us_custom_50466845\"><div class=\"wpb_wrapper\"><div class=\"wpb_text_column us_custom_4fb9e5a3\"><div class=\"wpb_wrapper\"><h2>Gusseisen und Gussstahl<\/h2>\n<p>Bei den Zusammensetzungen von Gusseisen und Gussstahl gibt es eine sehr gro\u00dfe Vielfalt. Sie besitzen alle ihre eigenen, einzigartigen Qualit\u00e4ten und Anwendungsm\u00f6glichkeiten. Wir k\u00f6nnen Sie hier nicht alle nennen. Jedoch k\u00f6nnen Sie sie alle bei uns bestellen. Aus Erfahrung wissen wir, welche Qualit\u00e4ten am meisten verwendet werden und f\u00fcr welche Anwendungen sie jeweils am besten geeignet sind. Wir beraten Sie gerne dazu.<\/p>\n<p>Die Qualit\u00e4ten tragen unterschiedliche Bezeichnungen, die wir in den Listen auf dieser Website \u00fcbersichtlich auff\u00fchren. Sind Sie auf der Suche nach einer speziellen Qualit\u00e4t, die Sie auf der Website nicht finden k\u00f6nnen? Nehmen Sie dann einfach <a href=\"\/de\/contact\/\">Kontakt<\/a> mit uns auf. Wir k\u00f6nnen Ihnen ganz bestimmt weiterhelfen.<\/p>\n<\/div><\/div><div class=\"wpb_text_column us_custom_887e9fdf has_text_color\"><div class=\"wpb_wrapper\"><div style=\"padding: 20px; border: 3px solid #e31a17;\">Lieferbar in Gussprodukte nach Zeichnung und Kundenspezifikation. Bitte beachten Sie: Wir liefern kein Strangguss!<\/div>\n<\/div><\/div><div class=\"w-separator size_small\"><\/div>[vc_wp_custommenu nav_menu=&#8220;36&#8243;]<\/div><\/div><\/div><\/div><\/div><\/section><section class=\"l-section wpb_row height_medium\"><div class=\"l-section-overlay\" style=\"background:#efefef\"><\/div><div class=\"l-section-h i-cf\"><div class=\"g-cols vc_row via_flex valign_top type_default stacking_default\"><div class=\"vc_col-sm-12 wpb_column vc_column_container\"><div class=\"vc_column-inner\"><div class=\"wpb_wrapper\"><div class=\"wpb_text_column us_custom_33c3a0a5\"><div class=\"wpb_wrapper\"><h2 style=\"text-align: center;\"><span style=\"color: #303030;\">\u00a0WIR WERDEN IHNEN GERNE WEITER HELFEN<\/span><\/h2>\n<p style=\"text-align: center;\"><span style=\"color: #303030;\">Diese Website verschafft Ihnen einen ersten Eindruck von unserem Familienbetrieb und unseren Produkten.<\/span><br \/>\n<span style=\"color: #303030;\">Eine detaillierte Einf\u00fchrung oder spezifische Informationen wenden Sie sich an uns.<\/span><\/p>\n<\/div><\/div><\/div><\/div><\/div><\/div><\/div><\/section><section class=\"l-section wpb_row height_medium with_img\"><div class=\"l-section-img\" role=\"img\" aria-label=\"Bild\" data-img-width=\"1700\" data-img-height=\"471\" style=\"background-image: url(https:\/\/www.dijkkamp.nl\/wp-content\/uploads\/2015\/06\/Gieterij-Dijkkamp_Slide-1.jpeg);background-repeat: no-repeat;\"><\/div><div class=\"l-section-overlay\" style=\"background:rgba(48,48,48,0.55)\"><\/div><div class=\"l-section-h i-cf\"><div class=\"g-cols vc_row via_flex valign_top type_default stacking_default\"><div class=\"vc_col-sm-12 wpb_column vc_column_container\"><div class=\"vc_column-inner\"><div class=\"wpb_wrapper\"><div class=\"g-cols wpb_row via_flex valign_top type_boxes stacking_default\"><div class=\"vc_col-sm-6 wpb_column vc_column_container has_bg_color\"><div class=\"vc_column-inner us_custom_f9b41c54\"><div class=\"wpb_wrapper\"><div class=\"wpb_text_column\"><div class=\"wpb_wrapper\"><h3>HABEN SIE EINE FRAGEN?<\/h3>\n<p>Auf unserer Website k\u00f6nnen wir nat\u00fcrlich nicht alle \u201eGeheimrezepte\u201c verraten, Sie k\u00f6nnen uns jedoch unten stehend (oder pers\u00f6nlich) alle Fragen stellen, die Sie m\u00f6chten.<\/p>\n<\/div><\/div><div class=\"w-btn-wrapper align_none\"><a class=\"w-btn us-btn-style_7\" title=\"Kontakt\" href=\"https:\/\/www.dijkkamp.nl\/de\/kontakt\/\"><span class=\"w-btn-label\">Kontakt<\/span><\/a><\/div><\/div><\/div><\/div><div class=\"vc_col-sm-6 wpb_column vc_column_container has_bg_color\"><div class=\"vc_column-inner us_custom_f9b41c54\"><div class=\"wpb_wrapper\"><div class=\"wpb_text_column\"><div class=\"wpb_wrapper\"><h3>Angebot Anfordern?<\/h3>\n<p>Wissen Sie genau, was Sie brauchen? Dann gehen Sie direkt zu unserer Angebotsseite und f\u00fcllen Sie das vollst\u00e4ndige Angebot aus. Sie erhalten dann kurzfristig ein passendes Angebot von uns.<\/p>\n<\/div><\/div><div class=\"w-btn-wrapper align_none\"><a class=\"w-btn us-btn-style_7\" title=\" Fordern Sie sofort ein Angebot an\" href=\"https:\/\/www.dijkkamp.nl\/de\/angebot\/\"><span class=\"w-btn-label\">Angebot Anfordern<\/span><\/a><\/div><\/div><\/div><\/div><\/div><\/div><\/div><\/div><\/div><\/div><\/section>\n","protected":false},"excerpt":{"rendered":"Gusseisen und Gussstahl Bei den Zusammensetzungen von Gusseisen und Gussstahl gibt es eine sehr gro\u00dfe Vielfalt. Sie besitzen alle ihre eigenen, einzigartigen Qualit\u00e4ten und Anwendungsm\u00f6glichkeiten. Wir k\u00f6nnen Sie hier nicht alle nennen. Jedoch k\u00f6nnen Sie sie alle bei uns bestellen. Aus Erfahrung wissen wir, welche Qualit\u00e4ten am meisten verwendet werden und f\u00fcr welche Anwendungen sie...","protected":false},"author":11,"featured_media":0,"parent":0,"menu_order":0,"comment_status":"open","ping_status":"closed","template":"","meta":{"_seopress_robots_primary_cat":"","_seopress_titles_title":"","_seopress_titles_desc":"","_seopress_robots_index":"","footnotes":""},"class_list":["post-4448","page","type-page","status-publish","hentry"],"_links":{"self":[{"href":"https:\/\/www.dijkkamp.nl\/de\/wp-json\/wp\/v2\/pages\/4448","targetHints":{"allow":["GET"]}}],"collection":[{"href":"https:\/\/www.dijkkamp.nl\/de\/wp-json\/wp\/v2\/pages"}],"about":[{"href":"https:\/\/www.dijkkamp.nl\/de\/wp-json\/wp\/v2\/types\/page"}],"author":[{"embeddable":true,"href":"https:\/\/www.dijkkamp.nl\/de\/wp-json\/wp\/v2\/users\/11"}],"replies":[{"embeddable":true,"href":"https:\/\/www.dijkkamp.nl\/de\/wp-json\/wp\/v2\/comments?post=4448"}],"version-history":[{"count":0,"href":"https:\/\/www.dijkkamp.nl\/de\/wp-json\/wp\/v2\/pages\/4448\/revisions"}],"wp:attachment":[{"href":"https:\/\/www.dijkkamp.nl\/de\/wp-json\/wp\/v2\/media?parent=4448"}],"curies":[{"name":"wp","href":"https:\/\/api.w.org\/{rel}","templated":true}]}}