{"id":4438,"date":"2014-10-07T13:44:03","date_gmt":"2014-10-07T12:44:03","guid":{"rendered":"https:\/\/dijkkamp.questo.nl\/?page_id=4438"},"modified":"2022-06-21T14:53:04","modified_gmt":"2022-06-21T13:53:04","slug":"sanierung","status":"publish","type":"page","link":"https:\/\/www.dijkkamp.nl\/de\/branchen\/baubranche\/sanierung\/","title":{"rendered":"Sanierung"},"content":{"rendered":"<section class=\"l-section wpb_row us_custom_21f802fb height_auto\"><div class=\"l-section-overlay\" style=\"background:#efefef\"><\/div><div class=\"l-section-h i-cf\"><div class=\"g-cols vc_row via_flex valign_top type_default stacking_default\"><div class=\"vc_col-sm-12 wpb_column vc_column_container has_bg_color\"><div class=\"vc_column-inner us_custom_1962d515\"><div class=\"wpb_wrapper\"><div class=\"wpb_text_column us_custom_4fb9e5a3\"><div class=\"wpb_wrapper\"><h2>Die Sanierung historischer Geb\u00e4ude und alter<br \/>\nZaunanlagen ist an sich schon eine Kunst f\u00fcr sich.<\/h2>\n<p>Und schon gar, wenn Sie Gussteile durch identische Gussteile ersetzen m\u00fcssen. Die sind nat\u00fcrlich schon lange nicht mehr im Handel, aber anhand eines Vorbildes oder einer Abbildung des urspr\u00fcnglichen Entwurfs k\u00f6nnen wir alles perfekt f\u00fcr Sie nachgie\u00dfen.<\/p>\n<\/div><\/div><div class=\"w-separator size_small\"><\/div><div class=\"w-grid type_masonry layout_gallery_default cols_4 preload_style_spinner with_isotope\" id=\"us_grid_1\" style=\"--columns:4;--gap:10px;\" data-filterable=\"true\"><style>@media (max-width:1024px){#us_grid_1{--columns:2!important}}@media (max-width:479px){#us_grid_1{--columns:1!important}}.layout_gallery_default .w-grid-item-h{}<\/style><div class=\"w-grid-list\">\t<article class=\"w-grid-item size_1x1 post-8102 attachment type-attachment status-inherit hentry\" data-id=\"8102\">\r\n\t\t<div class=\"w-grid-item-h\">\r\n\t\t\t\t\t\t\t<a ref=\"magnificPopupGrid\" href=\"https:\/\/www.dijkkamp.nl\/wp-content\/uploads\/2013\/05\/Gieterij-Dijkkamp-Branches-Bouwbranche-Restauratie-4.jpg\" class=\"w-grid-item-anchor\" aria-label=\"Gie\u00dferei Dijkkamp &#8211; Sanierung\"><\/a>\r\n\t\t\t\t\t\t<div class=\"w-post-elm post_image usg_post_image_1 stretched\"><img loading=\"lazy\" decoding=\"async\" width=\"1024\" height=\"682\" src=\"https:\/\/www.dijkkamp.nl\/wp-content\/uploads\/2013\/05\/Gieterij-Dijkkamp-Branches-Bouwbranche-Restauratie-4-1024x682.jpg\" class=\"attachment-large size-large\" alt=\"\" srcset=\"https:\/\/www.dijkkamp.nl\/wp-content\/uploads\/2013\/05\/Gieterij-Dijkkamp-Branches-Bouwbranche-Restauratie-4-1024x682.jpg 1024w, https:\/\/www.dijkkamp.nl\/wp-content\/uploads\/2013\/05\/Gieterij-Dijkkamp-Branches-Bouwbranche-Restauratie-4-300x200.jpg 300w, https:\/\/www.dijkkamp.nl\/wp-content\/uploads\/2013\/05\/Gieterij-Dijkkamp-Branches-Bouwbranche-Restauratie-4-600x400.jpg 600w, https:\/\/www.dijkkamp.nl\/wp-content\/uploads\/2013\/05\/Gieterij-Dijkkamp-Branches-Bouwbranche-Restauratie-4-150x100.jpg 150w, https:\/\/www.dijkkamp.nl\/wp-content\/uploads\/2013\/05\/Gieterij-Dijkkamp-Branches-Bouwbranche-Restauratie-4.jpg 1340w\" sizes=\"auto, (max-width: 1024px) 100vw, 1024px\" \/><\/div>\t\t<\/div>\r\n\t\t\t<\/article>\r\n\t<article class=\"w-grid-item size_1x1 post-8134 attachment type-attachment status-inherit hentry\" data-id=\"8134\">\r\n\t\t<div class=\"w-grid-item-h\">\r\n\t\t\t\t\t\t\t<a ref=\"magnificPopupGrid\" href=\"https:\/\/www.dijkkamp.nl\/wp-content\/uploads\/2013\/05\/Gieterij-Dijkkamp-Branches-Restauratie-3.jpg\" class=\"w-grid-item-anchor\" aria-label=\"Gie\u00dferei Dijkkamp &#8211; Sanierung\"><\/a>\r\n\t\t\t\t\t\t<div class=\"w-post-elm post_image usg_post_image_1 stretched\"><img loading=\"lazy\" decoding=\"async\" width=\"1024\" height=\"682\" src=\"https:\/\/www.dijkkamp.nl\/wp-content\/uploads\/2013\/05\/Gieterij-Dijkkamp-Branches-Restauratie-3-1024x682.jpg\" class=\"attachment-large size-large\" alt=\"\" srcset=\"https:\/\/www.dijkkamp.nl\/wp-content\/uploads\/2013\/05\/Gieterij-Dijkkamp-Branches-Restauratie-3-1024x682.jpg 1024w, https:\/\/www.dijkkamp.nl\/wp-content\/uploads\/2013\/05\/Gieterij-Dijkkamp-Branches-Restauratie-3-300x200.jpg 300w, https:\/\/www.dijkkamp.nl\/wp-content\/uploads\/2013\/05\/Gieterij-Dijkkamp-Branches-Restauratie-3-600x400.jpg 600w, https:\/\/www.dijkkamp.nl\/wp-content\/uploads\/2013\/05\/Gieterij-Dijkkamp-Branches-Restauratie-3-150x100.jpg 150w, https:\/\/www.dijkkamp.nl\/wp-content\/uploads\/2013\/05\/Gieterij-Dijkkamp-Branches-Restauratie-3.jpg 1340w\" sizes=\"auto, (max-width: 1024px) 100vw, 1024px\" \/><\/div>\t\t<\/div>\r\n\t\t\t<\/article>\r\n\t<article class=\"w-grid-item size_1x1 post-8132 attachment type-attachment status-inherit hentry\" data-id=\"8132\">\r\n\t\t<div class=\"w-grid-item-h\">\r\n\t\t\t\t\t\t\t<a ref=\"magnificPopupGrid\" href=\"https:\/\/www.dijkkamp.nl\/wp-content\/uploads\/2013\/05\/Gieterij-Dijkkamp-Branches-Restauratie-2.jpg\" class=\"w-grid-item-anchor\" aria-label=\"Gie\u00dferei Dijkkamp &#8211; Sanierung\"><\/a>\r\n\t\t\t\t\t\t<div class=\"w-post-elm post_image usg_post_image_1 stretched\"><img loading=\"lazy\" decoding=\"async\" width=\"1024\" height=\"682\" src=\"https:\/\/www.dijkkamp.nl\/wp-content\/uploads\/2013\/05\/Gieterij-Dijkkamp-Branches-Restauratie-2-1024x682.jpg\" class=\"attachment-large size-large\" alt=\"\" srcset=\"https:\/\/www.dijkkamp.nl\/wp-content\/uploads\/2013\/05\/Gieterij-Dijkkamp-Branches-Restauratie-2-1024x682.jpg 1024w, https:\/\/www.dijkkamp.nl\/wp-content\/uploads\/2013\/05\/Gieterij-Dijkkamp-Branches-Restauratie-2-300x200.jpg 300w, https:\/\/www.dijkkamp.nl\/wp-content\/uploads\/2013\/05\/Gieterij-Dijkkamp-Branches-Restauratie-2-600x400.jpg 600w, https:\/\/www.dijkkamp.nl\/wp-content\/uploads\/2013\/05\/Gieterij-Dijkkamp-Branches-Restauratie-2-150x100.jpg 150w, https:\/\/www.dijkkamp.nl\/wp-content\/uploads\/2013\/05\/Gieterij-Dijkkamp-Branches-Restauratie-2.jpg 1340w\" sizes=\"auto, (max-width: 1024px) 100vw, 1024px\" \/><\/div>\t\t<\/div>\r\n\t\t\t<\/article>\r\n\t<article class=\"w-grid-item size_1x1 post-8130 attachment type-attachment status-inherit hentry\" data-id=\"8130\">\r\n\t\t<div class=\"w-grid-item-h\">\r\n\t\t\t\t\t\t\t<a ref=\"magnificPopupGrid\" href=\"https:\/\/www.dijkkamp.nl\/wp-content\/uploads\/2013\/05\/Gieterij-Dijkkamp-Branches-Restauratie-1.jpg\" class=\"w-grid-item-anchor\" aria-label=\"Gie\u00dferei Dijkkamp &#8211; Sanierung\"><\/a>\r\n\t\t\t\t\t\t<div class=\"w-post-elm post_image usg_post_image_1 stretched\"><img loading=\"lazy\" decoding=\"async\" width=\"1024\" height=\"682\" src=\"https:\/\/www.dijkkamp.nl\/wp-content\/uploads\/2013\/05\/Gieterij-Dijkkamp-Branches-Restauratie-1-1024x682.jpg\" class=\"attachment-large size-large\" alt=\"\" srcset=\"https:\/\/www.dijkkamp.nl\/wp-content\/uploads\/2013\/05\/Gieterij-Dijkkamp-Branches-Restauratie-1-1024x682.jpg 1024w, https:\/\/www.dijkkamp.nl\/wp-content\/uploads\/2013\/05\/Gieterij-Dijkkamp-Branches-Restauratie-1-300x200.jpg 300w, https:\/\/www.dijkkamp.nl\/wp-content\/uploads\/2013\/05\/Gieterij-Dijkkamp-Branches-Restauratie-1-600x400.jpg 600w, https:\/\/www.dijkkamp.nl\/wp-content\/uploads\/2013\/05\/Gieterij-Dijkkamp-Branches-Restauratie-1-150x100.jpg 150w, https:\/\/www.dijkkamp.nl\/wp-content\/uploads\/2013\/05\/Gieterij-Dijkkamp-Branches-Restauratie-1.jpg 1340w\" sizes=\"auto, (max-width: 1024px) 100vw, 1024px\" \/><\/div>\t\t<\/div>\r\n\t\t\t<\/article>\r\n<\/div><div class=\"w-grid-preloader\">\t<div class=\"g-preloader type_1\">\r\n\t\t<div><\/div>\r\n\t<\/div>\r\n\t<\/div>\t<div class=\"w-grid-json hidden\" onclick='return {&quot;action&quot;:&quot;us_ajax_grid&quot;,&quot;infinite_scroll&quot;:0,&quot;max_num_pages&quot;:1,&quot;pagination&quot;:&quot;none&quot;,&quot;template_vars&quot;:{&quot;columns&quot;:&quot;4&quot;,&quot;exclude_items&quot;:&quot;none&quot;,&quot;img_size&quot;:&quot;large&quot;,&quot;ignore_items_size&quot;:0,&quot;items_layout&quot;:&quot;gallery_default&quot;,&quot;items_offset&quot;:&quot;1&quot;,&quot;load_animation&quot;:&quot;none&quot;,&quot;overriding_link&quot;:&quot;%7B%22type%22%3A%22popup_image%22%7D&quot;,&quot;post_id&quot;:0,&quot;query_args&quot;:{&quot;post_type&quot;:[&quot;attachment&quot;],&quot;post__in&quot;:[&quot;4070&quot;,&quot;4087&quot;,&quot;4086&quot;,&quot;4085&quot;],&quot;post_status&quot;:&quot;inherit&quot;,&quot;post_mime_type&quot;:&quot;image&quot;,&quot;posts_per_page&quot;:999},&quot;orderby_query_args&quot;:{&quot;orderby&quot;:{&quot;post__in&quot;:&quot;ASC&quot;},&quot;order&quot;:&quot;ASC&quot;},&quot;type&quot;:&quot;masonry&quot;,&quot;us_grid_post_type&quot;:&quot;attachment&quot;,&quot;us_grid_ajax_index&quot;:1,&quot;us_grid_filter_query_string&quot;:null,&quot;us_grid_index&quot;:1,&quot;page_args&quot;:[],&quot;lang&quot;:&quot;de&quot;}}'><\/div>\r\n\t<\/div><\/div><\/div><\/div><\/div><\/div><\/section><section class=\"l-section wpb_row height_medium\"><div class=\"l-section-overlay\" style=\"background:#efefef\"><\/div><div class=\"l-section-h i-cf\"><div class=\"g-cols vc_row via_flex valign_top type_default stacking_default\"><div class=\"vc_col-sm-12 wpb_column vc_column_container\"><div class=\"vc_column-inner\"><div class=\"wpb_wrapper\"><div class=\"wpb_text_column us_custom_33c3a0a5\"><div class=\"wpb_wrapper\"><h2 style=\"text-align: center;\"><span style=\"color: #303030;\">WIR WERDEN IHNEN GERNE HELFEN<\/span><\/h2>\n<p style=\"text-align: center;\"><span style=\"color: #303030;\">Diese Website verschafft Ihnen einen ersten Eindruck von unserem Familienbetrieb und unseren Produkten.<\/span><br \/>\n<span style=\"color: #303030;\">Aber nat\u00fcrlich gibt es noch viel mehr zu erz\u00e4hlen. Wir helfen Ihnen gerne weiter!<\/span><\/p>\n<\/div><\/div><\/div><\/div><\/div><\/div><\/div><\/section><section class=\"l-section wpb_row height_medium with_img\"><div class=\"l-section-img\" role=\"img\" aria-label=\"Bild\" data-img-width=\"1700\" data-img-height=\"471\" style=\"background-image: url(https:\/\/www.dijkkamp.nl\/wp-content\/uploads\/2015\/06\/Gieterij-Dijkkamp_Slide-1.jpeg);background-repeat: no-repeat;\"><\/div><div class=\"l-section-overlay\" style=\"background:rgba(48,48,48,0.55)\"><\/div><div class=\"l-section-h i-cf\"><div class=\"g-cols vc_row via_flex valign_top type_default stacking_default\"><div class=\"vc_col-sm-12 wpb_column vc_column_container\"><div class=\"vc_column-inner\"><div class=\"wpb_wrapper\"><div class=\"g-cols wpb_row via_flex valign_top type_boxes stacking_default\"><div class=\"vc_col-sm-6 wpb_column vc_column_container has_bg_color\"><div class=\"vc_column-inner us_custom_6f17d6a3\"><div class=\"wpb_wrapper\"><div class=\"wpb_text_column\"><div class=\"wpb_wrapper\"><h3>HABEN SIE FRAGEN?<\/h3>\n<p>Auf unserer Website k\u00f6nnen wir nat\u00fcrlich nicht alle \u2018Geheimrezepte\u2019 verraten, Sie k\u00f6nnen uns jedoch unten stehend (oder pers\u00f6nlich) alle Fragen stellen, die Sie m\u00f6chten.<\/p>\n<\/div><\/div><div class=\"w-btn-wrapper align_none\"><a class=\"w-btn us-btn-style_7\" title=\"Kontaktieren Sie uns\" href=\"\/de\/kontakt\/\"><span class=\"w-btn-label\">Kontakt<\/span><\/a><\/div><\/div><\/div><\/div><div class=\"vc_col-sm-6 wpb_column vc_column_container has_bg_color\"><div class=\"vc_column-inner us_custom_ae00dbaa\"><div class=\"wpb_wrapper\"><div class=\"wpb_text_column\"><div class=\"wpb_wrapper\"><h3>ANGEBOT ANFORDERN?<\/h3>\n<p>Wissen Sie genau, was Sie brauchen? Dann gehen Sie direkt zu unserer Angebotsseite und f\u00fcllen Sie das vollst\u00e4ndige Formular aus. Sie erhalten dann kurzfristig ein passendes Angebot von uns.<\/p>\n<\/div><\/div><div class=\"w-btn-wrapper align_none\"><a class=\"w-btn us-btn-style_7\" title=\"Fordern Sie sofort ein Angebot an\" href=\"\/de\/angebot\/\"><span class=\"w-btn-label\">Angebot anfordern<\/span><\/a><\/div><\/div><\/div><\/div><\/div><\/div><\/div><\/div><\/div><\/div><\/section>\n","protected":false},"excerpt":{"rendered":"","protected":false},"author":11,"featured_media":0,"parent":4548,"menu_order":29,"comment_status":"closed","ping_status":"closed","template":"","meta":{"_seopress_robots_primary_cat":"","_seopress_titles_title":"Renovierung von Schmiedearbeiten und Zaunanlagen aus Eisen | Dijkkamp","_seopress_titles_desc":"Fachbetrieb f\u00fcr die Renovierung und Fertigung von Schmiedearbeiten und Zaunanlagen aus Eisen. Auch passgenaue L\u00f6sungen m\u00f6glich! Besuchen Sie unsere Website!","_seopress_robots_index":"","footnotes":""},"class_list":["post-4438","page","type-page","status-publish","hentry"],"_links":{"self":[{"href":"https:\/\/www.dijkkamp.nl\/de\/wp-json\/wp\/v2\/pages\/4438","targetHints":{"allow":["GET"]}}],"collection":[{"href":"https:\/\/www.dijkkamp.nl\/de\/wp-json\/wp\/v2\/pages"}],"about":[{"href":"https:\/\/www.dijkkamp.nl\/de\/wp-json\/wp\/v2\/types\/page"}],"author":[{"embeddable":true,"href":"https:\/\/www.dijkkamp.nl\/de\/wp-json\/wp\/v2\/users\/11"}],"replies":[{"embeddable":true,"href":"https:\/\/www.dijkkamp.nl\/de\/wp-json\/wp\/v2\/comments?post=4438"}],"version-history":[{"count":0,"href":"https:\/\/www.dijkkamp.nl\/de\/wp-json\/wp\/v2\/pages\/4438\/revisions"}],"up":[{"embeddable":true,"href":"https:\/\/www.dijkkamp.nl\/de\/wp-json\/wp\/v2\/pages\/4548"}],"wp:attachment":[{"href":"https:\/\/www.dijkkamp.nl\/de\/wp-json\/wp\/v2\/media?parent=4438"}],"curies":[{"name":"wp","href":"https:\/\/api.w.org\/{rel}","templated":true}]}}