{"id":4426,"date":"2015-02-04T15:03:04","date_gmt":"2015-02-04T14:03:04","guid":{"rendered":"https:\/\/dijkkamp.questo.nl\/?page_id=4426"},"modified":"2024-06-06T11:12:13","modified_gmt":"2024-06-06T10:12:13","slug":"branchen","status":"publish","type":"page","link":"https:\/\/www.dijkkamp.nl\/de\/branchen\/","title":{"rendered":"Branchen"},"content":{"rendered":"<section class=\"l-section wpb_row height_auto\"><div class=\"l-section-h i-cf\"><div class=\"g-cols vc_row via_flex valign_top type_default stacking_default\"><div class=\"vc_col-sm-12 wpb_column vc_column_container\"><div class=\"vc_column-inner\"><div class=\"wpb_wrapper\"><div class=\"w-separator size_large\"><\/div><div class=\"g-cols wpb_row us_custom_912a06fd via_flex valign_top type_boxes reversed stacking_default\"><div class=\"vc_col-sm-6 wpb_column vc_column_container has_bg_color\"><div class=\"vc_column-inner us_custom_53ac4c18\"><div class=\"wpb_wrapper\"><div class=\"wpb_text_column\"><div class=\"wpb_wrapper\"><h3>FERTIGUNGSINDUSTRIE<\/h3>\n<p>Gie\u00dfen eignet sich ideal zur Herstellung von Maschinenteilen nach einer Zeichnung oder einem Vorbild, von belastungsf\u00e4higen bis zu kleinen, aber feinen Teilen, in jeder\u2026<\/p>\n<\/div><\/div><div class=\"w-btn-wrapper align_none\"><a class=\"w-btn us-btn-style_5 icon_atleft\" title=\"Fertigungsindustrie\" href=\"\/de\/branchen\/fertigungsindustrie\/\"><i class=\"fas fa-angle-right\"><\/i><span class=\"w-btn-label\">Weiterlesen<\/span><\/a><\/div><\/div><\/div><\/div><div class=\"vc_col-sm-6 wpb_column vc_column_container has_bg_color has-link\"><div class=\"vc_column-inner us_custom_a6c45ec7\"><div class=\"wpb_wrapper\"><div class=\"w-separator size_custom\" style=\"height:290px\"><\/div><\/div><\/div><a title=\"Fertigungsindustrie\" href=\"\/de\/branchen\/fertigungsindustrie\/\" class=\"vc_column-link smooth-scroll\"><\/a><\/div><\/div><div class=\"g-cols wpb_row us_custom_912a06fd via_flex valign_top type_boxes stacking_default\"><div class=\"vc_col-sm-6 wpb_column vc_column_container has_bg_color has-link\"><div class=\"vc_column-inner us_custom_d1e3e58f\"><div class=\"wpb_wrapper\"><div class=\"w-separator size_custom\" style=\"height:290px\"><\/div><\/div><\/div><a title=\"XL-Industrie\" href=\"\/de\/branchen\/xl-industrie\/\" class=\"vc_column-link smooth-scroll\"><\/a><\/div><div class=\"vc_col-sm-6 wpb_column vc_column_container has_bg_color\"><div class=\"vc_column-inner us_custom_53ac4c18\"><div class=\"wpb_wrapper\"><div class=\"wpb_text_column\"><div class=\"wpb_wrapper\"><h3>SCHWERINDUSTRIE<\/h3>\n<p>Branchen wie die Kakao-, Kohle-, Zement- und Baggerindustrie, Kranbau, Glas-\/Abfallverwertung und der Energiesektor stellen hohe Anforderungen an ihr Material. Wir\u2026<\/p>\n<\/div><\/div><div class=\"w-btn-wrapper align_none\"><a class=\"w-btn us-btn-style_5 icon_atleft\" title=\"Schwerindustrie\" href=\"\/de\/branchen\/xl-industrie\/\"><i class=\"fas fa-angle-right\"><\/i><span class=\"w-btn-label\">Weiterlesen<\/span><\/a><\/div><\/div><\/div><\/div><\/div><div class=\"g-cols wpb_row us_custom_912a06fd via_flex valign_top type_boxes reversed stacking_default\"><div class=\"vc_col-sm-6 wpb_column vc_column_container has_bg_color\"><div class=\"vc_column-inner us_custom_53ac4c18\"><div class=\"wpb_wrapper\"><div class=\"wpb_text_column\"><div class=\"wpb_wrapper\"><div class=\"wpb_text_column \">\n<div class=\"wpb_wrapper\">\n<h3>ST\u00c4DTEBAU<\/h3>\n<\/div>\n<\/div>\n<div class=\"wpb_text_column \">\n<div class=\"wpb_wrapper\">\n<p>Stra\u00dfenmobiliar aus Gussmaterial verleiht Ihrer Stadt oder Ihrem Dorf eine nostalgische oder, im Gegenteil, eine moderne Ausstrahlung. Wir bringen die Kreativit\u00e4t von Designern und\u2026<\/p>\n<\/div>\n<\/div>\n<\/div><\/div><div class=\"w-btn-wrapper align_none\"><a class=\"w-btn us-btn-style_5 icon_atleft\" title=\"St\u00e4dtebau\" href=\"\/de\/branchen\/behorden\/\"><i class=\"fas fa-angle-right\"><\/i><span class=\"w-btn-label\">Weiterlesen<\/span><\/a><\/div><\/div><\/div><\/div><div class=\"vc_col-sm-6 wpb_column vc_column_container has_bg_color has-link\"><div class=\"vc_column-inner us_custom_ca6d4f3f\"><div class=\"wpb_wrapper\"><div class=\"w-separator size_custom\" style=\"height:290px\"><\/div><\/div><\/div><a title=\"Beh\u00f6rden\" href=\"\/de\/branchen\/behorden\/\" class=\"vc_column-link smooth-scroll\"><\/a><\/div><\/div><\/div><\/div><\/div><\/div><\/div><\/section><section class=\"l-section wpb_row height_auto\"><div class=\"l-section-overlay\" style=\"background:#303030\"><\/div><div class=\"l-section-h i-cf\"><div class=\"g-cols vc_row via_flex valign_top type_default stacking_default\"><div class=\"vc_col-sm-12 wpb_column vc_column_container\"><div class=\"vc_column-inner\"><div class=\"wpb_wrapper\"><div class=\"g-cols wpb_row us_custom_912a06fd via_flex valign_top type_boxes stacking_default\"><div class=\"vc_col-sm-6 wpb_column vc_column_container has_bg_color has-link\"><div class=\"vc_column-inner us_custom_af3b55ce\"><div class=\"wpb_wrapper\"><div class=\"w-separator size_custom\" style=\"height:290px\"><\/div><\/div><\/div><a title=\"Baubranche\" href=\"\/de\/branchen\/baubranche-2\/\" class=\"vc_column-link smooth-scroll\"><\/a><\/div><div class=\"vc_col-sm-6 wpb_column vc_column_container has_bg_color\"><div class=\"vc_column-inner us_custom_53ac4c18\"><div class=\"wpb_wrapper\"><div class=\"wpb_text_column\"><div class=\"wpb_wrapper\"><div class=\"wpb_text_column \">\n<div class=\"wpb_wrapper\">\n<div class=\"wpb_text_column \">\n<div class=\"wpb_wrapper\">\n<h3>BAUBRANCHE<\/h3>\n<\/div>\n<\/div>\n<div class=\"wpb_text_column \">\n<div class=\"wpb_wrapper\">\n<p>Bei der Sanierung alter Geb\u00e4ude m\u00fcssen oft Ornamente aus Gusseisen erneuert werden. Nicht mehr im Handel? Geben Sie uns eine Zeichnung oder ein Vorbild und wir stellen\u2026<\/p>\n<\/div>\n<\/div>\n<\/div>\n<\/div>\n<\/div><\/div><div class=\"w-btn-wrapper align_none\"><a class=\"w-btn us-btn-style_5 icon_atleft\" title=\"Baubranche\" href=\"\/de\/branchen\/baubranche-2\/\"><i class=\"fas fa-angle-right\"><\/i><span class=\"w-btn-label\">Weiterlesen<\/span><\/a><\/div><\/div><\/div><\/div><\/div><\/div><\/div><\/div><\/div><\/div><\/section><section class=\"l-section wpb_row height_medium\"><div class=\"l-section-overlay\" style=\"background:#303030\"><\/div><div class=\"l-section-h i-cf\"><div class=\"g-cols vc_row via_flex valign_top type_default stacking_default\"><div class=\"vc_col-sm-12 wpb_column vc_column_container\"><div class=\"vc_column-inner\"><div class=\"wpb_wrapper\"><div class=\"wpb_text_column us_custom_33c3a0a5\"><div class=\"wpb_wrapper\"><h2 style=\"text-align: center;\"><span style=\"color: #ffffff;\">WIR WERDEN IHNEN GERNE HELFEN<\/span><\/h2>\n<p style=\"text-align: center;\"><span style=\"color: #ffffff;\">Diese Website verschafft Ihnen einen ersten Eindruck von unserem Familienbetrieb und unseren Produkten.<\/span><br \/>\n<span style=\"color: #ffffff;\">Aber nat\u00fcrlich gibt es noch viel mehr zu erz\u00e4hlen. Wir helfen Ihnen gerne weiter!<\/span><\/p>\n<\/div><\/div><\/div><\/div><\/div><\/div><\/div><\/section><section class=\"l-section wpb_row height_medium with_img\"><div class=\"l-section-img\" role=\"img\" aria-label=\"Bild\" data-img-width=\"1700\" data-img-height=\"471\" style=\"background-image: url(https:\/\/www.dijkkamp.nl\/wp-content\/uploads\/2015\/06\/Gieterij-Dijkkamp_Slide-1.jpeg);background-repeat: no-repeat;\"><\/div><div class=\"l-section-overlay\" style=\"background:rgba(48,48,48,0.55)\"><\/div><div class=\"l-section-h i-cf\"><div class=\"g-cols vc_row via_flex valign_top type_default stacking_default\"><div class=\"vc_col-sm-12 wpb_column vc_column_container\"><div class=\"vc_column-inner\"><div class=\"wpb_wrapper\"><div class=\"g-cols wpb_row via_flex valign_top type_boxes stacking_default\"><div class=\"vc_col-sm-6 wpb_column vc_column_container has_bg_color\"><div class=\"vc_column-inner us_custom_f9b41c54\"><div class=\"wpb_wrapper\"><div class=\"wpb_text_column\"><div class=\"wpb_wrapper\"><h3>HABEN SIE FRAGEN?<\/h3>\n<p>Auf unserer Website k\u00f6nnen wir nat\u00fcrlich nicht alle \u2018Geheimrezepte\u2019 verraten, Sie k\u00f6nnen uns jedoch unten stehend (oder pers\u00f6nlich) alle Fragen stellen, die Sie m\u00f6chten.<\/p>\n<\/div><\/div><div class=\"w-btn-wrapper align_none\"><a class=\"w-btn us-btn-style_7\" title=\"Kontaktieren Sie uns\" href=\"\/de\/kontakt\/\"><span class=\"w-btn-label\">Kontakt<\/span><\/a><\/div><\/div><\/div><\/div><div class=\"vc_col-sm-6 wpb_column vc_column_container has_bg_color\"><div class=\"vc_column-inner us_custom_f9b41c54\"><div class=\"wpb_wrapper\"><div class=\"wpb_text_column\"><div class=\"wpb_wrapper\"><h3>ANGEBOT ANFORDERN?<\/h3>\n<p>Wissen Sie genau, was Sie brauchen? Dann gehen Sie direkt zu unserer Angebotsseite und f\u00fcllen Sie das vollst\u00e4ndige Formular aus. Sie erhalten dann kurzfristig ein passendes Angebot von uns.<\/p>\n<\/div><\/div><div class=\"w-btn-wrapper align_none\"><a class=\"w-btn us-btn-style_7\" title=\"Fordern Sie sofort ein Angebot an\" href=\"\/de\/angebot\/\"><span class=\"w-btn-label\">Angebot anfordern<\/span><\/a><\/div><\/div><\/div><\/div><\/div><\/div><\/div><\/div><\/div><\/div><\/section>\n","protected":false},"excerpt":{"rendered":"FERTIGUNGSINDUSTRIE Gie\u00dfen eignet sich ideal zur Herstellung von Maschinenteilen nach einer Zeichnung oder einem Vorbild, von belastungsf\u00e4higen bis zu kleinen, aber feinen Teilen, in jeder\u2026 WeiterlesenSCHWERINDUSTRIE Branchen wie die Kakao-, Kohle-, Zement- und Baggerindustrie, Kranbau, Glas-\/Abfallverwertung und der Energiesektor stellen hohe Anforderungen an ihr Material. Wir\u2026 Weiterlesen ST\u00c4DTEBAU Stra\u00dfenmobiliar aus Gussmaterial verleiht Ihrer Stadt oder...","protected":false},"author":11,"featured_media":0,"parent":0,"menu_order":20,"comment_status":"closed","ping_status":"closed","template":"","meta":{"_seopress_robots_primary_cat":"","_seopress_titles_title":"Eisen- und Stahlgussteile f\u00fcr alle Branchen| Dijkkamp","_seopress_titles_desc":"Wir liefern Eisen- und Stahlgussteile f\u00fcr die Gro\u00dfindustrie, die Fertigungsindustrie, Beh\u00f6rden und die Baubranche. Auch Renovierungen. Besuchen Sie unsere Website!","_seopress_robots_index":"","footnotes":""},"class_list":["post-4426","page","type-page","status-publish","hentry"],"_links":{"self":[{"href":"https:\/\/www.dijkkamp.nl\/de\/wp-json\/wp\/v2\/pages\/4426","targetHints":{"allow":["GET"]}}],"collection":[{"href":"https:\/\/www.dijkkamp.nl\/de\/wp-json\/wp\/v2\/pages"}],"about":[{"href":"https:\/\/www.dijkkamp.nl\/de\/wp-json\/wp\/v2\/types\/page"}],"author":[{"embeddable":true,"href":"https:\/\/www.dijkkamp.nl\/de\/wp-json\/wp\/v2\/users\/11"}],"replies":[{"embeddable":true,"href":"https:\/\/www.dijkkamp.nl\/de\/wp-json\/wp\/v2\/comments?post=4426"}],"version-history":[{"count":0,"href":"https:\/\/www.dijkkamp.nl\/de\/wp-json\/wp\/v2\/pages\/4426\/revisions"}],"wp:attachment":[{"href":"https:\/\/www.dijkkamp.nl\/de\/wp-json\/wp\/v2\/media?parent=4426"}],"curies":[{"name":"wp","href":"https:\/\/api.w.org\/{rel}","templated":true}]}}