{"id":4423,"date":"2014-10-07T13:54:58","date_gmt":"2014-10-07T12:54:58","guid":{"rendered":"https:\/\/dijkkamp.questo.nl\/?page_id=4423"},"modified":"2023-12-18T15:21:06","modified_gmt":"2023-12-18T14:21:06","slug":"feuermeister","status":"publish","type":"page","link":"https:\/\/www.dijkkamp.nl\/de\/feuermeister\/","title":{"rendered":"\u00dcber uns"},"content":{"rendered":"<section class=\"l-section wpb_row height_auto\"><div class=\"l-section-h i-cf\"><div class=\"g-cols vc_row via_flex valign_top type_default stacking_default\"><div class=\"vc_col-sm-12 wpb_column vc_column_container\"><div class=\"vc_column-inner\"><div class=\"wpb_wrapper\"><div class=\"w-separator size_medium\"><\/div><h1 class=\"w-text us_custom_eb849559\"><span class=\"w-text-h\"><span class=\"w-text-value\">\u00dcber uns<\/span><\/span><\/h1><div class=\"wpb_text_column\"><div class=\"wpb_wrapper\"><h2 style=\"text-align: center;\">DAS GIESSEN VON EISEN UND STAHL IST EIN JAHRTAUSENDE ALTES HANDWERK<\/h2>\n<p style=\"text-align: center;\">Von der ersten bis zur aktuellen Generation mit dem gleichen Motto: &#8222;Es ist uns egal, was wir machen k\u00f6nnen, solange wir es gut k\u00f6nnen.&#8220;<br \/>\nAufgrund dieser Mentalit\u00e4t haben wir uns von einer kleinen Eisen- und Stahlgie\u00dferei zu einem internationalen Lieferanten von Endprodukten<br \/>\nmit hochwertigen Legierungen entwickelt. Mit anderen Worten: ma\u00dfgefertigte Gie\u00dfereiprodukte!<\/p>\n<\/div><\/div><div class=\"w-separator size_large\"><\/div><div class=\"g-cols wpb_row us_custom_a05d9d44 via_flex valign_top type_boxes reversed stacking_default\"><div class=\"vc_col-sm-6 wpb_column vc_column_container has_bg_color\"><div class=\"vc_column-inner us_custom_0ca36a31\"><div class=\"wpb_wrapper\"><div class=\"wpb_text_column\"><div class=\"wpb_wrapper\"><h3>WISSEN UND ERFAHRUNG<\/h3>\n<p>Ein aspekt ist dabei unver\u00e4ndert geblieben: spitzenqualit\u00e4t erfordert enorm viel wissen und erfahrung. Als familienbrtrien haben wir diese kompetenzen seit \u00fcber hundert jarhen im griff.<\/p>\n<\/div><\/div><\/div><\/div><\/div><div class=\"vc_col-sm-6 wpb_column vc_column_container has_bg_color\"><div class=\"vc_column-inner us_custom_587e6662\"><div class=\"wpb_wrapper\"><div class=\"w-separator size_custom\" style=\"height:290px\"><\/div><\/div><\/div><\/div><\/div><div class=\"g-cols wpb_row us_custom_a05d9d44 via_flex valign_top type_boxes stacking_default\"><div class=\"vc_col-sm-6 wpb_column vc_column_container has_bg_color\"><div class=\"vc_column-inner us_custom_15a0fdb0\"><div class=\"wpb_wrapper\"><div class=\"w-separator size_custom\" style=\"height:290px\"><\/div><\/div><\/div><\/div><div class=\"vc_col-sm-6 wpb_column vc_column_container has_bg_color\"><div class=\"vc_column-inner us_custom_ce6f9e56\"><div class=\"wpb_wrapper\"><div class=\"wpb_text_column\"><div class=\"wpb_wrapper\"><h3>F\u00dcR WEN ARBEITEN WIR<\/h3>\n<p>Wir liefern sowohl an Maschinenbau- und Fertigungsbetriebe als auch an die Gro\u00dfindustrie (u. a. Kakao-, Kohle-, Zement- und Baggerindustrie, Kranbau, Glas-\/Abfallverwertung und an den Energiesektor). \u00dcberdies fertigen wir im Auftrag von Kommunen beispielsweise Verzierungen und Zaunanlagen f\u00fcr Br\u00fccken und Stra\u00dfenmobiliar (B\u00e4nke, Laternenpf\u00e4hle). Und wir arbeiten f\u00fcr diverse Bauunternehmen, oft im Zuge der Sanierung historischer Geb\u00e4ude.<\/p>\n<\/div><\/div><\/div><\/div><\/div><\/div><\/div><\/div><\/div><\/div><\/div><\/section><section class=\"l-section wpb_row height_auto\"><div class=\"l-section-overlay\" style=\"background:#303030\"><\/div><div class=\"l-section-h i-cf\"><div class=\"g-cols vc_row via_flex valign_top type_default stacking_default\"><div class=\"vc_col-sm-12 wpb_column vc_column_container\"><div class=\"vc_column-inner\"><div class=\"wpb_wrapper\"><div class=\"g-cols wpb_row us_custom_a05d9d44 via_flex valign_top type_boxes reversed stacking_default\"><div class=\"vc_col-sm-6 wpb_column vc_column_container has_bg_color\"><div class=\"vc_column-inner us_custom_0f90ec0c\"><div class=\"wpb_wrapper\"><div class=\"wpb_text_column\"><div class=\"wpb_wrapper\"><div class=\"wpb_text_column \">\n<div class=\"wpb_wrapper\">\n<h3>FEUERMEISTER MIT LEIDENSCHAFT!<\/h3>\n<\/div>\n<\/div>\n<div class=\"wpb_text_column \">\n<div class=\"wpb_wrapper\">\n<p>Was im regul\u00e4ren Handel nicht erh\u00e4ltlich ist, stellen wir passgenau f\u00fcr Sie her. Von einfachem Gusseisen bis zu hochwertigen Legierungen, die Ihr Material und Ihre Produktionsteile ultrastark, verschlei\u00dffest oder hitzebest\u00e4ndig machen. Voll Stolz stellen wir uns Ihnen vor: wir sind Dijkkamp, leidenschaftlich engagierte Feuermeister.<\/p>\n<p>Wir stellen uns Ihnen stolz vor: Wir sind Dijkkamp, Feuermeister mit Leidenschaft!<\/p>\n<\/div>\n<\/div>\n<\/div><\/div><\/div><\/div><\/div><div class=\"vc_col-sm-6 wpb_column vc_column_container has_bg_color\"><div class=\"vc_column-inner us_custom_66f0a2ea\"><div class=\"wpb_wrapper\"><div class=\"w-separator size_custom\" style=\"height:290px\"><\/div><\/div><\/div><\/div><\/div><\/div><\/div><\/div><\/div><\/div><\/section><section class=\"l-section wpb_row height_medium\"><div class=\"l-section-overlay\" style=\"background:#303030\"><\/div><div class=\"l-section-h i-cf\"><div class=\"g-cols vc_row via_flex valign_top type_default stacking_default\"><div class=\"vc_col-sm-12 wpb_column vc_column_container\"><div class=\"vc_column-inner\"><div class=\"wpb_wrapper\"><div class=\"wpb_text_column us_custom_8e09cc6b\"><div class=\"wpb_wrapper\"><h2 style=\"text-align: center;\"><span style=\"color: #ffffff;\">WIR WERDEN IHNEN GERNE HELFEN<\/span><\/h2>\n<p style=\"text-align: center;\"><span style=\"color: #ffffff;\">Diese Website verschafft Ihnen einen ersten Eindruck von unserem Familienbetrieb und unseren Produkten.<\/span><br \/>\n<span style=\"color: #ffffff;\">Aber nat\u00fcrlich gibt es noch viel mehr zu erz\u00e4hlen. Wir helfen Ihnen gerne weiter!<\/span><\/p>\n<\/div><\/div><\/div><\/div><\/div><\/div><\/div><\/section><section class=\"l-section wpb_row height_medium with_img\"><div class=\"l-section-img\" role=\"img\" aria-label=\"Bild\" data-img-width=\"1700\" data-img-height=\"471\" style=\"background-image: url(https:\/\/www.dijkkamp.nl\/wp-content\/uploads\/2015\/06\/Gieterij-Dijkkamp_Slide-1.jpeg);background-repeat: no-repeat;\"><\/div><div class=\"l-section-overlay\" style=\"background:rgba(48,48,48,0.55)\"><\/div><div class=\"l-section-h i-cf\"><div class=\"g-cols vc_row via_flex valign_top type_default stacking_default\"><div class=\"vc_col-sm-12 wpb_column vc_column_container\"><div class=\"vc_column-inner\"><div class=\"wpb_wrapper\"><div class=\"g-cols wpb_row via_flex valign_top type_boxes stacking_default\"><div class=\"vc_col-sm-6 wpb_column vc_column_container has_bg_color\"><div class=\"vc_column-inner us_custom_6f17d6a3\"><div class=\"wpb_wrapper\"><div class=\"wpb_text_column\"><div class=\"wpb_wrapper\"><h3>HABEN SIE FRAGEN?<\/h3>\n<p>Auf unserer Website k\u00f6nnen wir nat\u00fcrlich nicht alle \u2018Geheimrezepte\u2019 verraten, Sie k\u00f6nnen uns jedoch unten stehend (oder pers\u00f6nlich) alle Fragen stellen, die Sie m\u00f6chten.<\/p>\n<\/div><\/div><div class=\"w-btn-wrapper align_none\"><a class=\"w-btn us-btn-style_7\" title=\"Kontaktieren Sie uns\" href=\"\/de\/kontakt\/\"><span class=\"w-btn-label\">Kontakt<\/span><\/a><\/div><\/div><\/div><\/div><div class=\"vc_col-sm-6 wpb_column vc_column_container has_bg_color\"><div class=\"vc_column-inner us_custom_ae00dbaa\"><div class=\"wpb_wrapper\"><div class=\"wpb_text_column\"><div class=\"wpb_wrapper\"><h3>ANGEBOT ANFORDERN?<\/h3>\n<p>Wissen Sie genau, was Sie brauchen? Dann gehen Sie direkt zu unserer Angebotsseite und f\u00fcllen Sie das vollst\u00e4ndige Formular aus. Sie erhalten dann kurzfristig ein passendes Angebot von uns.<\/p>\n<\/div><\/div><div class=\"w-btn-wrapper align_none\"><a class=\"w-btn us-btn-style_7\" title=\"Angebot anfordern\" href=\"\/de\/angebot\/\"><span class=\"w-btn-label\">Angebot anfordern<\/span><\/a><\/div><\/div><\/div><\/div><\/div><\/div><\/div><\/div><\/div><\/div><\/section>\n","protected":false},"excerpt":{"rendered":"\u00dcber unsDAS GIESSEN VON EISEN UND STAHL IST EIN JAHRTAUSENDE ALTES HANDWERK Von der ersten bis zur aktuellen Generation mit dem gleichen Motto: &#8222;Es ist uns egal, was wir machen k\u00f6nnen, solange wir es gut k\u00f6nnen.&#8220; Aufgrund dieser Mentalit\u00e4t haben wir uns von einer kleinen Eisen- und Stahlgie\u00dferei zu einem internationalen Lieferanten von Endprodukten mit...","protected":false},"author":11,"featured_media":0,"parent":0,"menu_order":5,"comment_status":"closed","ping_status":"closed","template":"","meta":{"_seopress_robots_primary_cat":"","_seopress_titles_title":"Traditionell-handwerkliche Stahl- und Eisengie\u00dferei | Gie\u00dferei Dijkkamp","_seopress_titles_desc":"Internationaler Lieferant von Eisen- und Stahlgussteilen in kleinem Rahmen sowie von Endprodukten mit hochwertigen Legierungen. Besuchen Sie unsere Website!","_seopress_robots_index":"","footnotes":""},"class_list":["post-4423","page","type-page","status-publish","hentry"],"_links":{"self":[{"href":"https:\/\/www.dijkkamp.nl\/de\/wp-json\/wp\/v2\/pages\/4423","targetHints":{"allow":["GET"]}}],"collection":[{"href":"https:\/\/www.dijkkamp.nl\/de\/wp-json\/wp\/v2\/pages"}],"about":[{"href":"https:\/\/www.dijkkamp.nl\/de\/wp-json\/wp\/v2\/types\/page"}],"author":[{"embeddable":true,"href":"https:\/\/www.dijkkamp.nl\/de\/wp-json\/wp\/v2\/users\/11"}],"replies":[{"embeddable":true,"href":"https:\/\/www.dijkkamp.nl\/de\/wp-json\/wp\/v2\/comments?post=4423"}],"version-history":[{"count":0,"href":"https:\/\/www.dijkkamp.nl\/de\/wp-json\/wp\/v2\/pages\/4423\/revisions"}],"wp:attachment":[{"href":"https:\/\/www.dijkkamp.nl\/de\/wp-json\/wp\/v2\/media?parent=4423"}],"curies":[{"name":"wp","href":"https:\/\/api.w.org\/{rel}","templated":true}]}}