{"id":4420,"date":"2013-05-31T08:44:43","date_gmt":"2013-05-31T07:44:43","guid":{"rendered":"https:\/\/dijkkamp.questo.nl\/?page_id=4420"},"modified":"2024-03-07T10:28:59","modified_gmt":"2024-03-07T09:28:59","slug":"sample-page-2","status":"publish","type":"page","link":"https:\/\/www.dijkkamp.nl\/de\/","title":{"rendered":"Home"},"content":{"rendered":"<section class=\"l-section wpb_row height_auto full_height valign_center\"><div class=\"l-section-h i-cf\"><div class=\"g-cols vc_row via_flex valign_top type_default stacking_default\"><div class=\"vc_col-sm-12 wpb_column vc_column_container\"><div class=\"vc_column-inner\"><div class=\"wpb_wrapper\">[rev_slider_vc alias=&#8220;home-DE&#8220;]<\/div><\/div><\/div><\/div><\/div><\/section><section class=\"l-section wpb_row height_auto\"><div class=\"l-section-h i-cf\"><div class=\"g-cols vc_row via_flex valign_top type_default stacking_default\"><div class=\"vc_col-sm-12 wpb_column vc_column_container\"><div class=\"vc_column-inner\"><div class=\"wpb_wrapper\"><div class=\"w-separator size_large\"><\/div><div class=\"wpb_text_column\"><div class=\"wpb_wrapper\"><h2 style=\"text-align: center;\">EISEN- UND STAHLGIESSEREI DIJKKAMP<\/h2>\n<p style=\"text-align: center;\">Als Eisen- und Stahlgie\u00dferei sind wir in den Niederlanden seit hundert Jahren ein Begriff und in den letzten Jahren sind wir auch mehr und mehr im Ausland t\u00e4tig.<br \/>\nFr\u00fcher stellten wir \u00fcberwiegend unbearbeitete Gussteile (Halbfabrikate) her, doch auf Wunsch unserer Kunden verlagerte sich der Schwerpunkt<br \/>\nin den letzten Jahren auf die Lieferung vollst\u00e4ndiger Endprodukte und Projekte (ma\u00dfgefertigte Gie\u00dfereiprodukte). Wir arbeiten in folgenden Branchen:<\/p>\n<\/div><\/div><div class=\"w-separator size_large\"><\/div><div class=\"g-cols wpb_row us_custom_a05d9d44 via_flex valign_top type_boxes reversed stacking_default\"><div class=\"vc_col-sm-6 wpb_column vc_column_container has_bg_color\"><div class=\"vc_column-inner us_custom_5016a133\"><div class=\"wpb_wrapper\"><div class=\"wpb_text_column\"><div class=\"wpb_wrapper\"><h3>FERTIGUNGSINDUSTRIE<\/h3>\n<p>Gie\u00dfen eignet sich ideal zur Herstellung von Maschinenteilen nach einer Zeichnung oder einem Vorbild, von belastungsf\u00e4higen bis zu kleinen, aber feinen Teilen, in jeder\u2026<\/p>\n<\/div><\/div><div class=\"w-btn-wrapper align_none\"><a class=\"w-btn us-btn-style_5 icon_atleft\" title=\"Fertigungsindustrie\" href=\"\/de\/branchen\/fertigungsindustrie\/\"><i class=\"fas fa-angle-right\"><\/i><span class=\"w-btn-label\">Weiterlesen<\/span><\/a><\/div><\/div><\/div><\/div><div class=\"vc_col-sm-6 wpb_column vc_column_container has_bg_color has-link\"><div class=\"vc_column-inner us_custom_a6c45ec7\"><div class=\"wpb_wrapper\"><div class=\"w-separator size_custom\" style=\"height:290px\"><\/div><\/div><\/div><a title=\"Fertigungsindustrie\" href=\"\/de\/branchen\/fertigungsindustrie\/\" class=\"vc_column-link smooth-scroll\"><\/a><\/div><\/div><\/div><\/div><\/div><\/div><\/div><\/section><section class=\"l-section wpb_row height_auto\"><div class=\"l-section-overlay\" style=\"background:#303030\"><\/div><div class=\"l-section-h i-cf\"><div class=\"g-cols vc_row via_flex valign_top type_default stacking_default\"><div class=\"vc_col-sm-12 wpb_column vc_column_container\"><div class=\"vc_column-inner\"><div class=\"wpb_wrapper\"><div class=\"g-cols wpb_row us_custom_a05d9d44 via_flex valign_top type_boxes stacking_default\"><div class=\"vc_col-sm-6 wpb_column vc_column_container has_bg_color has-link\"><div class=\"vc_column-inner us_custom_f19abc42\"><div class=\"wpb_wrapper\"><div class=\"w-separator size_custom\" style=\"height:290px\"><\/div><\/div><\/div><a title=\"XL-Industrie\" href=\"\/de\/branchen\/xl-industrie\/\" class=\"vc_column-link smooth-scroll\"><\/a><\/div><div class=\"vc_col-sm-6 wpb_column vc_column_container has_bg_color\"><div class=\"vc_column-inner us_custom_5016a133\"><div class=\"wpb_wrapper\"><div class=\"wpb_text_column\"><div class=\"wpb_wrapper\"><h3>SCHWERINDUSTRIE<\/h3>\n<p>Branchen wie die Kakao-, Kohle-, Zement- und Baggerindustrie, Kranbau, Glas-\/Abfallverwertung und der Energiesektor stellen hohe Anforderungen an ihr Material. Wir\u2026<\/p>\n<\/div><\/div><div class=\"w-btn-wrapper align_none\"><a class=\"w-btn us-btn-style_5 icon_atleft\" title=\"Schwerindustrie\" href=\"\/de\/branchen\/xl-industrie\/\"><i class=\"fas fa-angle-right\"><\/i><span class=\"w-btn-label\">Weiterlesen<\/span><\/a><\/div><\/div><\/div><\/div><\/div><div class=\"g-cols wpb_row us_custom_a05d9d44 via_flex valign_top type_boxes reversed stacking_default\"><div class=\"vc_col-sm-6 wpb_column vc_column_container has_bg_color\"><div class=\"vc_column-inner us_custom_5016a133\"><div class=\"wpb_wrapper\"><div class=\"wpb_text_column\"><div class=\"wpb_wrapper\"><div class=\"wpb_text_column \">\n<div class=\"wpb_wrapper\">\n<h3>ST\u00c4DTEBAU<\/h3>\n<\/div>\n<\/div>\n<div class=\"wpb_text_column \">\n<div class=\"wpb_wrapper\">\n<p>Stra\u00dfenmobiliar aus Gussmaterial verleiht Ihrer Stadt oder Ihrem Dorf eine nostalgische oder, im Gegenteil, eine moderne Ausstrahlung. Wir bringen die Kreativit\u00e4t von Designern und\u2026<\/p>\n<\/div>\n<\/div>\n<\/div><\/div><div class=\"w-btn-wrapper align_none\"><a class=\"w-btn us-btn-style_5 icon_atleft\" title=\"St\u00e4dtebau\" href=\"\/de\/branchen\/behorden\/\"><i class=\"fas fa-angle-right\"><\/i><span class=\"w-btn-label\">Weiterlesen<\/span><\/a><\/div><\/div><\/div><\/div><div class=\"vc_col-sm-6 wpb_column vc_column_container has_bg_color has-link\"><div class=\"vc_column-inner us_custom_ca6d4f3f\"><div class=\"wpb_wrapper\"><div class=\"w-separator size_custom\" style=\"height:290px\"><\/div><\/div><\/div><a title=\"Beh\u00f6rden\" href=\"\/de\/branchen\/behorden\/\" class=\"vc_column-link smooth-scroll\"><\/a><\/div><\/div><div class=\"g-cols wpb_row us_custom_a05d9d44 via_flex valign_top type_boxes stacking_default\"><div class=\"vc_col-sm-6 wpb_column vc_column_container has_bg_color has-link\"><div class=\"vc_column-inner us_custom_611b2550\"><div class=\"wpb_wrapper\"><div class=\"w-separator size_custom\" style=\"height:290px\"><\/div><\/div><\/div><a title=\"Baubranche\" href=\"\/de\/branchen\/baubranche-2\/\" class=\"vc_column-link smooth-scroll\"><\/a><\/div><div class=\"vc_col-sm-6 wpb_column vc_column_container has_bg_color\"><div class=\"vc_column-inner us_custom_5016a133\"><div class=\"wpb_wrapper\"><div class=\"wpb_text_column\"><div class=\"wpb_wrapper\"><div class=\"wpb_text_column \">\n<div class=\"wpb_wrapper\">\n<div class=\"wpb_text_column \">\n<div class=\"wpb_wrapper\">\n<h3>BAUBRANCHE<\/h3>\n<\/div>\n<\/div>\n<div class=\"wpb_text_column \">\n<div class=\"wpb_wrapper\">\n<p>Bei der Sanierung alter Geb\u00e4ude m\u00fcssen oft Ornamente aus Gusseisen erneuert werden. Nicht mehr im Handel? Geben Sie uns eine Zeichnung oder ein Vorbild und wir stellen\u2026<\/p>\n<\/div>\n<\/div>\n<\/div>\n<\/div>\n<\/div><\/div><div class=\"w-btn-wrapper align_none\"><a class=\"w-btn us-btn-style_5 icon_atleft\" title=\"Baubranche\" href=\"\/de\/branchen\/baubranche-2\/\"><i class=\"fas fa-angle-right\"><\/i><span class=\"w-btn-label\">Weiterlesen<\/span><\/a><\/div><\/div><\/div><\/div><\/div><\/div><\/div><\/div><\/div><\/div><\/section><section class=\"l-section wpb_row height_auto color_primary\"><div class=\"l-section-overlay\" style=\"background:#303030\"><\/div><div class=\"l-section-h i-cf\"><div class=\"g-cols vc_row via_flex valign_top type_default stacking_default\"><div class=\"vc_col-sm-12 wpb_column vc_column_container\"><div class=\"vc_column-inner us_custom_f1fe19ef\"><div class=\"wpb_wrapper\"><div class=\"w-separator size_large\"><\/div><div class=\"wpb_text_column\"><div class=\"wpb_wrapper\"><h2 style=\"text-align: center;\">Warum Stahlgiesserei Dijkkamp?<\/h2>\n<p style=\"text-align: center;\">Als Eisen- und Stahlgie\u00dferei sind wir in den Niederlanden seit hundert Jahren ein Begriff und in den letzten Jahren sind wir auch mehr und mehr im Ausland t\u00e4tig.<br \/>\nFr\u00fcher stellten wir \u00fcberwiegend unbearbeitete Gussteile (Halbfabrikate) her, doch auf Wunsch unserer Kunden verlagerte sich der Schwerpunkt<br \/>\nin den letzten Jahren auf die Lieferung vollst\u00e4ndiger Endprodukte und Projekte (ma\u00dfgefertigte Gie\u00dfereiprodukte).<\/p>\n<\/div><\/div><div class=\"w-separator size_medium\"><\/div><div class=\"g-cols wpb_row via_flex valign_top type_default stacking_default\" style=\"--additional-gap:25;\"><div class=\"vc_col-sm-4 wpb_column vc_column_container\"><div class=\"vc_column-inner us_custom_b7627d39\"><div class=\"wpb_wrapper\"><div class=\"w-iconbox iconpos_top style_default color_primary align_center no_text\"><div class=\"w-iconbox-icon\" style=\"font-size:100px;\"><i class=\"fal fa-bullseye-pointer\"><\/i><\/div><div class=\"w-iconbox-meta\"><h3 class=\"w-iconbox-title\" style=\"font-size:30;\">Ein Deal ist ein Deal<\/h3><\/div><\/div><\/div><\/div><\/div><div class=\"vc_col-sm-4 wpb_column vc_column_container\"><div class=\"vc_column-inner us_custom_b7627d39\"><div class=\"wpb_wrapper\"><div class=\"w-iconbox iconpos_top style_default color_primary align_center no_text\"><div class=\"w-iconbox-icon\" style=\"font-size:100px;\"><i class=\"fal fa-award\"><\/i><\/div><div class=\"w-iconbox-meta\"><h3 class=\"w-iconbox-title\" style=\"font-size:30;\">Beste Qualit\u00e4t<\/h3><\/div><\/div><\/div><\/div><\/div><div class=\"vc_col-sm-4 wpb_column vc_column_container\"><div class=\"vc_column-inner\"><div class=\"wpb_wrapper\"><div class=\"w-iconbox iconpos_top style_default color_primary align_center no_text\"><div class=\"w-iconbox-icon\" style=\"font-size:100px;\"><i class=\"fal fa-fingerprint\"><\/i><\/div><div class=\"w-iconbox-meta\"><h3 class=\"w-iconbox-title\" style=\"font-size:30;\">Eigenproduktion<\/h3><\/div><\/div><\/div><\/div><\/div><\/div><\/div><\/div><\/div><\/div><\/div><\/section><section class=\"l-section wpb_row bgsection height_medium\"><div class=\"l-section-overlay\" style=\"background:#303030\"><\/div><div class=\"l-section-h i-cf\"><div class=\"g-cols vc_row via_flex valign_top type_default stacking_default\"><div class=\"vc_col-sm-12 wpb_column vc_column_container\"><div class=\"vc_column-inner\"><div class=\"wpb_wrapper\"><div class=\"w-grid type_masonry layout_gallery_default cols_4 preload_style_spinner with_isotope\" id=\"us_grid_1\" style=\"--columns:4;\" data-filterable=\"true\"><style>@media (max-width:479px){#us_grid_1{--columns:2!important}}.layout_gallery_default .w-grid-item-h{}<\/style><div class=\"w-grid-list\">\t<article class=\"w-grid-item size_1x1 post-11260 attachment type-attachment status-inherit hentry\" data-id=\"11260\">\r\n\t\t<div class=\"w-grid-item-h\">\r\n\t\t\t\t\t\t\t<a ref=\"magnificPopupGrid\" href=\"https:\/\/www.dijkkamp.nl\/wp-content\/uploads\/2019\/12\/Gieterij_Dijkkamp_Vuurmeesters_1340x893px.jpg\" class=\"w-grid-item-anchor\" aria-label=\"Gie\u00dferei Dijkkamp &#8211; Feuermeister\"><\/a>\r\n\t\t\t\t\t\t<div class=\"w-post-elm post_image usg_post_image_1 stretched\"><img loading=\"lazy\" decoding=\"async\" width=\"1340\" height=\"893\" src=\"https:\/\/www.dijkkamp.nl\/wp-content\/uploads\/2019\/12\/Gieterij_Dijkkamp_Vuurmeesters_1340x893px.jpg\" class=\"attachment-full size-full\" alt=\"\" srcset=\"https:\/\/www.dijkkamp.nl\/wp-content\/uploads\/2019\/12\/Gieterij_Dijkkamp_Vuurmeesters_1340x893px.jpg 1340w, https:\/\/www.dijkkamp.nl\/wp-content\/uploads\/2019\/12\/Gieterij_Dijkkamp_Vuurmeesters_1340x893px-300x200.jpg 300w, https:\/\/www.dijkkamp.nl\/wp-content\/uploads\/2019\/12\/Gieterij_Dijkkamp_Vuurmeesters_1340x893px-1024x682.jpg 1024w, https:\/\/www.dijkkamp.nl\/wp-content\/uploads\/2019\/12\/Gieterij_Dijkkamp_Vuurmeesters_1340x893px-768x512.jpg 768w\" sizes=\"auto, (max-width: 1340px) 100vw, 1340px\" \/><\/div>\t\t<\/div>\r\n\t\t\t<\/article>\r\n\t<article class=\"w-grid-item size_1x1 post-8152 attachment type-attachment status-inherit hentry\" data-id=\"8152\">\r\n\t\t<div class=\"w-grid-item-h\">\r\n\t\t\t\t\t\t\t<a ref=\"magnificPopupGrid\" href=\"https:\/\/www.dijkkamp.nl\/wp-content\/uploads\/2015\/05\/iStock_000007033297_Medium.jpg\" class=\"w-grid-item-anchor\" aria-label=\"Gie\u00dferei Dijkkamp &#8211; XL-Industrie\"><\/a>\r\n\t\t\t\t\t\t<div class=\"w-post-elm post_image usg_post_image_1 stretched\"><img loading=\"lazy\" decoding=\"async\" width=\"1340\" height=\"893\" src=\"https:\/\/www.dijkkamp.nl\/wp-content\/uploads\/2015\/05\/iStock_000007033297_Medium.jpg\" class=\"attachment-full size-full\" alt=\"\" srcset=\"https:\/\/www.dijkkamp.nl\/wp-content\/uploads\/2015\/05\/iStock_000007033297_Medium.jpg 1340w, https:\/\/www.dijkkamp.nl\/wp-content\/uploads\/2015\/05\/iStock_000007033297_Medium-300x200.jpg 300w, https:\/\/www.dijkkamp.nl\/wp-content\/uploads\/2015\/05\/iStock_000007033297_Medium-1024x682.jpg 1024w, https:\/\/www.dijkkamp.nl\/wp-content\/uploads\/2015\/05\/iStock_000007033297_Medium-600x400.jpg 600w, https:\/\/www.dijkkamp.nl\/wp-content\/uploads\/2015\/05\/iStock_000007033297_Medium-150x100.jpg 150w\" sizes=\"auto, (max-width: 1340px) 100vw, 1340px\" \/><\/div>\t\t<\/div>\r\n\t\t\t<\/article>\r\n\t<article class=\"w-grid-item size_1x1 post-8136 attachment type-attachment status-inherit hentry\" data-id=\"8136\">\r\n\t\t<div class=\"w-grid-item-h\">\r\n\t\t\t\t\t\t\t<a ref=\"magnificPopupGrid\" href=\"https:\/\/www.dijkkamp.nl\/wp-content\/uploads\/2013\/05\/Gieterij-Dijkkamp-Constructie.jpg\" class=\"w-grid-item-anchor\" aria-label=\"Gie\u00dferei Dijkkamp &#8211; Konstruktion\"><\/a>\r\n\t\t\t\t\t\t<div class=\"w-post-elm post_image usg_post_image_1 stretched\"><img loading=\"lazy\" decoding=\"async\" width=\"1340\" height=\"893\" src=\"https:\/\/www.dijkkamp.nl\/wp-content\/uploads\/2013\/05\/Gieterij-Dijkkamp-Constructie.jpg\" class=\"attachment-full size-full\" alt=\"\" srcset=\"https:\/\/www.dijkkamp.nl\/wp-content\/uploads\/2013\/05\/Gieterij-Dijkkamp-Constructie.jpg 1340w, https:\/\/www.dijkkamp.nl\/wp-content\/uploads\/2013\/05\/Gieterij-Dijkkamp-Constructie-300x200.jpg 300w, https:\/\/www.dijkkamp.nl\/wp-content\/uploads\/2013\/05\/Gieterij-Dijkkamp-Constructie-1024x682.jpg 1024w, https:\/\/www.dijkkamp.nl\/wp-content\/uploads\/2013\/05\/Gieterij-Dijkkamp-Constructie-600x400.jpg 600w, https:\/\/www.dijkkamp.nl\/wp-content\/uploads\/2013\/05\/Gieterij-Dijkkamp-Constructie-150x100.jpg 150w\" sizes=\"auto, (max-width: 1340px) 100vw, 1340px\" \/><\/div>\t\t<\/div>\r\n\t\t\t<\/article>\r\n\t<article class=\"w-grid-item size_1x1 post-8130 attachment type-attachment status-inherit hentry\" data-id=\"8130\">\r\n\t\t<div class=\"w-grid-item-h\">\r\n\t\t\t\t\t\t\t<a ref=\"magnificPopupGrid\" href=\"https:\/\/www.dijkkamp.nl\/wp-content\/uploads\/2013\/05\/Gieterij-Dijkkamp-Branches-Restauratie-1.jpg\" class=\"w-grid-item-anchor\" aria-label=\"Gie\u00dferei Dijkkamp &#8211; Sanierung\"><\/a>\r\n\t\t\t\t\t\t<div class=\"w-post-elm post_image usg_post_image_1 stretched\"><img loading=\"lazy\" decoding=\"async\" width=\"1340\" height=\"893\" src=\"https:\/\/www.dijkkamp.nl\/wp-content\/uploads\/2013\/05\/Gieterij-Dijkkamp-Branches-Restauratie-1.jpg\" class=\"attachment-full size-full\" alt=\"\" srcset=\"https:\/\/www.dijkkamp.nl\/wp-content\/uploads\/2013\/05\/Gieterij-Dijkkamp-Branches-Restauratie-1.jpg 1340w, https:\/\/www.dijkkamp.nl\/wp-content\/uploads\/2013\/05\/Gieterij-Dijkkamp-Branches-Restauratie-1-300x200.jpg 300w, https:\/\/www.dijkkamp.nl\/wp-content\/uploads\/2013\/05\/Gieterij-Dijkkamp-Branches-Restauratie-1-1024x682.jpg 1024w, https:\/\/www.dijkkamp.nl\/wp-content\/uploads\/2013\/05\/Gieterij-Dijkkamp-Branches-Restauratie-1-600x400.jpg 600w, https:\/\/www.dijkkamp.nl\/wp-content\/uploads\/2013\/05\/Gieterij-Dijkkamp-Branches-Restauratie-1-150x100.jpg 150w\" sizes=\"auto, (max-width: 1340px) 100vw, 1340px\" \/><\/div>\t\t<\/div>\r\n\t\t\t<\/article>\r\n\t<article class=\"w-grid-item size_1x1 post-8126 attachment type-attachment status-inherit hentry\" data-id=\"8126\">\r\n\t\t<div class=\"w-grid-item-h\">\r\n\t\t\t\t\t\t\t<a ref=\"magnificPopupGrid\" href=\"https:\/\/www.dijkkamp.nl\/wp-content\/uploads\/2013\/05\/Gieterij-Dijkkamp-Branches-Maakindustrie-5.jpg\" class=\"w-grid-item-anchor\" aria-label=\"Gie\u00dferei Dijkkamp &#8211; Fertigungsindustrie\"><\/a>\r\n\t\t\t\t\t\t<div class=\"w-post-elm post_image usg_post_image_1 stretched\"><img loading=\"lazy\" decoding=\"async\" width=\"1340\" height=\"893\" src=\"https:\/\/www.dijkkamp.nl\/wp-content\/uploads\/2013\/05\/Gieterij-Dijkkamp-Branches-Maakindustrie-5.jpg\" class=\"attachment-full size-full\" alt=\"\" srcset=\"https:\/\/www.dijkkamp.nl\/wp-content\/uploads\/2013\/05\/Gieterij-Dijkkamp-Branches-Maakindustrie-5.jpg 1340w, https:\/\/www.dijkkamp.nl\/wp-content\/uploads\/2013\/05\/Gieterij-Dijkkamp-Branches-Maakindustrie-5-300x200.jpg 300w, https:\/\/www.dijkkamp.nl\/wp-content\/uploads\/2013\/05\/Gieterij-Dijkkamp-Branches-Maakindustrie-5-1024x682.jpg 1024w, https:\/\/www.dijkkamp.nl\/wp-content\/uploads\/2013\/05\/Gieterij-Dijkkamp-Branches-Maakindustrie-5-600x400.jpg 600w, https:\/\/www.dijkkamp.nl\/wp-content\/uploads\/2013\/05\/Gieterij-Dijkkamp-Branches-Maakindustrie-5-150x100.jpg 150w\" sizes=\"auto, (max-width: 1340px) 100vw, 1340px\" \/><\/div>\t\t<\/div>\r\n\t\t\t<\/article>\r\n\t<article class=\"w-grid-item size_1x1 post-8132 attachment type-attachment status-inherit hentry\" data-id=\"8132\">\r\n\t\t<div class=\"w-grid-item-h\">\r\n\t\t\t\t\t\t\t<a ref=\"magnificPopupGrid\" href=\"https:\/\/www.dijkkamp.nl\/wp-content\/uploads\/2013\/05\/Gieterij-Dijkkamp-Branches-Restauratie-2.jpg\" class=\"w-grid-item-anchor\" aria-label=\"Gie\u00dferei Dijkkamp &#8211; Sanierung\"><\/a>\r\n\t\t\t\t\t\t<div class=\"w-post-elm post_image usg_post_image_1 stretched\"><img loading=\"lazy\" decoding=\"async\" width=\"1340\" height=\"893\" src=\"https:\/\/www.dijkkamp.nl\/wp-content\/uploads\/2013\/05\/Gieterij-Dijkkamp-Branches-Restauratie-2.jpg\" class=\"attachment-full size-full\" alt=\"\" srcset=\"https:\/\/www.dijkkamp.nl\/wp-content\/uploads\/2013\/05\/Gieterij-Dijkkamp-Branches-Restauratie-2.jpg 1340w, https:\/\/www.dijkkamp.nl\/wp-content\/uploads\/2013\/05\/Gieterij-Dijkkamp-Branches-Restauratie-2-300x200.jpg 300w, https:\/\/www.dijkkamp.nl\/wp-content\/uploads\/2013\/05\/Gieterij-Dijkkamp-Branches-Restauratie-2-1024x682.jpg 1024w, https:\/\/www.dijkkamp.nl\/wp-content\/uploads\/2013\/05\/Gieterij-Dijkkamp-Branches-Restauratie-2-600x400.jpg 600w, https:\/\/www.dijkkamp.nl\/wp-content\/uploads\/2013\/05\/Gieterij-Dijkkamp-Branches-Restauratie-2-150x100.jpg 150w\" sizes=\"auto, (max-width: 1340px) 100vw, 1340px\" \/><\/div>\t\t<\/div>\r\n\t\t\t<\/article>\r\n\t<article class=\"w-grid-item size_1x1 post-8120 attachment type-attachment status-inherit hentry\" data-id=\"8120\">\r\n\t\t<div class=\"w-grid-item-h\">\r\n\t\t\t\t\t\t\t<a ref=\"magnificPopupGrid\" href=\"https:\/\/www.dijkkamp.nl\/wp-content\/uploads\/2013\/05\/Gieterij-Dijkkamp-Branches-Maakindustrie-2.jpg\" class=\"w-grid-item-anchor\" aria-label=\"Gie\u00dferei Dijkkamp &#8211; Fertigungsindustrie\"><\/a>\r\n\t\t\t\t\t\t<div class=\"w-post-elm post_image usg_post_image_1 stretched\"><img loading=\"lazy\" decoding=\"async\" width=\"1340\" height=\"893\" src=\"https:\/\/www.dijkkamp.nl\/wp-content\/uploads\/2013\/05\/Gieterij-Dijkkamp-Branches-Maakindustrie-2.jpg\" class=\"attachment-full size-full\" alt=\"\" srcset=\"https:\/\/www.dijkkamp.nl\/wp-content\/uploads\/2013\/05\/Gieterij-Dijkkamp-Branches-Maakindustrie-2.jpg 1340w, https:\/\/www.dijkkamp.nl\/wp-content\/uploads\/2013\/05\/Gieterij-Dijkkamp-Branches-Maakindustrie-2-300x200.jpg 300w, https:\/\/www.dijkkamp.nl\/wp-content\/uploads\/2013\/05\/Gieterij-Dijkkamp-Branches-Maakindustrie-2-1024x682.jpg 1024w, https:\/\/www.dijkkamp.nl\/wp-content\/uploads\/2013\/05\/Gieterij-Dijkkamp-Branches-Maakindustrie-2-600x400.jpg 600w, https:\/\/www.dijkkamp.nl\/wp-content\/uploads\/2013\/05\/Gieterij-Dijkkamp-Branches-Maakindustrie-2-150x100.jpg 150w\" sizes=\"auto, (max-width: 1340px) 100vw, 1340px\" \/><\/div>\t\t<\/div>\r\n\t\t\t<\/article>\r\n\t<article class=\"w-grid-item size_1x1 post-8112 attachment type-attachment status-inherit hentry\" data-id=\"8112\">\r\n\t\t<div class=\"w-grid-item-h\">\r\n\t\t\t\t\t\t\t<a ref=\"magnificPopupGrid\" href=\"https:\/\/www.dijkkamp.nl\/wp-content\/uploads\/2013\/05\/Gieterij-Dijkkamp-Branches-IndustrieXL-5.jpg\" class=\"w-grid-item-anchor\" aria-label=\"Gie\u00dferei Dijkkamp &#8211; XL-Industrie\"><\/a>\r\n\t\t\t\t\t\t<div class=\"w-post-elm post_image usg_post_image_1 stretched\"><img loading=\"lazy\" decoding=\"async\" width=\"1340\" height=\"893\" src=\"https:\/\/www.dijkkamp.nl\/wp-content\/uploads\/2013\/05\/Gieterij-Dijkkamp-Branches-IndustrieXL-5.jpg\" class=\"attachment-full size-full\" alt=\"\" srcset=\"https:\/\/www.dijkkamp.nl\/wp-content\/uploads\/2013\/05\/Gieterij-Dijkkamp-Branches-IndustrieXL-5.jpg 1340w, https:\/\/www.dijkkamp.nl\/wp-content\/uploads\/2013\/05\/Gieterij-Dijkkamp-Branches-IndustrieXL-5-300x200.jpg 300w, https:\/\/www.dijkkamp.nl\/wp-content\/uploads\/2013\/05\/Gieterij-Dijkkamp-Branches-IndustrieXL-5-1024x682.jpg 1024w, https:\/\/www.dijkkamp.nl\/wp-content\/uploads\/2013\/05\/Gieterij-Dijkkamp-Branches-IndustrieXL-5-600x400.jpg 600w, https:\/\/www.dijkkamp.nl\/wp-content\/uploads\/2013\/05\/Gieterij-Dijkkamp-Branches-IndustrieXL-5-150x100.jpg 150w\" sizes=\"auto, (max-width: 1340px) 100vw, 1340px\" \/><\/div>\t\t<\/div>\r\n\t\t\t<\/article>\r\n<\/div><div class=\"w-grid-preloader\">\t<div class=\"g-preloader type_1\">\r\n\t\t<div><\/div>\r\n\t<\/div>\r\n\t<\/div>\t<div class=\"w-grid-json hidden\" onclick='return {&quot;action&quot;:&quot;us_ajax_grid&quot;,&quot;infinite_scroll&quot;:0,&quot;max_num_pages&quot;:1,&quot;pagination&quot;:&quot;none&quot;,&quot;template_vars&quot;:{&quot;columns&quot;:&quot;4&quot;,&quot;exclude_items&quot;:&quot;none&quot;,&quot;img_size&quot;:&quot;full&quot;,&quot;ignore_items_size&quot;:0,&quot;items_layout&quot;:&quot;gallery_default&quot;,&quot;items_offset&quot;:&quot;1&quot;,&quot;load_animation&quot;:&quot;none&quot;,&quot;overriding_link&quot;:&quot;%7B%22type%22%3A%22popup_image%22%7D&quot;,&quot;post_id&quot;:0,&quot;query_args&quot;:{&quot;post_type&quot;:[&quot;attachment&quot;],&quot;post__in&quot;:[&quot;11260&quot;,&quot;4105&quot;,&quot;4088&quot;,&quot;4085&quot;,&quot;4083&quot;,&quot;8132&quot;,&quot;4080&quot;,&quot;4076&quot;],&quot;post_status&quot;:&quot;inherit&quot;,&quot;post_mime_type&quot;:&quot;image&quot;,&quot;posts_per_page&quot;:999},&quot;orderby_query_args&quot;:{&quot;orderby&quot;:{&quot;post__in&quot;:&quot;ASC&quot;},&quot;order&quot;:&quot;ASC&quot;},&quot;type&quot;:&quot;masonry&quot;,&quot;us_grid_post_type&quot;:&quot;attachment&quot;,&quot;us_grid_ajax_index&quot;:1,&quot;us_grid_filter_query_string&quot;:null,&quot;us_grid_index&quot;:1,&quot;page_args&quot;:[],&quot;lang&quot;:&quot;de&quot;}}'><\/div>\r\n\t<\/div><\/div><\/div><\/div><\/div><\/div><\/section><section class=\"l-section wpb_row us_custom_b03640aa height_medium\"><div class=\"l-section-h i-cf\"><div class=\"g-cols vc_row via_flex valign_top type_default stacking_default\"><div class=\"vc_col-sm-12 wpb_column vc_column_container\"><div class=\"vc_column-inner\"><div class=\"wpb_wrapper\"><div class=\"wpb_text_column\"><div class=\"wpb_wrapper\"><h2 style=\"text-align: center;\"><span style=\"color: #303030;\">WIR WERDEN IHNEN GERNE HELFEN<\/span><\/h2>\n<p style=\"text-align: center;\"><span style=\"color: #303030;\">Diese Website verschafft Ihnen einen ersten Eindruck von unserem Familienbetrieb und unseren Produkten.<\/span><br \/>\n<span style=\"color: #303030;\">Aber nat\u00fcrlich gibt es noch viel mehr zu erz\u00e4hlen. Wir helfen Ihnen gerne weiter!<\/span><\/p>\n<\/div><\/div><div class=\"g-cols wpb_row us_custom_7d5a72c1 via_flex valign_top type_boxes stacking_default\"><div class=\"vc_col-sm-6 wpb_column vc_column_container has_bg_color\"><div class=\"vc_column-inner us_custom_0e3553a9\"><div class=\"wpb_wrapper\"><div class=\"wpb_text_column\"><div class=\"wpb_wrapper\"><h3>HABEN SIE FRAGEN?<\/h3>\n<p>Auf unserer Website k\u00f6nnen wir nat\u00fcrlich nicht alle \u2018Geheimrezepte\u2019 verraten, Sie k\u00f6nnen uns jedoch unten stehend (oder pers\u00f6nlich) alle Fragen stellen, die Sie m\u00f6chten.<\/p>\n<\/div><\/div><div class=\"w-btn-wrapper align_none\"><a class=\"w-btn us-btn-style_7\" title=\"Kontaktieren Sie uns\" href=\"\/de\/kontakt\/\"><span class=\"w-btn-label\">Kontakt<\/span><\/a><\/div><\/div><\/div><\/div><div class=\"vc_col-sm-6 wpb_column vc_column_container has_bg_color\"><div class=\"vc_column-inner us_custom_e77a0274\"><div class=\"wpb_wrapper\"><div class=\"wpb_text_column\"><div class=\"wpb_wrapper\"><h3>ANGEBOT ANFORDERN?<\/h3>\n<p>Wissen Sie genau, was Sie brauchen? Dann gehen Sie direkt zu unserer Angebotsseite und f\u00fcllen Sie das vollst\u00e4ndige Formular aus. Sie erhalten dann kurzfristig ein passendes Angebot von uns.<\/p>\n<\/div><\/div><div class=\"w-btn-wrapper align_none\"><a class=\"w-btn us-btn-style_7\" title=\"Fordern Sie sofort ein Angebot an\" href=\"\/de\/angebot\/\"><span class=\"w-btn-label\">Angebot anfordern<\/span><\/a><\/div><\/div><\/div><\/div><\/div><\/div><\/div><\/div><\/div><\/div><\/section>\n","protected":false},"excerpt":{"rendered":"","protected":false},"author":11,"featured_media":0,"parent":0,"menu_order":0,"comment_status":"closed","ping_status":"closed","template":"","meta":{"_seopress_robots_primary_cat":"","_seopress_titles_title":"Eisen- und Stahlgie\u00dferei | Gie\u00dferei Dijkkamp","_seopress_titles_desc":"Gie\u00dferei f\u00fcr all Ihre Eisen- und Stahlgussteile. Wir liefern unbearbeitete Gussteile und vollst\u00e4ndige Endprodukte. Auch passgenau. Besuchen Sie unsere Website!","_seopress_robots_index":"","footnotes":""},"class_list":["post-4420","page","type-page","status-publish","hentry"],"_links":{"self":[{"href":"https:\/\/www.dijkkamp.nl\/de\/wp-json\/wp\/v2\/pages\/4420","targetHints":{"allow":["GET"]}}],"collection":[{"href":"https:\/\/www.dijkkamp.nl\/de\/wp-json\/wp\/v2\/pages"}],"about":[{"href":"https:\/\/www.dijkkamp.nl\/de\/wp-json\/wp\/v2\/types\/page"}],"author":[{"embeddable":true,"href":"https:\/\/www.dijkkamp.nl\/de\/wp-json\/wp\/v2\/users\/11"}],"replies":[{"embeddable":true,"href":"https:\/\/www.dijkkamp.nl\/de\/wp-json\/wp\/v2\/comments?post=4420"}],"version-history":[{"count":0,"href":"https:\/\/www.dijkkamp.nl\/de\/wp-json\/wp\/v2\/pages\/4420\/revisions"}],"wp:attachment":[{"href":"https:\/\/www.dijkkamp.nl\/de\/wp-json\/wp\/v2\/media?parent=4420"}],"curies":[{"name":"wp","href":"https:\/\/api.w.org\/{rel}","templated":true}]}}