{"id":17622,"date":"2025-01-23T09:59:56","date_gmt":"2025-01-23T08:59:56","guid":{"rendered":"https:\/\/www.dijkkamp.nl\/ba43\/"},"modified":"2025-01-23T16:57:20","modified_gmt":"2025-01-23T15:57:20","slug":"ba43","status":"publish","type":"page","link":"https:\/\/www.dijkkamp.nl\/de\/branchen\/baubranche-2\/balustern\/ba43\/","title":{"rendered":"BA43"},"content":{"rendered":"<section class=\"l-section wpb_row us_custom_a5c26bf8 height_auto\"><div class=\"l-section-overlay\" style=\"background:#efefef\"><\/div><div class=\"l-section-h i-cf\"><div class=\"g-cols vc_row via_flex valign_top type_default stacking_default\"><div class=\"vc_col-sm-12 wpb_column vc_column_container has_bg_color\"><div class=\"vc_column-inner us_custom_99b5c86f\"><div class=\"wpb_wrapper\"><div class=\"g-cols wpb_row via_flex valign_top type_boxes stacking_default\"><div class=\"vc_col-sm-2\/5 wpb_column vc_column_container has_bg_color\"><div class=\"vc_column-inner us_custom_20615fe5\"><div class=\"wpb_wrapper\"><div class=\"w-separator size_custom\" style=\"height:14px\"><\/div><div class=\"w-slider style_none fit_scaledown nav_dots count_2\"><div class=\"w-slider-h\"><div class=\"royalSlider\"><div class=\"rsContent\"><a class=\"rsImg\" data-rsw=\"1134\" data-rsh=\"1134\" href=\"https:\/\/www.dijkkamp.nl\/wp-content\/uploads\/2025\/01\/baluster_ba43_maatvoering.jpg\"><span data-alt=\"\"><\/span><\/a><\/div><div class=\"rsContent\"><a class=\"rsImg\" data-rsw=\"650\" data-rsh=\"650\" href=\"https:\/\/www.dijkkamp.nl\/wp-content\/uploads\/2025\/01\/baluster_ba43.jpg\"><span data-alt=\"\"><\/span><\/a><\/div><\/div><img decoding=\"async\" src=\"https:\/\/www.dijkkamp.nl\/wp-content\/uploads\/2025\/01\/baluster_ba43_maatvoering.jpg\" width=\"1134\" height=\"1134\" alt loading=\"lazy\"><\/div><div class=\"w-slider-json\" onclick='return {&quot;autoScaleSlider&quot;:true,&quot;addActiveClass&quot;:true,&quot;loop&quot;:true,&quot;fadeInLoadedSlide&quot;:false,&quot;slidesSpacing&quot;:0,&quot;imageScalePadding&quot;:0,&quot;numImagesToPreload&quot;:2,&quot;arrowsNav&quot;:true,&quot;arrowsNavAutoHide&quot;:true,&quot;transitionType&quot;:&quot;move&quot;,&quot;transitionSpeed&quot;:375,&quot;block&quot;:{&quot;moveEffect&quot;:&quot;none&quot;,&quot;speed&quot;:300},&quot;thumbs&quot;:{&quot;fitInViewport&quot;:false,&quot;firstMargin&quot;:false,&quot;spacing&quot;:4},&quot;controlNavigation&quot;:&quot;bullets&quot;,&quot;autoScaleSliderWidth&quot;:1134,&quot;autoScaleSliderHeight&quot;:1134}'><\/div><\/div><\/div><\/div><\/div><div class=\"vc_col-sm-3\/5 wpb_column vc_column_container BalusterInfo has_bg_color\"><div class=\"vc_column-inner us_custom_6cc35540\"><div class=\"wpb_wrapper\"><div class=\"wpb_text_column\"><div class=\"wpb_wrapper\"><table class=\"BalusterTitle\" style=\"width: 100%;\">\n<tbody>\n<tr>\n<th style=\"text-align: left;\">\n<h1>Baluster &#8211; BA43<\/h1>\n<\/th>\n<td style=\"text-align: right; line-height: 2.5rem; font-size: 22px;\"><a href=\"https:\/\/www.dijkkamp.nl\/de\/branchen\/baubranche-2\/balustern\/ba42\/\"><i class=\"fas fa-chevron-left\"><\/i>\u00a0<\/a>\u00a0<span style=\"font-size: 28px;\">|<\/span>\u00a0<a href=\"https:\/\/www.dijkkamp.nl\/de\/branchen\/baubranche-2\/balustern\/ba44\/\">\u00a0<i class=\"fas fa-chevron-right\"><\/i><\/a><\/td>\n<\/tr>\n<\/tbody>\n<\/table>\n<\/div><\/div><div class=\"wpb_text_column\"><div class=\"wpb_wrapper\"><div>\n<table class=\"BalusterTable\" width=\"100%\">\n<tbody>\n<tr>\n<th style=\"text-align: left;\">Material<\/th>\n<td>Gusseisen<\/td>\n<\/tr>\n<tr>\n<td colspan=\"4\">\n<div style=\"width: 100%; float: left;\">\n<hr \/>\n<\/div>\n<\/td>\n<\/tr>\n<tr>\n<th style=\"text-align: left;\">Gesamtl\u00e4nge<\/th>\n<td>1170 mm.<\/td>\n<\/tr>\n<tr>\n<td colspan=\"4\">\n<div style=\"width: 100%; float: left;\">\n<hr \/>\n<\/div>\n<\/td>\n<\/tr>\n<tr>\n<th style=\"text-align: left;\">sockelma\u00df<\/th>\n<td>150 x 150 mm.<\/td>\n<\/tr>\n<tr>\n<td colspan=\"4\">\n<div style=\"width: 100%; float: left;\">\n<hr \/>\n<\/div>\n<\/td>\n<\/tr>\n<tr>\n<th style=\"text-align: left;\">Loch oben<\/th>\n<td>\u00d8 50 mm.<\/td>\n<\/tr>\n<tr>\n<td colspan=\"4\">\n<div style=\"width: 100%; float: left;\">\n<hr \/>\n<\/div>\n<\/td>\n<\/tr>\n<tr>\n<th style=\"text-align: left;\">Loch unten<\/th>\n<td>\u00d8 45 mm.<\/td>\n<\/tr>\n<tr>\n<td colspan=\"4\">\n<div style=\"width: 100%; float: left;\">\n<hr \/>\n<\/div>\n<\/td>\n<\/tr>\n<tr>\n<th style=\"text-align: left;\">H\u00f6he loch oben<\/th>\n<td>985 mm.<\/td>\n<\/tr>\n<tr>\n<td colspan=\"4\">\n<div style=\"width: 100%; float: left;\">\n<hr \/>\n<\/div>\n<\/td>\n<\/tr>\n<tr>\n<th style=\"text-align: left;\">H\u00f6he loch unten<\/th>\n<td>485 mm.<\/td>\n<\/tr>\n<tr>\n<td colspan=\"4\">\n<div style=\"width: 100%; float: left;\">\n<hr \/>\n<\/div>\n<\/td>\n<\/tr>\n<tr>\n<th style=\"text-align: left;\">Gewindestange<\/th>\n<td>M24 x 145 mm.<\/td>\n<\/tr>\n<tr>\n<td colspan=\"4\">\n<div style=\"width: 100%; float: left;\">\n<hr \/>\n<\/div>\n<\/td>\n<\/tr>\n<\/tbody>\n<\/table>\n<\/div>\n<\/div><\/div><div class=\"wpb_text_column\"><div class=\"wpb_wrapper\"><h6 style=\"margin-bottom: 0px;\"><strong>Alternative<\/strong><\/h6>\n<div>\n<div>\n<table class=\"BalusterTable\" style=\"margin-top: 17px;\" width=\"100%\">\n<tbody>\n<tr>\n<th style=\"text-align: left;\">Ankerstange<\/th>\n<td>70\/80 x 120 mm.<\/td>\n<\/tr>\n<tr>\n<td colspan=\"4\">\n<div style=\"width: 100%; float: left;\">\n<hr \/>\n<\/div>\n<\/td>\n<\/tr>\n<\/tbody>\n<\/table>\n<\/div>\n<\/div>\n<\/div><\/div><div class=\"w-btn-wrapper align_none\"><a class=\"w-btn us-btn-style_1 us_custom_f73f4019\" target=\"_blank\" rel=\"nofollow\" title=\"Download .pdf-Datei\" href=\"\/wp-content\/uploads\/2025\/01\/baluster_ba43_de.pdf\"><span class=\"w-btn-label\">Download PDF<\/span><\/a><\/div><\/div><\/div><\/div><\/div><\/div><\/div><\/div><\/div><\/div><\/section><section class=\"l-section wpb_row height_medium\"><div class=\"l-section-overlay\" style=\"background:#efefef\"><\/div><div class=\"l-section-h i-cf\"><div class=\"g-cols vc_row via_flex valign_top type_default stacking_default\"><div class=\"vc_col-sm-12 wpb_column vc_column_container\"><div class=\"vc_column-inner\"><div class=\"wpb_wrapper\"><div class=\"wpb_text_column us_custom_33c3a0a5\"><div class=\"wpb_wrapper\"><h2 style=\"text-align: center;\"><span style=\"color: #303030;\">WIR WERDEN IHNEN GERNE WEITER HELFEN<\/span><\/h2>\n<p style=\"text-align: center;\"><span style=\"color: #303030;\">Diese Website verschafft Ihnen einen ersten \u2013 hoffentlich guten \u2013 Eindruck von unserem Familienbetrieb und unseren Produkten.<\/span><br \/>\n<span style=\"color: #303030;\">Eine detaillierte Einf\u00fchrung oder spezifische Informationen wenden Sie sich an uns.<\/span><\/p>\n<\/div><\/div><\/div><\/div><\/div><\/div><\/div><\/section><section class=\"l-section wpb_row height_medium with_img\"><div class=\"l-section-img\" role=\"img\" aria-label=\"Bild\" data-img-width=\"1700\" data-img-height=\"471\" style=\"background-image: url(https:\/\/www.dijkkamp.nl\/wp-content\/uploads\/2015\/06\/Gieterij-Dijkkamp_Slide-1.jpeg);background-repeat: no-repeat;\"><\/div><div class=\"l-section-overlay\" style=\"background:rgba(48,48,48,0.55)\"><\/div><div class=\"l-section-h i-cf\"><div class=\"g-cols vc_row via_flex valign_top type_default stacking_default\"><div class=\"vc_col-sm-12 wpb_column vc_column_container\"><div class=\"vc_column-inner\"><div class=\"wpb_wrapper\"><div class=\"g-cols wpb_row via_flex valign_top type_boxes stacking_default\"><div class=\"vc_col-sm-6 wpb_column vc_column_container has_bg_color\"><div class=\"vc_column-inner us_custom_6f17d6a3\"><div class=\"wpb_wrapper\"><div class=\"wpb_text_column\"><div class=\"wpb_wrapper\"><h3>Haben sie eine Frage?<\/h3>\n<p>Auf unserer Website k\u00f6nnen wir nat\u00fcrlich nicht alle \u201eGeheimrezepte\u201c verraten, Sie k\u00f6nnen uns jedoch unten stehend (oder pers\u00f6nlich) alle Fragen stellen, die Sie m\u00f6chten.<\/p>\n<\/div><\/div><div class=\"w-btn-wrapper align_none\"><a class=\"w-btn us-btn-style_7\" title=\"kontaktieren Sie uns\" href=\"https:\/\/www.dijkkamp.nl\/de\/kontakt\/\"><span class=\"w-btn-label\">Kontakt<\/span><\/a><\/div><\/div><\/div><\/div><div class=\"vc_col-sm-6 wpb_column vc_column_container has_bg_color\"><div class=\"vc_column-inner us_custom_ae00dbaa\"><div class=\"wpb_wrapper\"><div class=\"wpb_text_column\"><div class=\"wpb_wrapper\"><h3>ANGEBOT ANFORDEN?<\/h3>\n<p>Wissen Sie genau, was Sie brauchen? Dann gehen Sie direkt zu unserer Angebotsseite und f\u00fcllen Sie das vollst\u00e4ndige Formular aus. Sie erhalten dann kurzfristig ein passendes Angebot von uns.<\/p>\n<\/div><\/div><div class=\"w-btn-wrapper align_none\"><a class=\"w-btn us-btn-style_7\" title=\" Fordern sofort ein Angebot an\" href=\"https:\/\/www.dijkkamp.nl\/de\/angebot\/\"><span class=\"w-btn-label\">Angebot<\/span><\/a><\/div><\/div><\/div><\/div><\/div><\/div><\/div><\/div><\/div><\/div><\/section>\n","protected":false},"excerpt":{"rendered":"Baluster &#8211; BA43 \u00a0\u00a0|\u00a0\u00a0 Material Gusseisen Gesamtl\u00e4nge 1170 mm. sockelma\u00df 150 x 150 mm. Loch oben \u00d8 50 mm. Loch unten \u00d8 45 mm. H\u00f6he loch oben 985 mm. H\u00f6he loch unten 485 mm. Gewindestange M24 x 145 mm. Alternative Ankerstange 70\/80 x 120 mm. Download PDFWIR WERDEN IHNEN GERNE WEITER HELFEN Diese Website verschafft...","protected":false},"author":11,"featured_media":0,"parent":4436,"menu_order":0,"comment_status":"closed","ping_status":"closed","template":"","meta":{"_seopress_robots_primary_cat":"","_seopress_titles_title":"","_seopress_titles_desc":"","_seopress_robots_index":"","footnotes":""},"class_list":["post-17622","page","type-page","status-publish","hentry"],"_links":{"self":[{"href":"https:\/\/www.dijkkamp.nl\/de\/wp-json\/wp\/v2\/pages\/17622","targetHints":{"allow":["GET"]}}],"collection":[{"href":"https:\/\/www.dijkkamp.nl\/de\/wp-json\/wp\/v2\/pages"}],"about":[{"href":"https:\/\/www.dijkkamp.nl\/de\/wp-json\/wp\/v2\/types\/page"}],"author":[{"embeddable":true,"href":"https:\/\/www.dijkkamp.nl\/de\/wp-json\/wp\/v2\/users\/11"}],"replies":[{"embeddable":true,"href":"https:\/\/www.dijkkamp.nl\/de\/wp-json\/wp\/v2\/comments?post=17622"}],"version-history":[{"count":0,"href":"https:\/\/www.dijkkamp.nl\/de\/wp-json\/wp\/v2\/pages\/17622\/revisions"}],"up":[{"embeddable":true,"href":"https:\/\/www.dijkkamp.nl\/de\/wp-json\/wp\/v2\/pages\/4436"}],"wp:attachment":[{"href":"https:\/\/www.dijkkamp.nl\/de\/wp-json\/wp\/v2\/media?parent=17622"}],"curies":[{"name":"wp","href":"https:\/\/api.w.org\/{rel}","templated":true}]}}