{"id":13927,"date":"2020-10-08T09:30:08","date_gmt":"2020-10-08T08:30:08","guid":{"rendered":"https:\/\/dijkkamp.questo.nl\/ba13\/"},"modified":"2022-06-28T13:47:44","modified_gmt":"2022-06-28T12:47:44","slug":"ba13","status":"publish","type":"page","link":"https:\/\/www.dijkkamp.nl\/de\/branchen\/baubranche-2\/balustern\/ba13\/","title":{"rendered":"BA13"},"content":{"rendered":"<section class=\"l-section wpb_row us_custom_a5c26bf8 height_auto\"><div class=\"l-section-overlay\" style=\"background:#efefef\"><\/div><div class=\"l-section-h i-cf\"><div class=\"g-cols vc_row via_flex valign_top type_default stacking_default\"><div class=\"vc_col-sm-12 wpb_column vc_column_container has_bg_color\"><div class=\"vc_column-inner us_custom_99b5c86f\"><div class=\"wpb_wrapper\"><div class=\"g-cols wpb_row via_flex valign_top type_boxes stacking_default\"><div class=\"vc_col-sm-2\/5 wpb_column vc_column_container has_bg_color\"><div class=\"vc_column-inner us_custom_20615fe5\"><div class=\"wpb_wrapper\"><div class=\"w-separator size_custom\" style=\"height:14px\"><\/div><div class=\"w-slider style_none fit_scaledown nav_dots count_2\"><div class=\"w-slider-h\"><div class=\"royalSlider\"><div class=\"rsContent\"><a class=\"rsImg\" data-rsw=\"1134\" data-rsh=\"1134\" href=\"https:\/\/www.dijkkamp.nl\/wp-content\/uploads\/2020\/01\/Baluster_BA13_Maatvoering.jpg\"><span data-alt=\"\"><\/span><\/a><\/div><div class=\"rsContent\"><a class=\"rsImg\" data-rsw=\"650\" data-rsh=\"650\" href=\"https:\/\/www.dijkkamp.nl\/wp-content\/uploads\/2019\/12\/Baluster_BA13-3.jpg\"><span data-alt=\"\"><\/span><\/a><\/div><\/div><img decoding=\"async\" src=\"https:\/\/www.dijkkamp.nl\/wp-content\/uploads\/2020\/01\/Baluster_BA13_Maatvoering.jpg\" width=\"1134\" height=\"1134\" alt loading=\"lazy\"><\/div><div class=\"w-slider-json\" onclick='return {&quot;autoScaleSlider&quot;:true,&quot;addActiveClass&quot;:true,&quot;loop&quot;:true,&quot;fadeInLoadedSlide&quot;:false,&quot;slidesSpacing&quot;:0,&quot;imageScalePadding&quot;:0,&quot;numImagesToPreload&quot;:2,&quot;arrowsNav&quot;:true,&quot;arrowsNavAutoHide&quot;:true,&quot;transitionType&quot;:&quot;move&quot;,&quot;transitionSpeed&quot;:375,&quot;block&quot;:{&quot;moveEffect&quot;:&quot;none&quot;,&quot;speed&quot;:300},&quot;thumbs&quot;:{&quot;fitInViewport&quot;:false,&quot;firstMargin&quot;:false,&quot;spacing&quot;:4},&quot;controlNavigation&quot;:&quot;bullets&quot;,&quot;autoScaleSliderWidth&quot;:1134,&quot;autoScaleSliderHeight&quot;:1134}'><\/div><\/div><\/div><\/div><\/div><div class=\"vc_col-sm-3\/5 wpb_column vc_column_container BalusterInfo has_bg_color\"><div class=\"vc_column-inner us_custom_6cc35540\"><div class=\"wpb_wrapper\"><div class=\"wpb_text_column\"><div class=\"wpb_wrapper\"><table class=\"BalusterTitle\" style=\"width: 100%;\">\n<tbody>\n<tr>\n<th style=\"text-align: left;\">\n<h2>Baluster &#8211; BA13<\/h2>\n<\/th>\n<td style=\"text-align: right; line-height: 2.5rem; font-size: 22px;\"><a href=\"\/de\/branchen\/baubranche-2\/balustern\/ba12\/\"><i class=\"fas fa-chevron-left\"><\/i>\u00a0<\/a>\u00a0<span style=\"font-size: 28px;\">|<\/span>\u00a0<a href=\"\/de\/branchen\/baubranche-2\/balustern\/ba14\/\">\u00a0<i class=\"fas fa-chevron-right\"><\/i><\/a><\/td>\n<\/tr>\n<\/tbody>\n<\/table>\n<\/div><\/div><div class=\"wpb_text_column\"><div class=\"wpb_wrapper\"><div>\n<table class=\"BalusterTable\" width=\"100%\">\n<tbody>\n<tr>\n<th style=\"text-align: left;\">Material<\/th>\n<td>Gusseisen<\/td>\n<\/tr>\n<tr>\n<td colspan=\"4\">\n<div style=\"width: 100%; float: left;\">\n<hr \/>\n<\/div>\n<\/td>\n<\/tr>\n<tr>\n<th style=\"text-align: left;\">Gesamtl\u00e4nge<\/th>\n<td>1065 mm.<\/td>\n<\/tr>\n<tr>\n<td colspan=\"4\">\n<div style=\"width: 100%; float: left;\">\n<hr \/>\n<\/div>\n<\/td>\n<\/tr>\n<tr>\n<th style=\"text-align: left;\">Sockelma\u00df<\/th>\n<td>155 x 155 mm.<\/td>\n<\/tr>\n<tr>\n<td colspan=\"4\">\n<div style=\"width: 100%; float: left;\">\n<hr \/>\n<\/div>\n<\/td>\n<\/tr>\n<tr>\n<th style=\"text-align: left;\">Loch oben<\/th>\n<td>\u00d8 50 mm.<\/td>\n<\/tr>\n<tr>\n<td colspan=\"4\">\n<div style=\"width: 100%; float: left;\">\n<hr \/>\n<\/div>\n<\/td>\n<\/tr>\n<tr>\n<th style=\"text-align: left;\">Loch unten<\/th>\n<td>\u00d8 44 mm.<\/td>\n<\/tr>\n<tr>\n<td colspan=\"4\">\n<div style=\"width: 100%; float: left;\">\n<hr \/>\n<\/div>\n<\/td>\n<\/tr>\n<tr>\n<th style=\"text-align: left;\">H\u00f6he Loch oben<\/th>\n<td>885 mm.<\/td>\n<\/tr>\n<tr>\n<td colspan=\"4\">\n<div style=\"width: 100%; float: left;\">\n<hr \/>\n<\/div>\n<\/td>\n<\/tr>\n<tr>\n<th style=\"text-align: left;\">H\u00f6he Loch unten<\/th>\n<td>433 mm.<\/td>\n<\/tr>\n<tr>\n<td colspan=\"4\">\n<div style=\"width: 100%; float: left;\">\n<hr \/>\n<\/div>\n<\/td>\n<\/tr>\n<tr>\n<th style=\"text-align: left;\">Gewindestange<\/th>\n<td>M24 x 145 mm.<\/td>\n<\/tr>\n<tr>\n<td colspan=\"4\">\n<div style=\"width: 100%; float: left;\">\n<hr \/>\n<\/div>\n<\/td>\n<\/tr>\n<\/tbody>\n<\/table>\n<\/div>\n<\/div><\/div><div class=\"wpb_text_column\"><div class=\"wpb_wrapper\"><h6 style=\"margin-bottom: 0px;\"><strong>Alternative<\/strong><\/h6>\n<div>\n<div>\n<table class=\"BalusterTable\" style=\"margin-top: 17px;\" width=\"100%\">\n<tbody>\n<tr>\n<th style=\"text-align: left;\">Ankerstange<\/th>\n<td>70\/80 x 120 mm.<\/td>\n<\/tr>\n<tr>\n<td colspan=\"4\">\n<div style=\"width: 100%; float: left;\">\n<hr \/>\n<\/div>\n<\/td>\n<\/tr>\n<\/tbody>\n<\/table>\n<\/div>\n<\/div>\n<\/div><\/div><div class=\"w-btn-wrapper align_none\"><a class=\"w-btn us-btn-style_1 us_custom_f73f4019\" title=\"Download PDF\" target=\"_blank\" rel=\"nofollow\" href=\"\/wp-content\/uploads\/2020\/10\/Baluster_BA13_DE.pdf\"><span class=\"w-btn-label\">Download PDF<\/span><\/a><\/div><\/div><\/div><\/div><\/div><\/div><\/div><\/div><\/div><\/div><\/section><section class=\"l-section wpb_row height_medium\"><div class=\"l-section-overlay\" style=\"background:#efefef\"><\/div><div class=\"l-section-h i-cf\"><div class=\"g-cols vc_row via_flex valign_top type_default stacking_default\"><div class=\"vc_col-sm-12 wpb_column vc_column_container\"><div class=\"vc_column-inner\"><div class=\"wpb_wrapper\"><div class=\"wpb_text_column us_custom_33c3a0a5\"><div class=\"wpb_wrapper\"><h2 style=\"text-align: center;\"><span style=\"color: #303030;\">WIR WERDEN IHNEN GERNE HELFEN<\/span><\/h2>\n<p style=\"text-align: center;\"><span style=\"color: #303030;\">Diese Website verschafft Ihnen einen ersten Eindruck von unserem Familienbetrieb und unseren Produkten.<\/span><br \/>\n<span style=\"color: #303030;\">Aber nat\u00fcrlich gibt es noch viel mehr zu erz\u00e4hlen. Wir helfen Ihnen gerne weiter!<\/span><\/p>\n<\/div><\/div><\/div><\/div><\/div><\/div><\/div><\/section><section class=\"l-section wpb_row height_medium with_img\"><div class=\"l-section-img\" role=\"img\" aria-label=\"Bild\" data-img-width=\"1700\" data-img-height=\"471\" style=\"background-image: url(https:\/\/www.dijkkamp.nl\/wp-content\/uploads\/2015\/06\/Gieterij-Dijkkamp_Slide-1.jpeg);background-repeat: no-repeat;\"><\/div><div class=\"l-section-overlay\" style=\"background:rgba(48,48,48,0.55)\"><\/div><div class=\"l-section-h i-cf\"><div class=\"g-cols vc_row via_flex valign_top type_default stacking_default\"><div class=\"vc_col-sm-12 wpb_column vc_column_container\"><div class=\"vc_column-inner\"><div class=\"wpb_wrapper\"><div class=\"g-cols wpb_row via_flex valign_top type_boxes stacking_default\"><div class=\"vc_col-sm-6 wpb_column vc_column_container has_bg_color\"><div class=\"vc_column-inner us_custom_6f17d6a3\"><div class=\"wpb_wrapper\"><div class=\"wpb_text_column\"><div class=\"wpb_wrapper\"><h3>HABEN SIE FRAGEN?<\/h3>\n<p>Auf unserer Website k\u00f6nnen wir nat\u00fcrlich nicht alle \u2018Geheimrezepte\u2019 verraten, Sie k\u00f6nnen uns jedoch unten stehend (oder pers\u00f6nlich) alle Fragen stellen, die Sie m\u00f6chten.<\/p>\n<\/div><\/div><div class=\"w-btn-wrapper align_none\"><a class=\"w-btn us-btn-style_7\" title=\"Kontaktieren Sie uns\" href=\"\/de\/kontakt\/\"><span class=\"w-btn-label\">Kontakt<\/span><\/a><\/div><\/div><\/div><\/div><div class=\"vc_col-sm-6 wpb_column vc_column_container has_bg_color\"><div class=\"vc_column-inner us_custom_ae00dbaa\"><div class=\"wpb_wrapper\"><div class=\"wpb_text_column\"><div class=\"wpb_wrapper\"><h3>ANGEBOT ANFORDERN?<\/h3>\n<p>Wissen Sie genau, was Sie brauchen? Dann gehen Sie direkt zu unserer Angebotsseite und f\u00fcllen Sie das vollst\u00e4ndige Formular aus. Sie erhalten dann kurzfristig ein passendes Angebot von uns.<\/p>\n<\/div><\/div><div class=\"w-btn-wrapper align_none\"><a class=\"w-btn us-btn-style_7\" title=\"Fordern Sie sofort ein Angebot an\" href=\"\/de\/angebot\/\"><span class=\"w-btn-label\">Angebot anfordern<\/span><\/a><\/div><\/div><\/div><\/div><\/div><\/div><\/div><\/div><\/div><\/div><\/section>\n","protected":false},"excerpt":{"rendered":"Baluster &#8211; BA13 \u00a0\u00a0|\u00a0\u00a0 Material Gusseisen Gesamtl\u00e4nge 1065 mm. Sockelma\u00df 155 x 155 mm. Loch oben \u00d8 50 mm. Loch unten \u00d8 44 mm. H\u00f6he Loch oben 885 mm. H\u00f6he Loch unten 433 mm. Gewindestange M24 x 145 mm. Alternative Ankerstange 70\/80 x 120 mm. Download PDFWIR WERDEN IHNEN GERNE HELFEN Diese Website verschafft Ihnen...","protected":false},"author":11,"featured_media":0,"parent":4436,"menu_order":0,"comment_status":"closed","ping_status":"closed","template":"","meta":{"_seopress_robots_primary_cat":"","_seopress_titles_title":"","_seopress_titles_desc":"","_seopress_robots_index":"","footnotes":""},"class_list":["post-13927","page","type-page","status-publish","hentry"],"_links":{"self":[{"href":"https:\/\/www.dijkkamp.nl\/de\/wp-json\/wp\/v2\/pages\/13927","targetHints":{"allow":["GET"]}}],"collection":[{"href":"https:\/\/www.dijkkamp.nl\/de\/wp-json\/wp\/v2\/pages"}],"about":[{"href":"https:\/\/www.dijkkamp.nl\/de\/wp-json\/wp\/v2\/types\/page"}],"author":[{"embeddable":true,"href":"https:\/\/www.dijkkamp.nl\/de\/wp-json\/wp\/v2\/users\/11"}],"replies":[{"embeddable":true,"href":"https:\/\/www.dijkkamp.nl\/de\/wp-json\/wp\/v2\/comments?post=13927"}],"version-history":[{"count":0,"href":"https:\/\/www.dijkkamp.nl\/de\/wp-json\/wp\/v2\/pages\/13927\/revisions"}],"up":[{"embeddable":true,"href":"https:\/\/www.dijkkamp.nl\/de\/wp-json\/wp\/v2\/pages\/4436"}],"wp:attachment":[{"href":"https:\/\/www.dijkkamp.nl\/de\/wp-json\/wp\/v2\/media?parent=13927"}],"curies":[{"name":"wp","href":"https:\/\/api.w.org\/{rel}","templated":true}]}}